{"id":98,"date":"2023-01-18T15:51:54","date_gmt":"2023-01-18T13:51:54","guid":{"rendered":"https:\/\/turunurheiluliitto.fi\/yleisurheilu\/?page_id=98"},"modified":"2023-11-03T08:36:46","modified_gmt":"2023-11-03T06:36:46","slug":"ohjeita-kilpailuihin","status":"publish","type":"page","link":"https:\/\/turunurheiluliitto.fi\/yleisurheilu\/nuorisourheilu\/ohjeita-kilpailuihin","title":{"rendered":"Ohjeita kilpailuihin"},"content":{"rendered":"[vc_row type=&#8221;full_width_background&#8221; full_screen_row_position=&#8221;middle&#8221; column_margin=&#8221;default&#8221; column_direction=&#8221;default&#8221; column_direction_tablet=&#8221;default&#8221; column_direction_phone=&#8221;default&#8221; bg_image=&#8221;82&#8243; bg_position=&#8221;center center&#8221; background_image_loading=&#8221;default&#8221; bg_repeat=&#8221;no-repeat&#8221; scene_position=&#8221;center&#8221; top_padding=&#8221;14%&#8221; bottom_padding=&#8221;9%&#8221; text_color=&#8221;dark&#8221; text_align=&#8221;left&#8221; row_border_radius=&#8221;none&#8221; row_border_radius_applies=&#8221;bg&#8221; overflow=&#8221;visible&#8221; enable_gradient=&#8221;true&#8221; color_overlay=&#8221;#000000&#8243; overlay_strength=&#8221;0.8&#8243; gradient_direction=&#8221;left_to_right&#8221; shape_divider_position=&#8221;bottom&#8221; bg_image_animation=&#8221;none&#8221; gradient_type=&#8221;default&#8221; shape_type=&#8221;&#8221;][vc_column column_padding=&#8221;no-extra-padding&#8221; column_padding_tablet=&#8221;inherit&#8221; column_padding_phone=&#8221;inherit&#8221; column_padding_position=&#8221;all&#8221; column_element_direction_desktop=&#8221;default&#8221; column_element_spacing=&#8221;default&#8221; desktop_text_alignment=&#8221;default&#8221; tablet_text_alignment=&#8221;default&#8221; phone_text_alignment=&#8221;default&#8221; background_color_opacity=&#8221;1&#8243; background_hover_color_opacity=&#8221;1&#8243; column_backdrop_filter=&#8221;none&#8221; column_shadow=&#8221;none&#8221; column_border_radius=&#8221;none&#8221; column_link_target=&#8221;_self&#8221; column_position=&#8221;default&#8221; gradient_direction=&#8221;left_to_right&#8221; overlay_strength=&#8221;0.3&#8243; width=&#8221;1\/1&#8243; tablet_width_inherit=&#8221;default&#8221; animation_type=&#8221;default&#8221; bg_image_animation=&#8221;none&#8221; border_type=&#8221;simple&#8221; column_border_width=&#8221;none&#8221; column_border_style=&#8221;solid&#8221;][vc_custom_heading text=&#8221;Ohjeita kilpailuihin&#8221; font_container=&#8221;tag:h1|text_align:left|color:%23ffffff&#8221; use_theme_fonts=&#8221;yes&#8221;][\/vc_column][\/vc_row][vc_row type=&#8221;full_width_background&#8221; full_screen_row_position=&#8221;middle&#8221; column_margin=&#8221;default&#8221; equal_height=&#8221;yes&#8221; content_placement=&#8221;middle&#8221; column_direction=&#8221;default&#8221; column_direction_tablet=&#8221;default&#8221; column_direction_phone=&#8221;default&#8221; bg_color=&#8221;#ffffff&#8221; scene_position=&#8221;center&#8221; top_padding=&#8221;6%&#8221; constrain_group_1=&#8221;yes&#8221; bottom_padding=&#8221;6%&#8221; constrain_group_2=&#8221;yes&#8221; left_padding_tablet=&#8221;1%&#8221; constrain_group_4=&#8221;yes&#8221; right_padding_tablet=&#8221;1%&#8221; top_padding_phone=&#8221;10%&#8221; constrain_group_5=&#8221;yes&#8221; bottom_padding_phone=&#8221;10%&#8221; constrain_group_6=&#8221;yes&#8221; text_color=&#8221;dark&#8221; text_align=&#8221;left&#8221; row_border_radius=&#8221;none&#8221; row_border_radius_applies=&#8221;bg&#8221; zindex=&#8221;10&#8243; overflow=&#8221;visible&#8221; id=&#8221;info&#8221; advanced_gradient_angle=&#8221;0&#8243; overlay_strength=&#8221;0.8&#8243; gradient_direction=&#8221;left_to_right&#8221; shape_divider_position=&#8221;bottom&#8221; bg_image_animation=&#8221;none&#8221; parallax_bg=&#8221;true&#8221; parallax_bg_speed=&#8221;fast&#8221; shape_type=&#8221;&#8221; gradient_type=&#8221;default&#8221;][vc_column column_padding=&#8221;no-extra-padding&#8221; column_padding_tablet=&#8221;inherit&#8221; column_padding_phone=&#8221;inherit&#8221; column_padding_position=&#8221;right&#8221; column_element_direction_desktop=&#8221;default&#8221; column_element_spacing=&#8221;default&#8221; desktop_text_alignment=&#8221;default&#8221; tablet_text_alignment=&#8221;default&#8221; phone_text_alignment=&#8221;default&#8221; background_color_opacity=&#8221;1&#8243; background_hover_color_opacity=&#8221;1&#8243; column_backdrop_filter=&#8221;none&#8221; column_shadow=&#8221;none&#8221; column_border_radius=&#8221;none&#8221; column_link_target=&#8221;_self&#8221; column_position=&#8221;default&#8221; advanced_gradient_angle=&#8221;0&#8243; gradient_direction=&#8221;left_to_right&#8221; overlay_strength=&#8221;0.3&#8243; width=&#8221;1\/1&#8243; tablet_width_inherit=&#8221;default&#8221; animation_type=&#8221;default&#8221; bg_image_animation=&#8221;none&#8221; border_type=&#8221;simple&#8221; column_border_width=&#8221;none&#8221; column_border_style=&#8221;solid&#8221; gradient_type=&#8221;default&#8221;][vc_row_inner column_margin=&#8221;default&#8221; column_direction=&#8221;default&#8221; column_direction_tablet=&#8221;default&#8221; column_direction_phone=&#8221;default&#8221; bottom_padding=&#8221;3%&#8221; text_align=&#8221;left&#8221; row_position=&#8221;default&#8221; row_position_tablet=&#8221;inherit&#8221; row_position_phone=&#8221;inherit&#8221; overflow=&#8221;visible&#8221; pointer_events=&#8221;all&#8221;][vc_column_inner column_padding=&#8221;no-extra-padding&#8221; column_padding_tablet=&#8221;inherit&#8221; column_padding_phone=&#8221;inherit&#8221; column_padding_position=&#8221;all&#8221; column_element_direction_desktop=&#8221;default&#8221; column_element_spacing=&#8221;default&#8221; centered_text=&#8221;true&#8221; desktop_text_alignment=&#8221;default&#8221; tablet_text_alignment=&#8221;default&#8221; phone_text_alignment=&#8221;default&#8221; background_color_opacity=&#8221;1&#8243; background_hover_color_opacity=&#8221;1&#8243; column_backdrop_filter=&#8221;none&#8221; column_shadow=&#8221;none&#8221; column_border_radius=&#8221;none&#8221; column_link_target=&#8221;_self&#8221; overflow=&#8221;visible&#8221; advanced_gradient_angle=&#8221;0&#8243; gradient_direction=&#8221;left_to_right&#8221; overlay_strength=&#8221;0.3&#8243; width=&#8221;1\/1&#8243; tablet_width_inherit=&#8221;default&#8221; animation_type=&#8221;default&#8221; bg_image_animation=&#8221;none&#8221; border_type=&#8221;simple&#8221; column_border_width=&#8221;none&#8221; column_border_style=&#8221;solid&#8221; gradient_type=&#8221;default&#8221;][vc_custom_heading text=&#8221;T\u00e4\u00e4lt\u00e4 l\u00f6yd\u00e4t ohjeita kilpailuihin ilmoittautumiseen sek\u00e4 kilpailuissa toimimiseen.&#8221; font_container=&#8221;tag:h3|text_align:left&#8221;][\/vc_column_inner][\/vc_row_inner][toggles style=&#8221;minimal_shadow&#8221; accordion=&#8221;true&#8221; accordion_starting_functionality=&#8221;closed&#8221; border_radius=&#8221;none&#8221;][toggle color=&#8221;Default&#8221; heading_tag=&#8221;h3&#8243; heading_tag_functionality=&#8221;default&#8221; title=&#8221;Miten ilmoittaudun kilpailuihin?&#8221;][vc_column_text]Kaikkiin virallisiin kilpailuihin ilmoittaudutaan <a href=\"http:\/\/www.kilpailukalenteri.fi\/\" target=\"_blank\" rel=\"noopener\">kilpailukalenterin<\/a> kautta.<\/p>\n<p>Sopivaa kilpailua voi etsi\u00e4 selaamalla kalenteria tai hakea kilpailua vaikkapa tietylt\u00e4 alueelta esimerkiksi seuraavalla tavalla:<\/p>\n<ul>\n<li>Haku, vihre\u00e4 vasen reuna<\/li>\n<li>Kohtaan &#8221;Piiri&#8221;, valitse Varsinais-Suomi<\/li>\n<li>Hae<\/li>\n<\/ul>\n<p>Kun sopiva kilpailu on l\u00f6ytynyt, siihen ilmoittaudutaan seuraavalla tavalla:<\/p>\n<ul>\n<li>Valitse kilpailu<\/li>\n<li>Mene kohtaan &#8221;Ilmoittaudu kilpailuun&#8221;<\/li>\n<li>Valitse sukupuoli<\/li>\n<li>Valitse seura<\/li>\n<li>Valitse ik\u00e4luokka<\/li>\n<li>Hae<\/li>\n<li>Valitse oma nimi<\/li>\n<li>Jatka<\/li>\n<li>Valitse laji<\/li>\n<li>Jatka<\/li>\n<li>PB\/SB t\u00e4ytet\u00e4\u00e4n, jos virheellinen tulos<\/li>\n<li>T\u00e4yt\u00e4 s\u00e4hk\u00f6postiosoitteesi, jotta saat s\u00e4hk\u00f6postiisi varmistuksen<\/li>\n<li>Jatka<\/li>\n<li>Osallistuminen on nyt kirjattu (se on kuitenkin viel\u00e4 varmistettava kilpailupaikalla, katso varmistusaika kilpailutiedoista)<\/li>\n<\/ul>\n[\/vc_column_text][\/toggle][toggle color=&#8221;Default&#8221; heading_tag=&#8221;h3&#8243; heading_tag_functionality=&#8221;default&#8221; title=&#8221;Ohje verkkovarmistamiseen&#8221;][vc_column_text]Jos kilpailuissa on k\u00e4yt\u00f6ss\u00e4 verkkovarmistaminen, varmistus tehd\u00e4\u00e4n osoitteessa <a href=\"https:\/\/www.tuloslista.com\/varmistus\/\" target=\"_blank\" rel=\"noopener\">https:\/\/www.tuloslista.com\/varmistus\/<\/a><\/p>\n<ol>\n<li>Valitse sivulta ensimm\u00e4iseksi kilpailu ja sen j\u00e4lkeen oma seurasi.<\/li>\n<li>Seuran valinnan j\u00e4lkeen sinulta pyydet\u00e4\u00e4n varmistuskoodi. Varmistuskoodin on seurakohtainen ja vaihtuu jokaiseen kilpailuun. Saat varmistuskoodin kilpailun j\u00e4rjest\u00e4j\u00e4lt\u00e4. Koodi l\u00f6ytyy my\u00f6s kilpailukalteri.fi:st\u00e4 kyseisen kilpailun kohdalta.<\/li>\n<li>Kun olet sy\u00f6tt\u00e4nyt koodin, saat listan seurasi urheilijoista, heid\u00e4n ilmoittautumisistaan ja varmistustilanteestaan. Hae listalta tiedot ja tee haluamasi valinnat.<\/li>\n<li>Mene sivun alareunaan ja t\u00e4yt\u00e4 omat tietosi ja klikkaa &#8221;muutosten esikatselu&#8221;. Tarkista esikatselussa tietojen oikeellisuus ja tallenna varmistus.<\/li>\n<li>Saat onnistuneesta varmistuksesta kuittauksen antamaasi s\u00e4hk\u00f6postiosoitteeseen. Voit tarkastaa varmistuksen onnistumisen katsomalla Livest\u00e4 tai kirjautumalla seurasi tietoihin uudestaan.<\/li>\n<\/ol>\n<p>Jos varmistus ei mene syyst\u00e4 tai toisesta l\u00e4pi, ota yhteytt\u00e4 kilpailua j\u00e4rjest\u00e4v\u00e4\u00e4n seuraan ja sovi varmistamisesta heid\u00e4n kanssaan.<\/p>\n<p>Jos varmistus meni l\u00e4pi, mutta et saa kuittausta s\u00e4hk\u00f6postiisi, katso s\u00e4hk\u00f6postisi roskaposti-kansio.<\/p>\n<p>Kilpailujen tuloksia voi seurata osoitteesta <a href=\"https:\/\/live.tuloslista.com\" target=\"_blank\" rel=\"noopener\">https:\/\/live.tuloslista.com<\/a>[\/vc_column_text][\/toggle][toggle color=&#8221;Default&#8221; heading_tag=&#8221;h3&#8243; heading_tag_functionality=&#8221;default&#8221; title=&#8221;Miten toimin kilpailupaikalla?&#8221;][vc_column_text]1. Saavu ajoissa paikalle, noin 1 h ennen oman lajisi alkua<\/p>\n<p>2. Varmista osanottosi kilpailukansliassa (tai netiss\u00e4 jos kilpailuissa on k\u00e4yt\u00f6ss\u00e4\u00a0verkkovarmistaminen)<\/p>\n<p>3. Tarkista kilpailun aikataulu<\/p>\n<p>4. Aloita l\u00e4mmittely noin 50 min ennen oman lajisi alkua<\/p>\n<p>5. Mene suorituspaikalle ajoissa. Varaa aikaa askelmerkkien ottamiseen hyppy- ja heittolajeissa.<\/p>\n<p>6. Palkinnot jaetaan mahdollisimman pian kilpailusuorituksen j\u00e4lkeen.<\/p>\n<p>7. K\u00e4yt\u00e4th\u00e4n kilpailuissa mahdollisuuksien mukaan seura-asuja.<\/p>\n<p>N\u00e4m\u00e4 ovat perusohjeet, mutta jos sinulla on jokin ongelma, tule rohkeasti kysym\u00e4\u00e4n valmentajilta apua. Jos oma valmentajasi ei ole paikalla, apua voi kysy\u00e4 kaikilta Turun Urheiluliiton valmentajilta.<\/p>\n<p><strong>Tsemppi\u00e4 ja iloista mielt\u00e4 kilpailuihin!<\/strong>[\/vc_column_text][\/toggle][toggle color=&#8221;Default&#8221; heading_tag=&#8221;h3&#8243; heading_tag_functionality=&#8221;default&#8221; title=&#8221;Usein kysyttyj\u00e4 kysymyksi\u00e4 kilpailuista&#8221;][vc_column_text]\n<ul>\n<li>Kuka ilmoittaa kilpailuihin?<\/li>\n<li>Kuka maksaa ilmoittautumisen?<\/li>\n<li>Kuka valitsee, kuka kilpailee miss\u00e4kin lajissa?<\/li>\n<li>Kuka varmistaa kilpailupaikalla?<\/li>\n<\/ul>\n<p>T\u00e4rkeit\u00e4 kilpailuja ovat pm-kilpailut, seuran edustusteht\u00e4v\u00e4t, seuran oma maastosarja ja Tilastopajacup-kilpailut. Kaikki kilpailut l\u00f6ytyv\u00e4t <strong><a href=\"https:\/\/kilpailukalenteri.fi\/\" target=\"_blank\" rel=\"noopener\">Kilpailukalenteri.fi<\/a>:st\u00e4<\/strong>.<\/p>\n<table style=\"border-collapse: collapse;width: 100%;height: 192px\">\n<tbody>\n<tr style=\"height: 24px\">\n<td style=\"width: 20%;height: 24px\">Kilpailu<\/td>\n<td style=\"width: 20%;height: 24px\">Kuka ilmoittaa<\/td>\n<td style=\"width: 20%;height: 24px\">Kuka valitsee<\/td>\n<td style=\"width: 20%;height: 24px\">Kuka maksaa ilmoittautumisen<\/td>\n<td style=\"width: 20%;height: 24px\">Kuka varmistaa<\/td>\n<\/tr>\n<tr style=\"height: 24px\">\n<td style=\"width: 20%;height: 24px\">Pm-kisat (yksil\u00f6)<\/td>\n<td style=\"width: 20%;height: 24px\">Urheilija<\/td>\n<td style=\"width: 20%;height: 24px\">Urheilija<\/td>\n<td style=\"width: 20%;height: 24px\">Seura<\/td>\n<td style=\"width: 20%;height: 24px\">Urheilija<\/td>\n<\/tr>\n<tr style=\"height: 24px\">\n<td style=\"width: 20%;height: 24px\">Pm-viestit<\/td>\n<td style=\"width: 20%;height: 24px\">Seura<\/td>\n<td style=\"width: 20%;height: 24px\">Seura<\/td>\n<td style=\"width: 20%;height: 24px\">Seura<\/td>\n<td style=\"width: 20%;height: 24px\">Seura<\/td>\n<\/tr>\n<tr style=\"height: 24px\">\n<td style=\"width: 20%;height: 24px\">Seuracup<\/td>\n<td style=\"width: 20%;height: 24px\">Seura<\/td>\n<td style=\"width: 20%;height: 24px\">Seura<\/td>\n<td style=\"width: 20%;height: 24px\">Seura<\/td>\n<td style=\"width: 20%;height: 24px\">Seura<\/td>\n<\/tr>\n<tr style=\"height: 24px\">\n<td style=\"width: 20%;height: 24px\">Seuraottelut<\/td>\n<td style=\"width: 20%;height: 24px\">Seura<\/td>\n<td style=\"width: 20%;height: 24px\">Seura<\/td>\n<td style=\"width: 20%;height: 24px\">Seura<\/td>\n<td style=\"width: 20%;height: 24px\">Seura<\/td>\n<\/tr>\n<tr style=\"height: 24px\">\n<td style=\"width: 20%;height: 24px\">Merkki-mitalicup<\/td>\n<td style=\"width: 20%;height: 24px\">Seura<\/td>\n<td style=\"width: 20%;height: 24px\">Seura<\/td>\n<td style=\"width: 20%;height: 24px\">Seura<\/td>\n<td style=\"width: 20%;height: 24px\">Seura<\/td>\n<\/tr>\n<tr style=\"height: 24px\">\n<td style=\"width: 20%;height: 24px\">Tilastopajacup<\/td>\n<td style=\"width: 20%;height: 24px\">Urheilija<\/td>\n<td style=\"width: 20%;height: 24px\">Urheilija<\/td>\n<td style=\"width: 20%;height: 24px\">Seura<\/td>\n<td style=\"width: 20%;height: 24px\">Urheilija<\/td>\n<\/tr>\n<tr style=\"height: 24px\">\n<td style=\"width: 20%;height: 24px\">TuUL juniorihallit<\/td>\n<td style=\"width: 20%;height: 24px\">Urheilija<\/td>\n<td style=\"width: 20%;height: 24px\">Urheilija<\/td>\n<td style=\"width: 20%;height: 24px\">Seura<\/td>\n<td style=\"width: 20%;height: 24px\">Urheilija<\/td>\n<\/tr>\n<tr>\n<td style=\"width: 20%\">Kupittaan kisat<\/td>\n<td style=\"width: 20%\">Urheilija<\/td>\n<td style=\"width: 20%\">Urheilija<\/td>\n<td style=\"width: 20%\">Seura<\/td>\n<td style=\"width: 20%\">Urheilija<\/td>\n<\/tr>\n<tr style=\"height: 24px\">\n<td style=\"width: 20%;height: 24px\">Muut kilpailut<\/td>\n<td style=\"width: 20%;height: 24px\">Urheilija<\/td>\n<td style=\"width: 20%;height: 24px\">Urheilija<\/td>\n<td style=\"width: 20%;height: 24px\">Urheilija<\/td>\n<td style=\"width: 20%;height: 24px\">Urheilija<\/td>\n<\/tr>\n<\/tbody>\n<\/table>\n<p><strong>HUOM! Seura maksaa ilmoittautumismaksut yll\u00e4 olevan taulukon mukaisesti, mik\u00e4li ilmoittautuminen on tehty aikarajaan menness\u00e4. <\/strong>J\u00e4lki-ilmoittautumismaksut urheilija maksaa itse.<\/p>\n<p>Lis\u00e4ksi seura j\u00e4rjest\u00e4\u00e4 alle 9-vuotiaille matalan kynnyksen URHOn kisoja kes\u00e4kaudella. Lis\u00e4infoa n\u00e4ist\u00e4 kilpailuista sek\u00e4 Tilastopajacupista l\u00f6ytyy <a href=\"\/yleisurheilu\/tapahtumat\/tilastopajacup\" target=\"_blank\" rel=\"noopener\">t\u00e4\u00e4lt\u00e4<\/a><strong>.<\/strong>[\/vc_column_text][\/toggle][\/toggles][\/vc_column][\/vc_row]\n","protected":false},"excerpt":{"rendered":"<p>[vc_row type=&#8221;full_width_background&#8221; full_screen_row_position=&#8221;middle&#8221; column_margin=&#8221;default&#8221; column_direction=&#8221;default&#8221; column_direction_tablet=&#8221;default&#8221; column_direction_phone=&#8221;default&#8221; bg_image=&#8221;82&#8243; bg_position=&#8221;center center&#8221; background_image_loading=&#8221;default&#8221; bg_repeat=&#8221;no-repeat&#8221; scene_position=&#8221;center&#8221; top_padding=&#8221;14%&#8221; bottom_padding=&#8221;9%&#8221; text_color=&#8221;dark&#8221; text_align=&#8221;left&#8221; row_border_radius=&#8221;none&#8221; row_border_radius_applies=&#8221;bg&#8221; overflow=&#8221;visible&#8221; enable_gradient=&#8221;true&#8221; color_overlay=&#8221;#000000&#8243; overlay_strength=&#8221;0.8&#8243; gradient_direction=&#8221;left_to_right&#8221; shape_divider_position=&#8221;bottom&#8221; bg_image_animation=&#8221;none&#8221; gradient_type=&#8221;default&#8221; shape_type=&#8221;&#8221;][vc_column column_padding=&#8221;no-extra-padding&#8221; column_padding_tablet=&#8221;inherit&#8221;&#8230;<\/p>\n","protected":false},"author":2,"featured_media":0,"parent":27,"menu_order":0,"comment_status":"closed","ping_status":"closed","template":"","meta":{"footnotes":""},"class_list":["post-98","page","type-page","status-publish"],"yoast_head":"<!-- This site is optimized with the Yoast SEO plugin v27.3 - https:\/\/yoast.com\/product\/yoast-seo-wordpress\/ -->\n<title>Ohjeita kilpailuihin - TuUL Yleisurheilu<\/title>\n<meta name=\"description\" content=\"T\u00e4\u00e4lt\u00e4 l\u00f6yd\u00e4t ohjeita kilpailuihin ilmoittautumiseen sek\u00e4 kilpailuissa toimimiseen.\" \/>\n<meta name=\"robots\" content=\"index, follow, max-snippet:-1, max-image-preview:large, max-video-preview:-1\" \/>\n<link rel=\"canonical\" href=\"https:\/\/turunurheiluliitto.fi\/yleisurheilu\/nuorisourheilu\/ohjeita-kilpailuihin\" \/>\n<meta property=\"og:locale\" content=\"fi_FI\" \/>\n<meta property=\"og:type\" content=\"article\" \/>\n<meta property=\"og:title\" content=\"Ohjeita kilpailuihin - TuUL Yleisurheilu\" \/>\n<meta property=\"og:description\" content=\"T\u00e4\u00e4lt\u00e4 l\u00f6yd\u00e4t ohjeita kilpailuihin ilmoittautumiseen sek\u00e4 kilpailuissa toimimiseen.\" \/>\n<meta property=\"og:url\" content=\"https:\/\/turunurheiluliitto.fi\/yleisurheilu\/nuorisourheilu\/ohjeita-kilpailuihin\" \/>\n<meta property=\"og:site_name\" content=\"TuUL Yleisurheilu\" \/>\n<meta property=\"article:modified_time\" content=\"2023-11-03T06:36:46+00:00\" \/>\n<meta name=\"twitter:card\" content=\"summary_large_image\" \/>\n<meta name=\"twitter:label1\" content=\"Arvioitu lukuaika\" \/>\n\t<meta name=\"twitter:data1\" content=\"4 minuuttia\" \/>\n<script type=\"application\/ld+json\" class=\"yoast-schema-graph\">{\"@context\":\"https:\\\/\\\/schema.org\",\"@graph\":[{\"@type\":\"WebPage\",\"@id\":\"https:\\\/\\\/turunurheiluliitto.fi\\\/yleisurheilu\\\/nuorisourheilu\\\/ohjeita-kilpailuihin\",\"url\":\"https:\\\/\\\/turunurheiluliitto.fi\\\/yleisurheilu\\\/nuorisourheilu\\\/ohjeita-kilpailuihin\",\"name\":\"Ohjeita kilpailuihin - TuUL Yleisurheilu\",\"isPartOf\":{\"@id\":\"https:\\\/\\\/turunurheiluliitto.fi\\\/yleisurheilu\\\/#website\"},\"datePublished\":\"2023-01-18T13:51:54+00:00\",\"dateModified\":\"2023-11-03T06:36:46+00:00\",\"description\":\"T\u00e4\u00e4lt\u00e4 l\u00f6yd\u00e4t ohjeita kilpailuihin ilmoittautumiseen sek\u00e4 kilpailuissa toimimiseen.\",\"breadcrumb\":{\"@id\":\"https:\\\/\\\/turunurheiluliitto.fi\\\/yleisurheilu\\\/nuorisourheilu\\\/ohjeita-kilpailuihin#breadcrumb\"},\"inLanguage\":\"fi\",\"potentialAction\":[{\"@type\":\"ReadAction\",\"target\":[\"https:\\\/\\\/turunurheiluliitto.fi\\\/yleisurheilu\\\/nuorisourheilu\\\/ohjeita-kilpailuihin\"]}]},{\"@type\":\"BreadcrumbList\",\"@id\":\"https:\\\/\\\/turunurheiluliitto.fi\\\/yleisurheilu\\\/nuorisourheilu\\\/ohjeita-kilpailuihin#breadcrumb\",\"itemListElement\":[{\"@type\":\"ListItem\",\"position\":1,\"name\":\"Etusivu\",\"item\":\"https:\\\/\\\/turunurheiluliitto.fi\\\/yleisurheilu\\\/\"},{\"@type\":\"ListItem\",\"position\":2,\"name\":\"Nuorisourheilu\",\"item\":\"https:\\\/\\\/turunurheiluliitto.fi\\\/yleisurheilu\\\/nuorisourheilu\"},{\"@type\":\"ListItem\",\"position\":3,\"name\":\"Ohjeita kilpailuihin\"}]},{\"@type\":\"WebSite\",\"@id\":\"https:\\\/\\\/turunurheiluliitto.fi\\\/yleisurheilu\\\/#website\",\"url\":\"https:\\\/\\\/turunurheiluliitto.fi\\\/yleisurheilu\\\/\",\"name\":\"TuUL Yleisurheilu\",\"description\":\"Turun Urheiluliitto Yleisurheilu\",\"potentialAction\":[{\"@type\":\"SearchAction\",\"target\":{\"@type\":\"EntryPoint\",\"urlTemplate\":\"https:\\\/\\\/turunurheiluliitto.fi\\\/yleisurheilu\\\/?s={search_term_string}\"},\"query-input\":{\"@type\":\"PropertyValueSpecification\",\"valueRequired\":true,\"valueName\":\"search_term_string\"}}],\"inLanguage\":\"fi\"}]}<\/script>\n<!-- \/ Yoast SEO plugin. -->","yoast_head_json":{"title":"Ohjeita kilpailuihin - TuUL Yleisurheilu","description":"T\u00e4\u00e4lt\u00e4 l\u00f6yd\u00e4t ohjeita kilpailuihin ilmoittautumiseen sek\u00e4 kilpailuissa toimimiseen.","robots":{"index":"index","follow":"follow","max-snippet":"max-snippet:-1","max-image-preview":"max-image-preview:large","max-video-preview":"max-video-preview:-1"},"canonical":"https:\/\/turunurheiluliitto.fi\/yleisurheilu\/nuorisourheilu\/ohjeita-kilpailuihin","og_locale":"fi_FI","og_type":"article","og_title":"Ohjeita kilpailuihin - TuUL Yleisurheilu","og_description":"T\u00e4\u00e4lt\u00e4 l\u00f6yd\u00e4t ohjeita kilpailuihin ilmoittautumiseen sek\u00e4 kilpailuissa toimimiseen.","og_url":"https:\/\/turunurheiluliitto.fi\/yleisurheilu\/nuorisourheilu\/ohjeita-kilpailuihin","og_site_name":"TuUL Yleisurheilu","article_modified_time":"2023-11-03T06:36:46+00:00","twitter_card":"summary_large_image","twitter_misc":{"Arvioitu lukuaika":"4 minuuttia"},"schema":{"@context":"https:\/\/schema.org","@graph":[{"@type":"WebPage","@id":"https:\/\/turunurheiluliitto.fi\/yleisurheilu\/nuorisourheilu\/ohjeita-kilpailuihin","url":"https:\/\/turunurheiluliitto.fi\/yleisurheilu\/nuorisourheilu\/ohjeita-kilpailuihin","name":"Ohjeita kilpailuihin - TuUL Yleisurheilu","isPartOf":{"@id":"https:\/\/turunurheiluliitto.fi\/yleisurheilu\/#website"},"datePublished":"2023-01-18T13:51:54+00:00","dateModified":"2023-11-03T06:36:46+00:00","description":"T\u00e4\u00e4lt\u00e4 l\u00f6yd\u00e4t ohjeita kilpailuihin ilmoittautumiseen sek\u00e4 kilpailuissa toimimiseen.","breadcrumb":{"@id":"https:\/\/turunurheiluliitto.fi\/yleisurheilu\/nuorisourheilu\/ohjeita-kilpailuihin#breadcrumb"},"inLanguage":"fi","potentialAction":[{"@type":"ReadAction","target":["https:\/\/turunurheiluliitto.fi\/yleisurheilu\/nuorisourheilu\/ohjeita-kilpailuihin"]}]},{"@type":"BreadcrumbList","@id":"https:\/\/turunurheiluliitto.fi\/yleisurheilu\/nuorisourheilu\/ohjeita-kilpailuihin#breadcrumb","itemListElement":[{"@type":"ListItem","position":1,"name":"Etusivu","item":"https:\/\/turunurheiluliitto.fi\/yleisurheilu\/"},{"@type":"ListItem","position":2,"name":"Nuorisourheilu","item":"https:\/\/turunurheiluliitto.fi\/yleisurheilu\/nuorisourheilu"},{"@type":"ListItem","position":3,"name":"Ohjeita kilpailuihin"}]},{"@type":"WebSite","@id":"https:\/\/turunurheiluliitto.fi\/yleisurheilu\/#website","url":"https:\/\/turunurheiluliitto.fi\/yleisurheilu\/","name":"TuUL Yleisurheilu","description":"Turun Urheiluliitto Yleisurheilu","potentialAction":[{"@type":"SearchAction","target":{"@type":"EntryPoint","urlTemplate":"https:\/\/turunurheiluliitto.fi\/yleisurheilu\/?s={search_term_string}"},"query-input":{"@type":"PropertyValueSpecification","valueRequired":true,"valueName":"search_term_string"}}],"inLanguage":"fi"}]}},"_links":{"self":[{"href":"https:\/\/turunurheiluliitto.fi\/yleisurheilu\/wp-json\/wp\/v2\/pages\/98","targetHints":{"allow":["GET"]}}],"collection":[{"href":"https:\/\/turunurheiluliitto.fi\/yleisurheilu\/wp-json\/wp\/v2\/pages"}],"about":[{"href":"https:\/\/turunurheiluliitto.fi\/yleisurheilu\/wp-json\/wp\/v2\/types\/page"}],"author":[{"embeddable":true,"href":"https:\/\/turunurheiluliitto.fi\/yleisurheilu\/wp-json\/wp\/v2\/users\/2"}],"replies":[{"embeddable":true,"href":"https:\/\/turunurheiluliitto.fi\/yleisurheilu\/wp-json\/wp\/v2\/comments?post=98"}],"version-history":[{"count":5,"href":"https:\/\/turunurheiluliitto.fi\/yleisurheilu\/wp-json\/wp\/v2\/pages\/98\/revisions"}],"predecessor-version":[{"id":1908,"href":"https:\/\/turunurheiluliitto.fi\/yleisurheilu\/wp-json\/wp\/v2\/pages\/98\/revisions\/1908"}],"up":[{"embeddable":true,"href":"https:\/\/turunurheiluliitto.fi\/yleisurheilu\/wp-json\/wp\/v2\/pages\/27"}],"wp:attachment":[{"href":"https:\/\/turunurheiluliitto.fi\/yleisurheilu\/wp-json\/wp\/v2\/media?parent=98"}],"curies":[{"name":"wp","href":"https:\/\/api.w.org\/{rel}","templated":true}]}}