{"id":90,"date":"2023-01-18T15:06:25","date_gmt":"2023-01-18T13:06:25","guid":{"rendered":"https:\/\/turunurheiluliitto.fi\/yleisurheilu\/?page_id=90"},"modified":"2023-07-06T10:02:53","modified_gmt":"2023-07-06T07:02:53","slug":"perusryhmat-11-18-vuotiaat","status":"publish","type":"page","link":"https:\/\/turunurheiluliitto.fi\/yleisurheilu\/nuorisourheilu\/perusryhmat-11-18-vuotiaat","title":{"rendered":"Perusryhm\u00e4t, 11\u201319-vuotiaat"},"content":{"rendered":"[vc_row type=&#8221;full_width_background&#8221; full_screen_row_position=&#8221;middle&#8221; column_margin=&#8221;default&#8221; column_direction=&#8221;default&#8221; column_direction_tablet=&#8221;default&#8221; column_direction_phone=&#8221;default&#8221; bg_image=&#8221;138&#8243; bg_position=&#8221;custom&#8221; bg_position_x=&#8221;&#8221; bg_position_y=&#8221;30%&#8221; background_image_loading=&#8221;default&#8221; bg_repeat=&#8221;no-repeat&#8221; scene_position=&#8221;center&#8221; top_padding=&#8221;14%&#8221; bottom_padding=&#8221;9%&#8221; text_color=&#8221;dark&#8221; text_align=&#8221;left&#8221; row_border_radius=&#8221;none&#8221; row_border_radius_applies=&#8221;bg&#8221; overflow=&#8221;visible&#8221; enable_gradient=&#8221;true&#8221; color_overlay=&#8221;#000000&#8243; overlay_strength=&#8221;0.95&#8243; gradient_direction=&#8221;left_to_right&#8221; shape_divider_position=&#8221;bottom&#8221; bg_image_animation=&#8221;none&#8221; gradient_type=&#8221;default&#8221; shape_type=&#8221;&#8221;][vc_column column_padding=&#8221;no-extra-padding&#8221; column_padding_tablet=&#8221;inherit&#8221; column_padding_phone=&#8221;inherit&#8221; column_padding_position=&#8221;all&#8221; column_element_direction_desktop=&#8221;default&#8221; column_element_spacing=&#8221;default&#8221; desktop_text_alignment=&#8221;default&#8221; tablet_text_alignment=&#8221;default&#8221; phone_text_alignment=&#8221;default&#8221; background_color_opacity=&#8221;1&#8243; background_hover_color_opacity=&#8221;1&#8243; column_backdrop_filter=&#8221;none&#8221; column_shadow=&#8221;none&#8221; column_border_radius=&#8221;none&#8221; column_link_target=&#8221;_self&#8221; column_position=&#8221;default&#8221; gradient_direction=&#8221;left_to_right&#8221; overlay_strength=&#8221;0.3&#8243; width=&#8221;1\/1&#8243; tablet_width_inherit=&#8221;default&#8221; animation_type=&#8221;default&#8221; bg_image_animation=&#8221;none&#8221; border_type=&#8221;simple&#8221; column_border_width=&#8221;none&#8221; column_border_style=&#8221;solid&#8221;][vc_custom_heading text=&#8221;Perusryhm\u00e4t, 11\u201319-vuotiaat&#8221; font_container=&#8221;tag:h1|text_align:left|color:%23ffffff&#8221; use_theme_fonts=&#8221;yes&#8221;][\/vc_column][\/vc_row][vc_row type=&#8221;full_width_background&#8221; full_screen_row_position=&#8221;middle&#8221; column_margin=&#8221;default&#8221; equal_height=&#8221;yes&#8221; content_placement=&#8221;middle&#8221; column_direction=&#8221;default&#8221; column_direction_tablet=&#8221;default&#8221; column_direction_phone=&#8221;default&#8221; bg_color=&#8221;f2f2f2&#8243; scene_position=&#8221;center&#8221; top_padding=&#8221;6%&#8221; constrain_group_1=&#8221;yes&#8221; bottom_padding=&#8221;6%&#8221; top_padding_phone=&#8221;10%&#8221; constrain_group_5=&#8221;yes&#8221; bottom_padding_phone=&#8221;10%&#8221; text_color=&#8221;dark&#8221; text_align=&#8221;left&#8221; row_border_radius=&#8221;none&#8221; row_border_radius_applies=&#8221;bg&#8221; overflow=&#8221;visible&#8221; id=&#8221;meista&#8221; color_overlay=&#8221;#f2f2f2&#8243; overlay_strength=&#8221;0.8&#8243; gradient_direction=&#8221;left_to_right&#8221; shape_divider_position=&#8221;bottom&#8221; bg_image_animation=&#8221;none&#8221; gradient_type=&#8221;default&#8221; shape_type=&#8221;&#8221;][vc_column column_padding=&#8221;padding-5-percent&#8221; column_padding_tablet=&#8221;no-extra-padding&#8221; column_padding_phone=&#8221;no-extra-padding&#8221; column_padding_position=&#8221;right&#8221; column_element_direction_desktop=&#8221;default&#8221; column_element_spacing=&#8221;default&#8221; desktop_text_alignment=&#8221;default&#8221; tablet_text_alignment=&#8221;default&#8221; phone_text_alignment=&#8221;default&#8221; background_color_opacity=&#8221;1&#8243; background_hover_color_opacity=&#8221;1&#8243; column_backdrop_filter=&#8221;none&#8221; column_shadow=&#8221;none&#8221; column_border_radius=&#8221;none&#8221; column_link_target=&#8221;_self&#8221; column_position=&#8221;default&#8221; gradient_direction=&#8221;left_to_right&#8221; overlay_strength=&#8221;0.3&#8243; width=&#8221;1\/2&#8243; tablet_width_inherit=&#8221;default&#8221; animation_type=&#8221;default&#8221; enable_animation=&#8221;true&#8221; animation=&#8221;slight-fade-in-from-bottom&#8221; animation_easing=&#8221;default&#8221; bg_image_animation=&#8221;none&#8221; border_type=&#8221;simple&#8221; column_border_width=&#8221;none&#8221; column_border_style=&#8221;solid&#8221; column_padding_type=&#8221;default&#8221; gradient_type=&#8221;default&#8221;][vc_custom_heading text=&#8221;Perusryhm\u00e4t yleisurheilusta innostuneille ja lajin aloittaville lapsille ja nuorille&#8221; font_container=&#8221;tag:h3|text_align:left|color:%23000000&#8243; use_theme_fonts=&#8221;yes&#8221;][divider line_type=&#8221;Small Line&#8221; line_alignment=&#8221;default&#8221; line_thickness=&#8221;4&#8243; divider_color=&#8221;accent-color&#8221; animate=&#8221;yes&#8221; custom_height=&#8221;60&#8243;][vc_column_text]Perusryhm\u00e4t on tarkoitettu yleisurheilusta innostuneille ja lajin aloittaville lapsille ja nuorille. Perusryhm\u00e4t harjoittelevat 1\u20132 kertaa viikossa ik\u00e4luokasta riippuen. Perusryhmiss\u00e4 harjoittelun keski\u00f6ss\u00e4 on yleisurheilun lajitaitojen, motoristen perustaitojen sek\u00e4 peruskunnon kehitt\u00e4minen. Tavoitteenamme on innostaa lapsia ja nuoria liikkumaan ja tarjota heille onnistumisen ja ilon kokemuksia liikunnan kautta. Perusryhmien toiminnasta vastaavat koulutetut yleisurheiluohjaajamme.<\/p>\n<p><strong>Harrastuksen aloittaminen<\/strong><\/p>\n<p>Mukaan perusryhmien toimintaan voi liitty\u00e4 ymp\u00e4ri vuoden. Harjoituksissa saa k\u00e4yd\u00e4 kokeilemassa kaksi kertaa maksutta ilman ennakkoilmoittautumista.<\/p>\n<p>Kokeilukertojen j\u00e4lkeen urheilijan tiedot (nimi, syntym\u00e4aika, kotiosoite, vanhemman s\u00e4hk\u00f6postiosoite ja puhelinnumero sek\u00e4 miss\u00e4 ryhm\u00e4ss\u00e4 lapsi on aloittanut) tulee ilmoittaa seuramme toimistop\u00e4\u00e4llikk\u00f6 Riitta Hyv\u00e4riselle osoitteeseen <a href=\"mailto:riitta.hyvarinen@turunurheiluliitto.fi\">riitta.hyvarinen@turunurheiluliitto.fi<\/a>.<\/p>\n<p>T\u00e4m\u00e4n j\u00e4lkeen Riitta l\u00e4hett\u00e4\u00e4 s\u00e4hk\u00f6postitse aktivointilinkin MyClub-j\u00e4senrekisteriin sek\u00e4 ohjeet Suomisport-j\u00e4rjestelm\u00e4\u00e4n liittymiseksi. Seuran viestint\u00e4 ja laskutus kulkevat MyClubin kautta.[\/vc_column_text][\/vc_column][vc_column column_padding=&#8221;padding-6-percent&#8221; column_padding_tablet=&#8221;inherit&#8221; column_padding_phone=&#8221;inherit&#8221; column_padding_position=&#8221;all&#8221; column_element_direction_desktop=&#8221;default&#8221; column_element_spacing=&#8221;default&#8221; desktop_text_alignment=&#8221;default&#8221; tablet_text_alignment=&#8221;default&#8221; phone_text_alignment=&#8221;default&#8221; background_color=&#8221;#ffd723&#8243; background_color_opacity=&#8221;1&#8243; background_hover_color_opacity=&#8221;1&#8243; column_backdrop_filter=&#8221;none&#8221; column_shadow=&#8221;none&#8221; column_border_radius=&#8221;none&#8221; column_link_target=&#8221;_self&#8221; column_position=&#8221;default&#8221; gradient_direction=&#8221;left_to_right&#8221; overlay_strength=&#8221;0.3&#8243; width=&#8221;1\/2&#8243; tablet_width_inherit=&#8221;default&#8221; animation_type=&#8221;default&#8221; bg_image_animation=&#8221;none&#8221; border_type=&#8221;simple&#8221; column_border_width=&#8221;none&#8221; column_border_style=&#8221;solid&#8221; column_padding_type=&#8221;default&#8221; gradient_type=&#8221;default&#8221;][vc_custom_heading text=&#8221;Kokoontuminen&#8221; font_container=&#8221;tag:h3|text_align:left|color:%23000000&#8243; use_theme_fonts=&#8221;yes&#8221;][divider line_type=&#8221;No Line&#8221;][vc_column_text]Ryhm\u00e4t kokoontuvat talvikaudella Kupittaan urheiluhallin alaovella, \u201dluistelumatoa\u201d vastap\u00e4\u00e4t\u00e4. Kes\u00e4kaudella ryhm\u00e4t kokoontuvat Paavo Nurmen stadionin ison valotaulun alla.<\/p>\n<p>Talvikaudella mukaan tulee ottaa sek\u00e4 ulko- ett\u00e4 sis\u00e4liikuntavarusteet, juomapullo ja iloista mielt\u00e4. Osa harjoituksista pidet\u00e4\u00e4n s\u00e4\u00e4n salliessa my\u00f6s ulkona Kupittaan puistossa. Kes\u00e4kaudella s\u00e4\u00e4n mukainen ulkovaatetus.<\/p>\n<p>Lis\u00e4tietoja perusryhmien toiminnasta antaa seuran nuorisovalmennusp\u00e4\u00e4llikk\u00f6 Camilla Nakolinna puh. 040\u00a0900 7881 tai\u00a0<a href=\"mailto:camilla.nakolinna@turunurheiluliitto.fi\">camilla.nakolinna@turunurheiluliitto.fi<\/a><\/p>\n<p><strong>Harjoitusp\u00e4iv\u00e4t ja ajat l\u00f6ytyv\u00e4t <a href=\"https:\/\/www.turunurheiluliitto.fi\/yleisurheilu\/nuorisourheilu\/\">t\u00e4\u00e4lt\u00e4<\/a><\/strong>[\/vc_column_text][\/vc_column][\/vc_row][vc_row type=&#8221;in_container&#8221; full_screen_row_position=&#8221;middle&#8221; column_margin=&#8221;default&#8221; column_direction=&#8221;default&#8221; column_direction_tablet=&#8221;default&#8221; column_direction_phone=&#8221;default&#8221; scene_position=&#8221;center&#8221; top_padding=&#8221;6%&#8221; constrain_group_1=&#8221;yes&#8221; bottom_padding=&#8221;6%&#8221; text_color=&#8221;dark&#8221; text_align=&#8221;left&#8221; row_border_radius=&#8221;none&#8221; row_border_radius_applies=&#8221;bg&#8221; overflow=&#8221;visible&#8221; overlay_strength=&#8221;0.3&#8243; gradient_direction=&#8221;left_to_right&#8221; shape_divider_position=&#8221;bottom&#8221; bg_image_animation=&#8221;none&#8221; gradient_type=&#8221;default&#8221; shape_type=&#8221;&#8221;][vc_column column_padding=&#8221;no-extra-padding&#8221; column_padding_tablet=&#8221;inherit&#8221; column_padding_phone=&#8221;inherit&#8221; column_padding_position=&#8221;all&#8221; column_element_direction_desktop=&#8221;default&#8221; column_element_spacing=&#8221;default&#8221; desktop_text_alignment=&#8221;default&#8221; tablet_text_alignment=&#8221;default&#8221; phone_text_alignment=&#8221;default&#8221; background_color_opacity=&#8221;1&#8243; background_hover_color_opacity=&#8221;1&#8243; column_backdrop_filter=&#8221;none&#8221; column_shadow=&#8221;none&#8221; column_border_radius=&#8221;none&#8221; column_link_target=&#8221;_self&#8221; column_position=&#8221;default&#8221; gradient_direction=&#8221;left_to_right&#8221; overlay_strength=&#8221;0.3&#8243; width=&#8221;1\/1&#8243; tablet_width_inherit=&#8221;default&#8221; animation_type=&#8221;default&#8221; bg_image_animation=&#8221;none&#8221; border_type=&#8221;simple&#8221; column_border_width=&#8221;none&#8221; column_border_style=&#8221;solid&#8221;][nectar_global_section id=&#8221;47&#8243;][\/vc_column][\/vc_row]\n","protected":false},"excerpt":{"rendered":"<p>[vc_row type=&#8221;full_width_background&#8221; full_screen_row_position=&#8221;middle&#8221; column_margin=&#8221;default&#8221; column_direction=&#8221;default&#8221; column_direction_tablet=&#8221;default&#8221; column_direction_phone=&#8221;default&#8221; bg_image=&#8221;138&#8243; bg_position=&#8221;custom&#8221; bg_position_x=&#8221;&#8221; bg_position_y=&#8221;30%&#8221; background_image_loading=&#8221;default&#8221; bg_repeat=&#8221;no-repeat&#8221; scene_position=&#8221;center&#8221; top_padding=&#8221;14%&#8221; bottom_padding=&#8221;9%&#8221; text_color=&#8221;dark&#8221; text_align=&#8221;left&#8221; row_border_radius=&#8221;none&#8221; row_border_radius_applies=&#8221;bg&#8221; overflow=&#8221;visible&#8221; enable_gradient=&#8221;true&#8221; color_overlay=&#8221;#000000&#8243; overlay_strength=&#8221;0.95&#8243; gradient_direction=&#8221;left_to_right&#8221; shape_divider_position=&#8221;bottom&#8221; bg_image_animation=&#8221;none&#8221; gradient_type=&#8221;default&#8221; shape_type=&#8221;&#8221;][vc_column column_padding=&#8221;no-extra-padding&#8221;&#8230;<\/p>\n","protected":false},"author":2,"featured_media":0,"parent":27,"menu_order":0,"comment_status":"closed","ping_status":"closed","template":"","meta":{"footnotes":""},"class_list":["post-90","page","type-page","status-publish"],"yoast_head":"<!-- This site is optimized with the Yoast SEO plugin v27.3 - https:\/\/yoast.com\/product\/yoast-seo-wordpress\/ -->\n<title>Perusryhm\u00e4t, 11\u201319-vuotiaat - TuUL Yleisurheilu<\/title>\n<meta name=\"description\" content=\"Perusryhm\u00e4t on tarkoitettu yleisurheilusta innostuneille ja lajin aloittaville lapsille ja nuorille. Ryhm\u00e4t harjoittelevat 1\u20132 kertaa viikossa ik\u00e4luokasta riippuen.\" \/>\n<meta name=\"robots\" content=\"index, follow, max-snippet:-1, max-image-preview:large, max-video-preview:-1\" \/>\n<link rel=\"canonical\" href=\"https:\/\/turunurheiluliitto.fi\/yleisurheilu\/nuorisourheilu\/perusryhmat-11-18-vuotiaat\" \/>\n<meta property=\"og:locale\" content=\"fi_FI\" \/>\n<meta property=\"og:type\" content=\"article\" \/>\n<meta property=\"og:title\" content=\"Perusryhm\u00e4t, 11\u201319-vuotiaat - TuUL Yleisurheilu\" \/>\n<meta property=\"og:description\" content=\"Perusryhm\u00e4t on tarkoitettu yleisurheilusta innostuneille ja lajin aloittaville lapsille ja nuorille. Ryhm\u00e4t harjoittelevat 1\u20132 kertaa viikossa ik\u00e4luokasta riippuen.\" \/>\n<meta property=\"og:url\" content=\"https:\/\/turunurheiluliitto.fi\/yleisurheilu\/nuorisourheilu\/perusryhmat-11-18-vuotiaat\" \/>\n<meta property=\"og:site_name\" content=\"TuUL Yleisurheilu\" \/>\n<meta property=\"article:modified_time\" content=\"2023-07-06T07:02:53+00:00\" \/>\n<meta name=\"twitter:card\" content=\"summary_large_image\" \/>\n<meta name=\"twitter:label1\" content=\"Arvioitu lukuaika\" \/>\n\t<meta name=\"twitter:data1\" content=\"3 minuuttia\" \/>\n<script type=\"application\/ld+json\" class=\"yoast-schema-graph\">{\"@context\":\"https:\\\/\\\/schema.org\",\"@graph\":[{\"@type\":\"WebPage\",\"@id\":\"https:\\\/\\\/turunurheiluliitto.fi\\\/yleisurheilu\\\/nuorisourheilu\\\/perusryhmat-11-18-vuotiaat\",\"url\":\"https:\\\/\\\/turunurheiluliitto.fi\\\/yleisurheilu\\\/nuorisourheilu\\\/perusryhmat-11-18-vuotiaat\",\"name\":\"Perusryhm\u00e4t, 11\u201319-vuotiaat - TuUL Yleisurheilu\",\"isPartOf\":{\"@id\":\"https:\\\/\\\/turunurheiluliitto.fi\\\/yleisurheilu\\\/#website\"},\"datePublished\":\"2023-01-18T13:06:25+00:00\",\"dateModified\":\"2023-07-06T07:02:53+00:00\",\"description\":\"Perusryhm\u00e4t on tarkoitettu yleisurheilusta innostuneille ja lajin aloittaville lapsille ja nuorille. Ryhm\u00e4t harjoittelevat 1\u20132 kertaa viikossa ik\u00e4luokasta riippuen.\",\"breadcrumb\":{\"@id\":\"https:\\\/\\\/turunurheiluliitto.fi\\\/yleisurheilu\\\/nuorisourheilu\\\/perusryhmat-11-18-vuotiaat#breadcrumb\"},\"inLanguage\":\"fi\",\"potentialAction\":[{\"@type\":\"ReadAction\",\"target\":[\"https:\\\/\\\/turunurheiluliitto.fi\\\/yleisurheilu\\\/nuorisourheilu\\\/perusryhmat-11-18-vuotiaat\"]}]},{\"@type\":\"BreadcrumbList\",\"@id\":\"https:\\\/\\\/turunurheiluliitto.fi\\\/yleisurheilu\\\/nuorisourheilu\\\/perusryhmat-11-18-vuotiaat#breadcrumb\",\"itemListElement\":[{\"@type\":\"ListItem\",\"position\":1,\"name\":\"Etusivu\",\"item\":\"https:\\\/\\\/turunurheiluliitto.fi\\\/yleisurheilu\\\/\"},{\"@type\":\"ListItem\",\"position\":2,\"name\":\"Nuorisourheilu\",\"item\":\"https:\\\/\\\/turunurheiluliitto.fi\\\/yleisurheilu\\\/nuorisourheilu\"},{\"@type\":\"ListItem\",\"position\":3,\"name\":\"Perusryhm\u00e4t, 11\u201319-vuotiaat\"}]},{\"@type\":\"WebSite\",\"@id\":\"https:\\\/\\\/turunurheiluliitto.fi\\\/yleisurheilu\\\/#website\",\"url\":\"https:\\\/\\\/turunurheiluliitto.fi\\\/yleisurheilu\\\/\",\"name\":\"TuUL Yleisurheilu\",\"description\":\"Turun Urheiluliitto Yleisurheilu\",\"potentialAction\":[{\"@type\":\"SearchAction\",\"target\":{\"@type\":\"EntryPoint\",\"urlTemplate\":\"https:\\\/\\\/turunurheiluliitto.fi\\\/yleisurheilu\\\/?s={search_term_string}\"},\"query-input\":{\"@type\":\"PropertyValueSpecification\",\"valueRequired\":true,\"valueName\":\"search_term_string\"}}],\"inLanguage\":\"fi\"}]}<\/script>\n<!-- \/ Yoast SEO plugin. -->","yoast_head_json":{"title":"Perusryhm\u00e4t, 11\u201319-vuotiaat - TuUL Yleisurheilu","description":"Perusryhm\u00e4t on tarkoitettu yleisurheilusta innostuneille ja lajin aloittaville lapsille ja nuorille. Ryhm\u00e4t harjoittelevat 1\u20132 kertaa viikossa ik\u00e4luokasta riippuen.","robots":{"index":"index","follow":"follow","max-snippet":"max-snippet:-1","max-image-preview":"max-image-preview:large","max-video-preview":"max-video-preview:-1"},"canonical":"https:\/\/turunurheiluliitto.fi\/yleisurheilu\/nuorisourheilu\/perusryhmat-11-18-vuotiaat","og_locale":"fi_FI","og_type":"article","og_title":"Perusryhm\u00e4t, 11\u201319-vuotiaat - TuUL Yleisurheilu","og_description":"Perusryhm\u00e4t on tarkoitettu yleisurheilusta innostuneille ja lajin aloittaville lapsille ja nuorille. Ryhm\u00e4t harjoittelevat 1\u20132 kertaa viikossa ik\u00e4luokasta riippuen.","og_url":"https:\/\/turunurheiluliitto.fi\/yleisurheilu\/nuorisourheilu\/perusryhmat-11-18-vuotiaat","og_site_name":"TuUL Yleisurheilu","article_modified_time":"2023-07-06T07:02:53+00:00","twitter_card":"summary_large_image","twitter_misc":{"Arvioitu lukuaika":"3 minuuttia"},"schema":{"@context":"https:\/\/schema.org","@graph":[{"@type":"WebPage","@id":"https:\/\/turunurheiluliitto.fi\/yleisurheilu\/nuorisourheilu\/perusryhmat-11-18-vuotiaat","url":"https:\/\/turunurheiluliitto.fi\/yleisurheilu\/nuorisourheilu\/perusryhmat-11-18-vuotiaat","name":"Perusryhm\u00e4t, 11\u201319-vuotiaat - TuUL Yleisurheilu","isPartOf":{"@id":"https:\/\/turunurheiluliitto.fi\/yleisurheilu\/#website"},"datePublished":"2023-01-18T13:06:25+00:00","dateModified":"2023-07-06T07:02:53+00:00","description":"Perusryhm\u00e4t on tarkoitettu yleisurheilusta innostuneille ja lajin aloittaville lapsille ja nuorille. Ryhm\u00e4t harjoittelevat 1\u20132 kertaa viikossa ik\u00e4luokasta riippuen.","breadcrumb":{"@id":"https:\/\/turunurheiluliitto.fi\/yleisurheilu\/nuorisourheilu\/perusryhmat-11-18-vuotiaat#breadcrumb"},"inLanguage":"fi","potentialAction":[{"@type":"ReadAction","target":["https:\/\/turunurheiluliitto.fi\/yleisurheilu\/nuorisourheilu\/perusryhmat-11-18-vuotiaat"]}]},{"@type":"BreadcrumbList","@id":"https:\/\/turunurheiluliitto.fi\/yleisurheilu\/nuorisourheilu\/perusryhmat-11-18-vuotiaat#breadcrumb","itemListElement":[{"@type":"ListItem","position":1,"name":"Etusivu","item":"https:\/\/turunurheiluliitto.fi\/yleisurheilu\/"},{"@type":"ListItem","position":2,"name":"Nuorisourheilu","item":"https:\/\/turunurheiluliitto.fi\/yleisurheilu\/nuorisourheilu"},{"@type":"ListItem","position":3,"name":"Perusryhm\u00e4t, 11\u201319-vuotiaat"}]},{"@type":"WebSite","@id":"https:\/\/turunurheiluliitto.fi\/yleisurheilu\/#website","url":"https:\/\/turunurheiluliitto.fi\/yleisurheilu\/","name":"TuUL Yleisurheilu","description":"Turun Urheiluliitto Yleisurheilu","potentialAction":[{"@type":"SearchAction","target":{"@type":"EntryPoint","urlTemplate":"https:\/\/turunurheiluliitto.fi\/yleisurheilu\/?s={search_term_string}"},"query-input":{"@type":"PropertyValueSpecification","valueRequired":true,"valueName":"search_term_string"}}],"inLanguage":"fi"}]}},"_links":{"self":[{"href":"https:\/\/turunurheiluliitto.fi\/yleisurheilu\/wp-json\/wp\/v2\/pages\/90","targetHints":{"allow":["GET"]}}],"collection":[{"href":"https:\/\/turunurheiluliitto.fi\/yleisurheilu\/wp-json\/wp\/v2\/pages"}],"about":[{"href":"https:\/\/turunurheiluliitto.fi\/yleisurheilu\/wp-json\/wp\/v2\/types\/page"}],"author":[{"embeddable":true,"href":"https:\/\/turunurheiluliitto.fi\/yleisurheilu\/wp-json\/wp\/v2\/users\/2"}],"replies":[{"embeddable":true,"href":"https:\/\/turunurheiluliitto.fi\/yleisurheilu\/wp-json\/wp\/v2\/comments?post=90"}],"version-history":[{"count":5,"href":"https:\/\/turunurheiluliitto.fi\/yleisurheilu\/wp-json\/wp\/v2\/pages\/90\/revisions"}],"predecessor-version":[{"id":1442,"href":"https:\/\/turunurheiluliitto.fi\/yleisurheilu\/wp-json\/wp\/v2\/pages\/90\/revisions\/1442"}],"up":[{"embeddable":true,"href":"https:\/\/turunurheiluliitto.fi\/yleisurheilu\/wp-json\/wp\/v2\/pages\/27"}],"wp:attachment":[{"href":"https:\/\/turunurheiluliitto.fi\/yleisurheilu\/wp-json\/wp\/v2\/media?parent=90"}],"curies":[{"name":"wp","href":"https:\/\/api.w.org\/{rel}","templated":true}]}}