{"id":45,"date":"2023-01-18T13:31:40","date_gmt":"2023-01-18T11:31:40","guid":{"rendered":"https:\/\/turunurheiluliitto.fi\/yleisurheilu\/?page_id=45"},"modified":"2026-03-09T10:46:59","modified_gmt":"2026-03-09T08:46:59","slug":"tuul-yleisurheilukoulu","status":"publish","type":"page","link":"https:\/\/turunurheiluliitto.fi\/yleisurheilu\/nuorisourheilu\/tuul-yleisurheilukoulu","title":{"rendered":"Yleisurheilukoulut, 3\u20138-vuotiaat"},"content":{"rendered":"[vc_row type=&#8221;full_width_background&#8221; full_screen_row_position=&#8221;middle&#8221; column_margin=&#8221;default&#8221; column_direction=&#8221;default&#8221; column_direction_tablet=&#8221;default&#8221; column_direction_phone=&#8221;default&#8221; bg_image=&#8221;885&#8243; bg_image_type=&#8221;default&#8221; bg_position=&#8221;left center&#8221; background_image_loading=&#8221;default&#8221; bg_repeat=&#8221;no-repeat&#8221; scene_position=&#8221;center&#8221; top_padding=&#8221;14%&#8221; bottom_padding=&#8221;9%&#8221; text_color=&#8221;dark&#8221; text_align=&#8221;left&#8221; row_border_radius=&#8221;none&#8221; row_border_radius_applies=&#8221;bg&#8221; row_position_desktop=&#8221;default&#8221; row_position_tablet=&#8221;inherit&#8221; row_position_phone=&#8221;inherit&#8221; overflow=&#8221;visible&#8221; enable_gradient=&#8221;true&#8221; color_overlay=&#8221;#000000&#8243; overlay_strength=&#8221;0.95&#8243; gradient_direction=&#8221;left_to_right&#8221; shape_divider_position=&#8221;bottom&#8221; bg_image_animation=&#8221;none&#8221; gradient_type=&#8221;default&#8221; shape_type=&#8221;&#8221;][vc_column column_padding=&#8221;no-extra-padding&#8221; column_padding_tablet=&#8221;inherit&#8221; column_padding_phone=&#8221;inherit&#8221; column_padding_position=&#8221;all&#8221; flex_gap_desktop=&#8221;10px&#8221; column_element_direction_desktop=&#8221;default&#8221; column_element_spacing=&#8221;default&#8221; desktop_text_alignment=&#8221;default&#8221; tablet_text_alignment=&#8221;default&#8221; phone_text_alignment=&#8221;default&#8221; background_color_opacity=&#8221;1&#8243; background_hover_color_opacity=&#8221;1&#8243; column_backdrop_filter=&#8221;none&#8221; column_shadow=&#8221;none&#8221; column_border_radius=&#8221;none&#8221; column_link_target=&#8221;_self&#8221; column_position=&#8221;default&#8221; gradient_direction=&#8221;left_to_right&#8221; overlay_strength=&#8221;0.3&#8243; width=&#8221;1\/1&#8243; tablet_width_inherit=&#8221;default&#8221; animation_type=&#8221;default&#8221; bg_image_animation=&#8221;none&#8221; border_type=&#8221;simple&#8221; column_border_width=&#8221;none&#8221; column_border_style=&#8221;solid&#8221;][vc_custom_heading text=&#8221;Yleisurheilukoulut, 3\u20138-vuotiaat&#8221; font_container=&#8221;tag:h1|text_align:left|color:%23ffffff&#8221; use_theme_fonts=&#8221;yes&#8221;][\/vc_column][\/vc_row][vc_row type=&#8221;full_width_background&#8221; full_screen_row_position=&#8221;middle&#8221; column_margin=&#8221;default&#8221; equal_height=&#8221;yes&#8221; content_placement=&#8221;top&#8221; column_direction=&#8221;default&#8221; column_direction_tablet=&#8221;default&#8221; column_direction_phone=&#8221;default&#8221; bg_color=&#8221;f2f2f2&#8243; full_height=&#8221;yes&#8221; columns_placement=&#8221;top&#8221; scene_position=&#8221;center&#8221; top_padding=&#8221;6%&#8221; constrain_group_1=&#8221;yes&#8221; bottom_padding=&#8221;6%&#8221; top_padding_phone=&#8221;10%&#8221; constrain_group_5=&#8221;yes&#8221; bottom_padding_phone=&#8221;10%&#8221; text_color=&#8221;dark&#8221; text_align=&#8221;left&#8221; row_border_radius=&#8221;none&#8221; row_border_radius_applies=&#8221;bg&#8221; row_position_desktop=&#8221;default&#8221; row_position_tablet=&#8221;inherit&#8221; row_position_phone=&#8221;inherit&#8221; overflow=&#8221;visible&#8221; id=&#8221;meista&#8221; color_overlay=&#8221;#f2f2f2&#8243; overlay_strength=&#8221;0.8&#8243; gradient_direction=&#8221;left_to_right&#8221; shape_divider_position=&#8221;bottom&#8221; bg_image_animation=&#8221;none&#8221; gradient_type=&#8221;default&#8221; shape_type=&#8221;&#8221;][vc_column column_padding=&#8221;padding-5-percent&#8221; column_padding_tablet=&#8221;no-extra-padding&#8221; column_padding_phone=&#8221;no-extra-padding&#8221; column_padding_position=&#8221;right&#8221; flex_gap_desktop=&#8221;10px&#8221; column_element_direction_desktop=&#8221;default&#8221; column_element_spacing=&#8221;default&#8221; desktop_text_alignment=&#8221;default&#8221; tablet_text_alignment=&#8221;default&#8221; phone_text_alignment=&#8221;default&#8221; background_color_opacity=&#8221;1&#8243; background_hover_color_opacity=&#8221;1&#8243; column_backdrop_filter=&#8221;none&#8221; column_shadow=&#8221;none&#8221; column_border_radius=&#8221;none&#8221; column_link_target=&#8221;_self&#8221; column_position=&#8221;default&#8221; gradient_direction=&#8221;left_to_right&#8221; overlay_strength=&#8221;0.3&#8243; width=&#8221;1\/2&#8243; tablet_width_inherit=&#8221;default&#8221; animation_type=&#8221;default&#8221; enable_animation=&#8221;true&#8221; animation=&#8221;slight-fade-in-from-bottom&#8221; animation_easing=&#8221;default&#8221; bg_image_animation=&#8221;none&#8221; border_type=&#8221;simple&#8221; column_border_width=&#8221;none&#8221; column_border_style=&#8221;solid&#8221; column_padding_type=&#8221;default&#8221; gradient_type=&#8221;default&#8221;][vc_custom_heading text=&#8221;Tervetuloa mukaan yleisurheilemaan!&#8221; font_container=&#8221;tag:h3|text_align:left|color:%23000000&#8243; use_theme_fonts=&#8221;yes&#8221; css=&#8221;&#8221;][vc_column_text css=&#8221;&#8221; text_direction=&#8221;default&#8221;]<strong>Ilmoittautuminen kev\u00e4\u00e4n ryhmiin alkaa maanantaina 1.12. klo 12, <\/strong>ja se onnistuu ryhmien MyClub- tapahtumasivuilta, joihin p\u00e4\u00e4see ryhmien alla olevien ilmoittautumislinkkien kautta. (linkit toimivat ilmoittautumisen alkaessa)<\/p>\n<p>Yleisurheilukouluryhmiin otetaan enint\u00e4\u00e4n 22 lasta. Paikat t\u00e4ytet\u00e4\u00e4n ilmoittautumisj\u00e4rjestyksess\u00e4, mutta huomioittehan, ett\u00e4<strong> Kupittaan urheiluhallin ryhmiss\u00e4 nuorin ik\u00e4luokka on 2020 syntyneet eik\u00e4 ryhm\u00e4\u00e4n oteta sit\u00e4 nuorempia ryhm\u00e4n tullessa t\u00e4yteen. My\u00f6s 2019 syntyneiden ryhm\u00e4t on tarkoitettu p\u00e4\u00e4asiassa nimenomaan kyseisen ik\u00e4luokan urheilijoille.<\/strong>\u00a0Ryhm\u00e4t toteutuvat, mik\u00e4li ilmoittautuneita on v\u00e4hint\u00e4\u00e4n 10. Ilmoittautuneille l\u00e4hetet\u00e4\u00e4n lis\u00e4infoa ryhmist\u00e4 noin viikkoa ennen toiminnan alkua. Mukaan harjoituksiin tarvitaan juomapullo, sis\u00e4liikuntavarusteet sek\u00e4 iloista mielt\u00e4. Kupittaan hallin harjoituksissa k\u00e4ytet\u00e4\u00e4n lenkkareita, koulujen saleissa jumpataan paljain jaloin tai jumppatossuin.<\/p>\n<p>Yleisurheilukoulut on tarkoitettu 3\u20138-vuotiaille harrastuksen aloittaville tai jo lajia harrastaneille lapsille. Yleisurheilukoulussa tutustutaan laajasti eri yleisurheilulajeihin. Harjoittelussa keskityt\u00e4\u00e4n yleisurheilun perustaitoihin: juoksemiseen, hypp\u00e4\u00e4miseen, heitt\u00e4miseen ja oman kehon hallintaan. Taitoja harjoitellaan osin pelien ja leikkien avulla. Tavoitteena on synnytt\u00e4\u00e4 innostus urheilua kohtaan ja tarjota jokaiselle lapselle positiivinen liikuntakokemus turvallisessa ymp\u00e4rist\u00f6ss\u00e4.<\/p>\n<p>Turun Urheiluliiton yleisurheilukoulut ovat kausiluonteisia, ja ne alkavat kolmesti vuodessa: kev\u00e4\u00e4ll\u00e4, kes\u00e4ll\u00e4 ja syksyll\u00e4. Kev\u00e4t- ja syyskauden pituus on 14 viikkoa. Kes\u00e4kaudella j\u00e4rjestet\u00e4\u00e4n 8, 10 ja 12 viikon yleisurheilukouluja. Mukaan toimintaan voi liitty\u00e4 uusien ryhmien alkaessa tai kesken kauden.<\/p>\n<p>Vapaita paikkoja voi tiedustella osoitteesta yleisurheilukoulu(at)turunurheiluliitto.fi<\/p>\n<p>Yleisurheilukoulujen toimintaa on mahdollistamassa Vaisteen perhe.[\/vc_column_text][\/vc_column][vc_column column_padding=&#8221;padding-6-percent&#8221; column_padding_tablet=&#8221;inherit&#8221; column_padding_phone=&#8221;inherit&#8221; column_padding_position=&#8221;all&#8221; flex_gap_desktop=&#8221;10px&#8221; column_element_direction_desktop=&#8221;default&#8221; column_element_spacing=&#8221;default&#8221; desktop_text_alignment=&#8221;default&#8221; tablet_text_alignment=&#8221;default&#8221; phone_text_alignment=&#8221;default&#8221; background_color=&#8221;#ffd723&#8243; background_color_opacity=&#8221;1&#8243; background_hover_color_opacity=&#8221;1&#8243; column_backdrop_filter=&#8221;none&#8221; column_shadow=&#8221;none&#8221; column_border_radius=&#8221;none&#8221; column_link_target=&#8221;_self&#8221; column_position=&#8221;default&#8221; gradient_direction=&#8221;left_to_right&#8221; overlay_strength=&#8221;0.3&#8243; width=&#8221;1\/2&#8243; tablet_width_inherit=&#8221;default&#8221; animation_type=&#8221;default&#8221; bg_image_animation=&#8221;none&#8221; border_type=&#8221;simple&#8221; column_border_width=&#8221;none&#8221; column_border_style=&#8221;solid&#8221; column_padding_type=&#8221;default&#8221; gradient_type=&#8221;default&#8221;][vc_custom_heading text=&#8221;Kev\u00e4\u00e4n 2026 ryhm\u00e4t&#8221; font_container=&#8221;tag:h3|font_size:24|text_align:left|color:%23000000&#8243; use_theme_fonts=&#8221;yes&#8221; css=&#8221;&#8221;][vc_column_text css=&#8221;&#8221; text_direction=&#8221;default&#8221;]<span style=\"font-size: 12pt\"><strong>Ilmoittautuminen kev\u00e4\u00e4n yleisurheilukouluihin alkaa maanantaina 1.12. klo 12:00 Myclubissa (linkit ryhmien myclub-sivuille alla, ne toimivat ilmoittautumisen alkaessa)<\/strong><\/span><\/p>\n<table style=\"border-collapse: collapse;width: 0%;height: 288px\">\n<tbody>\n<tr style=\"height: 24px\">\n<td style=\"width: 6.081081%;height: 24px\"><\/td>\n<td style=\"width: 34.29054%;height: 24px\">Klo<\/td>\n<td style=\"width: 26.013514%;height: 24px\">Ik\u00e4luokka<\/td>\n<td style=\"width: 20.354729%;height: 24px\">Paikka<\/td>\n<\/tr>\n<tr style=\"height: 24px\">\n<td style=\"width: 6.081081%;height: 24px\">Maanantai<\/p>\n<p><i>12.1.-27.4<\/i><\/td>\n<td style=\"width: 34.29054%;height: 24px\">18:00-19:00<\/td>\n<td style=\"width: 26.013514%;height: 24px\">2019<\/td>\n<td style=\"width: 20.354729%;height: 24px\">Kupittaan urheiluhalli<\/td>\n<\/tr>\n<tr style=\"height: 96px\">\n<td style=\"width: 6.081081%;height: 96px\">Keskiviikko<\/p>\n<p><em>14.1.-22.4<\/em>.<\/td>\n<td style=\"width: 34.29054%;height: 96px\">16:00-16:45<\/p>\n<p>17.00-18:00<\/td>\n<td style=\"width: 26.013514%;height: 96px\">2022-2021<\/p>\n<p>2021-2020<\/td>\n<td style=\"width: 20.354729%;height: 96px\">Luostarivuoren koulun sali<\/td>\n<\/tr>\n<tr style=\"height: 96px\">\n<td style=\"width: 6.081081%;height: 96px\">Torstai<\/p>\n<p><em>15.1.-23.4.<\/em><\/td>\n<td style=\"width: 34.29054%;height: 96px\">17.00-18:00<\/p>\n<p>18:00-19:00<\/td>\n<td style=\"width: 26.013514%;height: 96px\">2020<\/p>\n<p>2019<\/td>\n<td style=\"width: 20.354729%;height: 96px\">Kupittaan urheiluhalli<\/td>\n<\/tr>\n<tr style=\"height: 23px\">\n<td style=\"width: 6.081081%;height: 23px\">Lauantai<\/p>\n<p><em>17.1.-25.4<\/em>.<\/td>\n<td style=\"width: 34.29054%;height: 23px\">10.00-11:00<\/td>\n<td style=\"width: 26.013514%;height: 23px\">2021-2020<\/td>\n<td style=\"width: 20.354729%;height: 23px\">Vasaram\u00e4en koulu<\/td>\n<\/tr>\n<tr style=\"height: 25px\">\n<td style=\"width: 6.081081%;height: 25px\"><\/td>\n<td style=\"width: 34.29054%;height: 25px\"><\/td>\n<td style=\"width: 26.013514%;height: 25px\"><\/td>\n<td style=\"width: 20.354729%;height: 25px\"><\/td>\n<\/tr>\n<\/tbody>\n<\/table>\n<p>Kev\u00e4\u00e4n yleisurheilukouluissa:<\/p>\n<ul>\n<li>Hiihtolomaviikolla ei ole harjoituksia.<\/li>\n<\/ul>\n<p>Lis\u00e4tietoa voi kysell\u00e4 Tuuli Tuomiselta osoitteesta yleisurheilukoulu@turunurheiluliitto.fi<\/p>\n<p><strong>2022 syntyneet:<\/strong><\/p>\n<p>Keskiviikkoisin klo 16:00-16:45 Luostarivuoren koulun salissa.<\/p>\n<p>Ilmoittautuminen <a href=\"https:\/\/turunurheiluliitto.myclub.fi\/flow\/events\/9842871\">t\u00e4st\u00e4<\/a><\/p>\n<p>&nbsp;<\/p>\n<p><strong>2021 syntyneet:<\/strong><\/p>\n<p>Keskiviikkoisin klo 16:00-16:45 Luostarivuoren koulun salissa.<\/p>\n<p>Ilmoittautuminen\u00a0<a href=\"https:\/\/turunurheiluliitto.myclub.fi\/flow\/events\/9842871\">t\u00e4st\u00e4<\/a><\/p>\n<p>Keskiviikkoisin klo 17:00-18:00 Luostarivuoren koulun salissa<\/p>\n<p>Ilmoittautuminen\u00a0<a href=\"https:\/\/turunurheiluliitto.myclub.fi\/flow\/events\/9842873\">t\u00e4st\u00e4<\/a><\/p>\n<p>Lauantaisin klo 10:00-11:00 Vasaram\u00e4en koulun salissa.<\/p>\n<p>Ilmoittautuminen\u00a0<a href=\"https:\/\/turunurheiluliitto.myclub.fi\/flow\/events\/9945535\">t\u00e4st\u00e4<\/a><\/p>\n<p>&nbsp;<\/p>\n<p><strong>2020 syntyneet:<\/strong><\/p>\n<p>Keskiviikkoisin klo 17:00-18:00 Luostarinvuoren koulun salissa.<\/p>\n<p>Ilmoittautuminen\u00a0<a href=\"https:\/\/turunurheiluliitto.myclub.fi\/flow\/events\/9842873\">t\u00e4st\u00e4<\/a><\/p>\n<p>Torstaisin klo 17:00-18:00 Kupittaan urheiluhallissa.<\/p>\n<p>Ilmoittautuminen\u00a0<a href=\"https:\/\/turunurheiluliitto.myclub.fi\/flow\/events\/9842875\">t\u00e4st\u00e4<\/a><\/p>\n<p>Lauantaisin klo 10:00-11:00 Vasaram\u00e4en koulun salissa.<\/p>\n<p>Ilmoittautuminen\u00a0<a href=\"https:\/\/turunurheiluliitto.myclub.fi\/flow\/events\/9945535\">t\u00e4st\u00e4<\/a><\/p>\n<p>&nbsp;<\/p>\n<p><strong>2019 syntyneet:<\/strong><\/p>\n<p>Maanantaisin klo 18:00-19:00 Kupittaalla.<\/p>\n<p>Ilmoittautuminen\u00a0<a href=\"https:\/\/turunurheiluliitto.myclub.fi\/flow\/events\/9842868\">t\u00e4st\u00e4<\/a><\/p>\n<p>Torstaisin klo 18:00-19:00 Kupittaan urheiluhallissa.<\/p>\n<p>Ilmoittautuminen\u00a0<a href=\"https:\/\/turunurheiluliitto.myclub.fi\/flow\/events\/9842876\">t\u00e4st\u00e4<\/a><\/p>\n<p>&nbsp;<\/p>\n<p><strong>2018 syntyneet<\/strong> harjoittelevat syyskaudesta alkaen juniorivalmennusryhm\u00e4ss\u00e4. Lis\u00e4\u00e4 tietoa ryhm\u00e4n toiminnasta l\u00f6ytyy <a href=\"https:\/\/turunurheiluliitto.fi\/yleisurheilu\/nuorisourheilu\">t\u00e4\u00e4lt\u00e4<\/a>[\/vc_column_text][\/vc_column][\/vc_row][vc_row type=&#8221;in_container&#8221; full_screen_row_position=&#8221;middle&#8221; column_margin=&#8221;default&#8221; column_direction=&#8221;default&#8221; column_direction_tablet=&#8221;default&#8221; column_direction_phone=&#8221;default&#8221; scene_position=&#8221;center&#8221; top_padding=&#8221;6%&#8221; constrain_group_1=&#8221;yes&#8221; bottom_padding=&#8221;6%&#8221; top_padding_phone=&#8221;10%&#8221; constrain_group_5=&#8221;yes&#8221; bottom_padding_phone=&#8221;10%&#8221; text_color=&#8221;dark&#8221; text_align=&#8221;left&#8221; row_border_radius=&#8221;none&#8221; row_border_radius_applies=&#8221;bg&#8221; row_position_desktop=&#8221;default&#8221; row_position_tablet=&#8221;inherit&#8221; row_position_phone=&#8221;inherit&#8221; overflow=&#8221;visible&#8221; overlay_strength=&#8221;0.3&#8243; gradient_direction=&#8221;left_to_right&#8221; shape_divider_position=&#8221;bottom&#8221; bg_image_animation=&#8221;none&#8221; gradient_type=&#8221;default&#8221; shape_type=&#8221;&#8221;][vc_column column_padding=&#8221;no-extra-padding&#8221; column_padding_tablet=&#8221;inherit&#8221; column_padding_phone=&#8221;inherit&#8221; column_padding_position=&#8221;all&#8221; flex_gap_desktop=&#8221;10px&#8221; column_element_direction_desktop=&#8221;default&#8221; column_element_spacing=&#8221;default&#8221; desktop_text_alignment=&#8221;default&#8221; tablet_text_alignment=&#8221;default&#8221; phone_text_alignment=&#8221;default&#8221; background_color_opacity=&#8221;1&#8243; background_hover_color_opacity=&#8221;1&#8243; column_backdrop_filter=&#8221;none&#8221; column_shadow=&#8221;none&#8221; column_border_radius=&#8221;none&#8221; column_link_target=&#8221;_self&#8221; column_position=&#8221;default&#8221; gradient_direction=&#8221;left_to_right&#8221; overlay_strength=&#8221;0.3&#8243; width=&#8221;1\/2&#8243; tablet_width_inherit=&#8221;default&#8221; animation_type=&#8221;default&#8221; bg_image_animation=&#8221;none&#8221; border_type=&#8221;simple&#8221; column_border_width=&#8221;none&#8221; column_border_style=&#8221;solid&#8221;][vc_custom_heading text=&#8221;Harjoitusmaksut, kev\u00e4tkausi 2026&#8243; font_container=&#8221;tag:h3|text_align:left|color:%23000000&#8243; use_theme_fonts=&#8221;yes&#8221; css=&#8221;&#8221;][divider line_type=&#8221;Small Line&#8221; line_alignment=&#8221;default&#8221; line_thickness=&#8221;4&#8243; divider_color=&#8221;accent-color&#8221; animate=&#8221;yes&#8221; custom_height=&#8221;60&#8243;][vc_column_text css=&#8221;&#8221; text_direction=&#8221;default&#8221;]Kev\u00e4t- ja syyskauden yleisurheilukouluissa on 14 harjoituskertaa. Niiden hinnat ovat:<\/p>\n<ul>\n<li>7-vuotiaat ja vanhemmat (eli vuonna 2019 ja aikaisemmin syntyneet) Kupittaan Urheiluhallin ryhm\u00e4t: 140 \u20ac \/ kausi<\/li>\n<li>7-vuotiaat ja vanhemmat (eli vuonna 2019 ja aikaisemmin syntyneet) koulujen salien ryhm\u00e4t: 120 \u20ac \/ kausi<\/li>\n<li>6-vuotiaat ja nuoremmat (eli vuonna 2019 syntyneet ja nuoremmat): 120 \u20ac \/ kausi<\/li>\n<\/ul>\n<p>Hintaan sis\u00e4ltyy ohjatut harjoitukset, lisenssi ja liikuntapaikkamaksut.<\/p>\n<p>Lis\u00e4tietoja kev\u00e4\u00e4n ja syksyn yleisurheilukouluista voi kysell\u00e4 yleisurheilukoulu@turunurheiluliitto.fi[\/vc_column_text][\/vc_column][vc_column column_padding=&#8221;no-extra-padding&#8221; column_padding_tablet=&#8221;inherit&#8221; column_padding_phone=&#8221;inherit&#8221; column_padding_position=&#8221;all&#8221; flex_gap_desktop=&#8221;10px&#8221; column_element_direction_desktop=&#8221;default&#8221; column_element_spacing=&#8221;default&#8221; desktop_text_alignment=&#8221;default&#8221; tablet_text_alignment=&#8221;default&#8221; phone_text_alignment=&#8221;default&#8221; background_color_opacity=&#8221;1&#8243; background_hover_color_opacity=&#8221;1&#8243; column_backdrop_filter=&#8221;none&#8221; column_shadow=&#8221;none&#8221; column_border_radius=&#8221;none&#8221; column_link_target=&#8221;_self&#8221; column_position=&#8221;default&#8221; gradient_direction=&#8221;left_to_right&#8221; overlay_strength=&#8221;0.3&#8243; width=&#8221;1\/2&#8243; tablet_width_inherit=&#8221;default&#8221; animation_type=&#8221;default&#8221; bg_image_animation=&#8221;none&#8221; border_type=&#8221;simple&#8221; column_border_width=&#8221;none&#8221; column_border_style=&#8221;solid&#8221;][image_with_animation image_url=&#8221;1495&#8243; image_size=&#8221;regular&#8221; max_width=&#8221;100%&#8221; max_width_mobile=&#8221;default&#8221; animation_type=&#8221;entrance&#8221; animation=&#8221;None&#8221; animation_movement_type=&#8221;transform_y&#8221; hover_animation=&#8221;none&#8221; alignment=&#8221;center&#8221; border_radius=&#8221;none&#8221; box_shadow=&#8221;none&#8221; image_loading=&#8221;default&#8221;][\/vc_column][\/vc_row][vc_row type=&#8221;in_container&#8221; full_screen_row_position=&#8221;middle&#8221; column_margin=&#8221;default&#8221; column_direction=&#8221;default&#8221; column_direction_tablet=&#8221;default&#8221; column_direction_phone=&#8221;default&#8221; scene_position=&#8221;center&#8221; top_padding=&#8221;6%&#8221; constrain_group_1=&#8221;yes&#8221; bottom_padding=&#8221;6%&#8221; text_color=&#8221;dark&#8221; text_align=&#8221;left&#8221; row_border_radius=&#8221;none&#8221; row_border_radius_applies=&#8221;bg&#8221; row_position_desktop=&#8221;default&#8221; row_position_tablet=&#8221;inherit&#8221; row_position_phone=&#8221;inherit&#8221; overflow=&#8221;visible&#8221; overlay_strength=&#8221;0.3&#8243; gradient_direction=&#8221;left_to_right&#8221; shape_divider_position=&#8221;bottom&#8221; bg_image_animation=&#8221;none&#8221; gradient_type=&#8221;default&#8221; shape_type=&#8221;&#8221;][vc_column column_padding=&#8221;no-extra-padding&#8221; column_padding_tablet=&#8221;inherit&#8221; column_padding_phone=&#8221;inherit&#8221; column_padding_position=&#8221;all&#8221; flex_gap_desktop=&#8221;10px&#8221; column_element_direction_desktop=&#8221;default&#8221; column_element_spacing=&#8221;default&#8221; desktop_text_alignment=&#8221;default&#8221; tablet_text_alignment=&#8221;default&#8221; phone_text_alignment=&#8221;default&#8221; background_color_opacity=&#8221;1&#8243; background_hover_color_opacity=&#8221;1&#8243; column_backdrop_filter=&#8221;none&#8221; column_shadow=&#8221;none&#8221; column_border_radius=&#8221;none&#8221; column_link_target=&#8221;_self&#8221; column_position=&#8221;default&#8221; gradient_direction=&#8221;left_to_right&#8221; overlay_strength=&#8221;0.3&#8243; width=&#8221;1\/1&#8243; tablet_width_inherit=&#8221;default&#8221; animation_type=&#8221;default&#8221; bg_image_animation=&#8221;none&#8221; border_type=&#8221;simple&#8221; column_border_width=&#8221;none&#8221; column_border_style=&#8221;solid&#8221;][nectar_global_section id=&#8221;47&#8243;][\/vc_column][\/vc_row]\n","protected":false},"excerpt":{"rendered":"<p>[vc_row type=&#8221;full_width_background&#8221; full_screen_row_position=&#8221;middle&#8221; column_margin=&#8221;default&#8221; column_direction=&#8221;default&#8221; column_direction_tablet=&#8221;default&#8221; column_direction_phone=&#8221;default&#8221; bg_image=&#8221;885&#8243; bg_image_type=&#8221;default&#8221; bg_position=&#8221;left center&#8221; background_image_loading=&#8221;default&#8221; bg_repeat=&#8221;no-repeat&#8221; scene_position=&#8221;center&#8221; top_padding=&#8221;14%&#8221; bottom_padding=&#8221;9%&#8221; text_color=&#8221;dark&#8221; text_align=&#8221;left&#8221; row_border_radius=&#8221;none&#8221; row_border_radius_applies=&#8221;bg&#8221; row_position_desktop=&#8221;default&#8221; row_position_tablet=&#8221;inherit&#8221; row_position_phone=&#8221;inherit&#8221; overflow=&#8221;visible&#8221; enable_gradient=&#8221;true&#8221; color_overlay=&#8221;#000000&#8243; overlay_strength=&#8221;0.95&#8243; gradient_direction=&#8221;left_to_right&#8221; shape_divider_position=&#8221;bottom&#8221; bg_image_animation=&#8221;none&#8221;&#8230;<\/p>\n","protected":false},"author":2,"featured_media":0,"parent":27,"menu_order":0,"comment_status":"closed","ping_status":"closed","template":"","meta":{"footnotes":""},"class_list":["post-45","page","type-page","status-publish"],"_links":{"self":[{"href":"https:\/\/turunurheiluliitto.fi\/yleisurheilu\/wp-json\/wp\/v2\/pages\/45","targetHints":{"allow":["GET"]}}],"collection":[{"href":"https:\/\/turunurheiluliitto.fi\/yleisurheilu\/wp-json\/wp\/v2\/pages"}],"about":[{"href":"https:\/\/turunurheiluliitto.fi\/yleisurheilu\/wp-json\/wp\/v2\/types\/page"}],"author":[{"embeddable":true,"href":"https:\/\/turunurheiluliitto.fi\/yleisurheilu\/wp-json\/wp\/v2\/users\/2"}],"replies":[{"embeddable":true,"href":"https:\/\/turunurheiluliitto.fi\/yleisurheilu\/wp-json\/wp\/v2\/comments?post=45"}],"version-history":[{"count":42,"href":"https:\/\/turunurheiluliitto.fi\/yleisurheilu\/wp-json\/wp\/v2\/pages\/45\/revisions"}],"predecessor-version":[{"id":4042,"href":"https:\/\/turunurheiluliitto.fi\/yleisurheilu\/wp-json\/wp\/v2\/pages\/45\/revisions\/4042"}],"up":[{"embeddable":true,"href":"https:\/\/turunurheiluliitto.fi\/yleisurheilu\/wp-json\/wp\/v2\/pages\/27"}],"wp:attachment":[{"href":"https:\/\/turunurheiluliitto.fi\/yleisurheilu\/wp-json\/wp\/v2\/media?parent=45"}],"curies":[{"name":"wp","href":"https:\/\/api.w.org\/{rel}","templated":true}]}}