{"id":2872,"date":"2025-03-14T15:12:00","date_gmt":"2025-03-14T13:12:00","guid":{"rendered":"https:\/\/turunurheiluliitto.fi\/yleisurheilu\/?page_id=2872"},"modified":"2025-07-04T11:29:12","modified_gmt":"2025-07-04T08:29:12","slug":"ruokailu","status":"publish","type":"page","link":"https:\/\/turunurheiluliitto.fi\/yleisurheilu\/sm-16-17-2025\/ruokailu","title":{"rendered":"16\u201317-v. SM-kilpailut 2025 &#8211; ruokailu"},"content":{"rendered":"[vc_row type=&#8221;full_width_background&#8221; full_screen_row_position=&#8221;middle&#8221; column_margin=&#8221;default&#8221; column_direction=&#8221;default&#8221; column_direction_tablet=&#8221;default&#8221; column_direction_phone=&#8221;default&#8221; bg_image=&#8221;2920&#8243; bg_image_tablet=&#8221;2920&#8243; bg_image_phone=&#8221;2920&#8243; bg_position=&#8221;right top&#8221; background_image_loading=&#8221;default&#8221; bg_repeat=&#8221;no-repeat&#8221; scene_position=&#8221;center&#8221; top_padding=&#8221;24%&#8221; bottom_padding=&#8221;4%&#8221; text_color=&#8221;dark&#8221; text_align=&#8221;left&#8221; row_border_radius=&#8221;none&#8221; row_border_radius_applies=&#8221;bg&#8221; overflow=&#8221;visible&#8221; color_overlay=&#8221;#000000&#8243; overlay_strength=&#8221;0.5&#8243; gradient_direction=&#8221;left_to_right&#8221; shape_divider_position=&#8221;bottom&#8221; bg_image_animation=&#8221;none&#8221; gradient_type=&#8221;default&#8221; shape_type=&#8221;&#8221;][vc_column column_padding=&#8221;no-extra-padding&#8221; column_padding_tablet=&#8221;inherit&#8221; column_padding_phone=&#8221;inherit&#8221; column_padding_position=&#8221;all&#8221; column_element_direction_desktop=&#8221;default&#8221; column_element_spacing=&#8221;default&#8221; desktop_text_alignment=&#8221;default&#8221; tablet_text_alignment=&#8221;default&#8221; phone_text_alignment=&#8221;default&#8221; background_color_opacity=&#8221;1&#8243; background_hover_color_opacity=&#8221;1&#8243; column_backdrop_filter=&#8221;none&#8221; column_shadow=&#8221;none&#8221; column_border_radius=&#8221;none&#8221; column_link_target=&#8221;_self&#8221; column_position=&#8221;default&#8221; gradient_direction=&#8221;left_to_right&#8221; overlay_strength=&#8221;0.3&#8243; width=&#8221;1\/1&#8243; tablet_width_inherit=&#8221;default&#8221; animation_type=&#8221;default&#8221; bg_image_animation=&#8221;none&#8221; border_type=&#8221;simple&#8221; column_border_width=&#8221;none&#8221; column_border_style=&#8221;solid&#8221; column_padding_type=&#8221;default&#8221; gradient_type=&#8221;default&#8221;][vc_custom_heading text=&#8221;16\u201317-v. SM-kilpailut 2025&#8243; font_container=&#8221;tag:h1|text_align:left|color:%23ffffff&#8221; use_theme_fonts=&#8221;yes&#8221; css=&#8221;&#8221;][\/vc_column][\/vc_row][vc_row type=&#8221;in_container&#8221; full_screen_row_position=&#8221;middle&#8221; column_margin=&#8221;default&#8221; column_direction=&#8221;default&#8221; column_direction_tablet=&#8221;default&#8221; column_direction_phone=&#8221;default&#8221; scene_position=&#8221;center&#8221; left_margin=&#8221;5&#8243; right_margin=&#8221;5&#8243; text_color=&#8221;dark&#8221; text_align=&#8221;left&#8221; row_border_radius=&#8221;none&#8221; row_border_radius_applies=&#8221;bg&#8221; overflow=&#8221;visible&#8221; overlay_strength=&#8221;0.3&#8243; gradient_direction=&#8221;left_to_right&#8221; shape_divider_position=&#8221;bottom&#8221; bg_image_animation=&#8221;none&#8221; gradient_type=&#8221;default&#8221; shape_type=&#8221;&#8221;][vc_column column_padding=&#8221;no-extra-padding&#8221; column_padding_tablet=&#8221;inherit&#8221; column_padding_phone=&#8221;inherit&#8221; column_padding_position=&#8221;all&#8221; column_element_direction_desktop=&#8221;default&#8221; column_element_spacing=&#8221;default&#8221; desktop_text_alignment=&#8221;default&#8221; tablet_text_alignment=&#8221;default&#8221; phone_text_alignment=&#8221;default&#8221; background_color_opacity=&#8221;1&#8243; background_hover_color_opacity=&#8221;1&#8243; column_backdrop_filter=&#8221;none&#8221; column_shadow=&#8221;none&#8221; column_border_radius=&#8221;none&#8221; column_link_target=&#8221;_self&#8221; column_position=&#8221;default&#8221; gradient_direction=&#8221;left_to_right&#8221; overlay_strength=&#8221;0.3&#8243; width=&#8221;1\/1&#8243; tablet_width_inherit=&#8221;default&#8221; animation_type=&#8221;default&#8221; bg_image_animation=&#8221;none&#8221; border_type=&#8221;simple&#8221; column_border_width=&#8221;none&#8221; column_border_style=&#8221;solid&#8221;][nectar_global_section id=&#8221;2847&#8243;][\/vc_column][\/vc_row][vc_row type=&#8221;full_width_background&#8221; full_screen_row_position=&#8221;middle&#8221; column_margin=&#8221;default&#8221; equal_height=&#8221;yes&#8221; content_placement=&#8221;middle&#8221; column_direction=&#8221;default&#8221; column_direction_tablet=&#8221;default&#8221; column_direction_phone=&#8221;default&#8221; bg_color=&#8221;#ffffff&#8221; scene_position=&#8221;center&#8221; top_padding=&#8221;1%&#8221; bottom_padding=&#8221;4%&#8221; constrain_group_2=&#8221;yes&#8221; left_padding_tablet=&#8221;1%&#8221; constrain_group_4=&#8221;yes&#8221; right_padding_tablet=&#8221;1%&#8221; constrain_group_6=&#8221;yes&#8221; text_color=&#8221;dark&#8221; text_align=&#8221;left&#8221; row_border_radius=&#8221;none&#8221; row_border_radius_applies=&#8221;bg&#8221; zindex=&#8221;10&#8243; overflow=&#8221;visible&#8221; id=&#8221;info&#8221; advanced_gradient_angle=&#8221;0&#8243; overlay_strength=&#8221;0.8&#8243; gradient_direction=&#8221;left_to_right&#8221; shape_divider_position=&#8221;bottom&#8221; bg_image_animation=&#8221;none&#8221; parallax_bg=&#8221;true&#8221; parallax_bg_speed=&#8221;fast&#8221; shape_type=&#8221;&#8221; gradient_type=&#8221;default&#8221;][vc_column column_padding=&#8221;no-extra-padding&#8221; column_padding_tablet=&#8221;inherit&#8221; column_padding_phone=&#8221;inherit&#8221; column_padding_position=&#8221;right&#8221; column_element_direction_desktop=&#8221;default&#8221; column_element_spacing=&#8221;default&#8221; desktop_text_alignment=&#8221;default&#8221; tablet_text_alignment=&#8221;default&#8221; phone_text_alignment=&#8221;default&#8221; background_color_opacity=&#8221;1&#8243; background_hover_color_opacity=&#8221;1&#8243; column_backdrop_filter=&#8221;none&#8221; column_shadow=&#8221;none&#8221; column_border_radius=&#8221;none&#8221; column_link_target=&#8221;_self&#8221; column_position=&#8221;default&#8221; advanced_gradient_angle=&#8221;0&#8243; gradient_direction=&#8221;left_to_right&#8221; overlay_strength=&#8221;0.3&#8243; width=&#8221;1\/1&#8243; tablet_width_inherit=&#8221;default&#8221; animation_type=&#8221;default&#8221; bg_image_animation=&#8221;none&#8221; border_type=&#8221;simple&#8221; column_border_width=&#8221;none&#8221; column_border_style=&#8221;solid&#8221; gradient_type=&#8221;default&#8221;][vc_custom_heading text=&#8221;Ruokailu&#8221; css=&#8221;&#8221;][vc_column_text css=&#8221;&#8221; text_direction=&#8221;default&#8221;]Kisaruokala sijaitsee p\u00e4\u00e4katsomon takana olevassa teltassa. Ruokalipun hinta on etuk\u00e4teen ostettuna 12 \u20ac. Ruokalipputilaukset tehd\u00e4\u00e4n seuraavan linkin kautta torstaihin 3.7. menness\u00e4. Tilauksen yhteydess\u00e4 voit maksaa ruokaliput verkkopankissa tai valita pdf-laskun.<\/p>\n<p>Etuk\u00e4teen tilatut ruokaliput jaetaan kilpailukansliassa.<\/p>\n<p>Kisaruokailun ennakkotilaus on p\u00e4\u00e4ttynyt. Ruokalippuja on mahdollista ostaa viel\u00e4 paikan p\u00e4\u00e4ll\u00e4. Myyt\u00e4vi\u00e4 annoksia on varattu pienehk\u00f6 m\u00e4\u00e4r\u00e4 n. 50 annosta \/ p\u00e4iv\u00e4. Kisapaikalla ruokalippujen ostaminen tapahtuu p\u00e4\u00e4katsomon takana olevasta kioskista hintaan 13 \u20ac. Kioski on sama, josta ruoka-annokset my\u00f6s jaetaan.<\/p>\n<p><strong>Ruokailuajat ja ruokalista:<\/strong><\/p>\n<p>Pe 11.7. klo 14-17<\/p>\n<div>&#8211; Kanapasta + porkkanaraaste ja kastike<\/div>\n<p>La 12.7. klo 11-16<\/p>\n<p><span data-olk-copy-source=\"MessageBody\">&#8211; Kinkkukiusaus + tuoresalaatti ja kastike<\/span><\/p>\n<p>Su 13.7. klo 11-16<\/p>\n<p>&#8211; Makaronilaatikko + porkkanaraaste ja kastike<\/p>\n<p>Kaikki annokset ovat laktoosittomia. Muut ruoka-aineallergiat ja erityisruokavaliot ilmoitetaan ruokalippujen tilauslomakkeella.[\/vc_column_text][\/vc_column][\/vc_row][vc_row type=&#8221;in_container&#8221; full_screen_row_position=&#8221;middle&#8221; column_margin=&#8221;default&#8221; column_direction=&#8221;default&#8221; column_direction_tablet=&#8221;default&#8221; column_direction_phone=&#8221;default&#8221; scene_position=&#8221;center&#8221; top_padding=&#8221;4%&#8221; constrain_group_1=&#8221;yes&#8221; bottom_padding=&#8221;4%&#8221; text_color=&#8221;dark&#8221; text_align=&#8221;left&#8221; row_border_radius=&#8221;none&#8221; row_border_radius_applies=&#8221;bg&#8221; overflow=&#8221;visible&#8221; overlay_strength=&#8221;0.3&#8243; gradient_direction=&#8221;left_to_right&#8221; shape_divider_position=&#8221;bottom&#8221; bg_image_animation=&#8221;none&#8221; gradient_type=&#8221;default&#8221; shape_type=&#8221;&#8221;][vc_column column_padding=&#8221;no-extra-padding&#8221; column_padding_tablet=&#8221;inherit&#8221; column_padding_phone=&#8221;inherit&#8221; column_padding_position=&#8221;all&#8221; column_element_direction_desktop=&#8221;default&#8221; column_element_spacing=&#8221;default&#8221; desktop_text_alignment=&#8221;default&#8221; tablet_text_alignment=&#8221;default&#8221; phone_text_alignment=&#8221;default&#8221; background_color_opacity=&#8221;1&#8243; background_hover_color_opacity=&#8221;1&#8243; column_backdrop_filter=&#8221;none&#8221; column_shadow=&#8221;none&#8221; column_border_radius=&#8221;none&#8221; column_link_target=&#8221;_self&#8221; column_position=&#8221;default&#8221; gradient_direction=&#8221;left_to_right&#8221; overlay_strength=&#8221;0.3&#8243; width=&#8221;1\/1&#8243; tablet_width_inherit=&#8221;default&#8221; animation_type=&#8221;default&#8221; bg_image_animation=&#8221;none&#8221; border_type=&#8221;simple&#8221; column_border_width=&#8221;none&#8221; column_border_style=&#8221;solid&#8221;][\/vc_column][\/vc_row]\n","protected":false},"excerpt":{"rendered":"<p>[vc_row type=&#8221;full_width_background&#8221; full_screen_row_position=&#8221;middle&#8221; column_margin=&#8221;default&#8221; column_direction=&#8221;default&#8221; column_direction_tablet=&#8221;default&#8221; column_direction_phone=&#8221;default&#8221; bg_image=&#8221;2920&#8243; bg_image_tablet=&#8221;2920&#8243; bg_image_phone=&#8221;2920&#8243; bg_position=&#8221;right top&#8221; background_image_loading=&#8221;default&#8221; bg_repeat=&#8221;no-repeat&#8221; scene_position=&#8221;center&#8221; top_padding=&#8221;24%&#8221; bottom_padding=&#8221;4%&#8221; text_color=&#8221;dark&#8221; text_align=&#8221;left&#8221; row_border_radius=&#8221;none&#8221; row_border_radius_applies=&#8221;bg&#8221; overflow=&#8221;visible&#8221; color_overlay=&#8221;#000000&#8243; overlay_strength=&#8221;0.5&#8243; gradient_direction=&#8221;left_to_right&#8221; shape_divider_position=&#8221;bottom&#8221; bg_image_animation=&#8221;none&#8221; gradient_type=&#8221;default&#8221; shape_type=&#8221;&#8221;][vc_column column_padding=&#8221;no-extra-padding&#8221;&#8230;<\/p>\n","protected":false},"author":8,"featured_media":0,"parent":2846,"menu_order":0,"comment_status":"closed","ping_status":"closed","template":"","meta":{"footnotes":""},"class_list":["post-2872","page","type-page","status-publish"],"yoast_head":"<!-- This site is optimized with the Yoast SEO plugin v27.3 - https:\/\/yoast.com\/product\/yoast-seo-wordpress\/ -->\n<title>16\u201317-v. SM-kilpailut 2025 - ruokailu - TuUL Yleisurheilu<\/title>\n<meta name=\"description\" content=\"Yleisurheilun M\/N 16-17 SM-kilpailut 11.-13.7.2025 Turussa Paavo Nurmen stadionilla\" \/>\n<meta name=\"robots\" content=\"index, follow, max-snippet:-1, max-image-preview:large, max-video-preview:-1\" \/>\n<link rel=\"canonical\" href=\"https:\/\/turunurheiluliitto.fi\/yleisurheilu\/sm-16-17-2025\/ruokailu\" \/>\n<meta property=\"og:locale\" content=\"fi_FI\" \/>\n<meta property=\"og:type\" content=\"article\" \/>\n<meta property=\"og:title\" content=\"16\u201317-v. SM-kilpailut 2025 - ruokailu - TuUL Yleisurheilu\" \/>\n<meta property=\"og:description\" content=\"Yleisurheilun M\/N 16-17 SM-kilpailut 11.-13.7.2025 Turussa Paavo Nurmen stadionilla\" \/>\n<meta property=\"og:url\" content=\"https:\/\/turunurheiluliitto.fi\/yleisurheilu\/sm-16-17-2025\/ruokailu\" \/>\n<meta property=\"og:site_name\" content=\"TuUL Yleisurheilu\" \/>\n<meta property=\"article:modified_time\" content=\"2025-07-04T08:29:12+00:00\" \/>\n<meta name=\"twitter:card\" content=\"summary_large_image\" \/>\n<meta name=\"twitter:label1\" content=\"Arvioitu lukuaika\" \/>\n\t<meta name=\"twitter:data1\" content=\"2 minuuttia\" \/>\n<script type=\"application\/ld+json\" class=\"yoast-schema-graph\">{\"@context\":\"https:\\\/\\\/schema.org\",\"@graph\":[{\"@type\":\"WebPage\",\"@id\":\"https:\\\/\\\/turunurheiluliitto.fi\\\/yleisurheilu\\\/sm-16-17-2025\\\/ruokailu\",\"url\":\"https:\\\/\\\/turunurheiluliitto.fi\\\/yleisurheilu\\\/sm-16-17-2025\\\/ruokailu\",\"name\":\"16\u201317-v. SM-kilpailut 2025 - ruokailu - TuUL Yleisurheilu\",\"isPartOf\":{\"@id\":\"https:\\\/\\\/turunurheiluliitto.fi\\\/yleisurheilu\\\/#website\"},\"datePublished\":\"2025-03-14T13:12:00+00:00\",\"dateModified\":\"2025-07-04T08:29:12+00:00\",\"description\":\"Yleisurheilun M\\\/N 16-17 SM-kilpailut 11.-13.7.2025 Turussa Paavo Nurmen stadionilla\",\"breadcrumb\":{\"@id\":\"https:\\\/\\\/turunurheiluliitto.fi\\\/yleisurheilu\\\/sm-16-17-2025\\\/ruokailu#breadcrumb\"},\"inLanguage\":\"fi\",\"potentialAction\":[{\"@type\":\"ReadAction\",\"target\":[\"https:\\\/\\\/turunurheiluliitto.fi\\\/yleisurheilu\\\/sm-16-17-2025\\\/ruokailu\"]}]},{\"@type\":\"BreadcrumbList\",\"@id\":\"https:\\\/\\\/turunurheiluliitto.fi\\\/yleisurheilu\\\/sm-16-17-2025\\\/ruokailu#breadcrumb\",\"itemListElement\":[{\"@type\":\"ListItem\",\"position\":1,\"name\":\"Etusivu\",\"item\":\"https:\\\/\\\/turunurheiluliitto.fi\\\/yleisurheilu\\\/\"},{\"@type\":\"ListItem\",\"position\":2,\"name\":\"16\u201317-v. SM-kilpailut 2025\",\"item\":\"https:\\\/\\\/turunurheiluliitto.fi\\\/yleisurheilu\\\/sm-16-17-2025\"},{\"@type\":\"ListItem\",\"position\":3,\"name\":\"16\u201317-v. SM-kilpailut 2025 &#8211; ruokailu\"}]},{\"@type\":\"WebSite\",\"@id\":\"https:\\\/\\\/turunurheiluliitto.fi\\\/yleisurheilu\\\/#website\",\"url\":\"https:\\\/\\\/turunurheiluliitto.fi\\\/yleisurheilu\\\/\",\"name\":\"TuUL Yleisurheilu\",\"description\":\"Turun Urheiluliitto Yleisurheilu\",\"potentialAction\":[{\"@type\":\"SearchAction\",\"target\":{\"@type\":\"EntryPoint\",\"urlTemplate\":\"https:\\\/\\\/turunurheiluliitto.fi\\\/yleisurheilu\\\/?s={search_term_string}\"},\"query-input\":{\"@type\":\"PropertyValueSpecification\",\"valueRequired\":true,\"valueName\":\"search_term_string\"}}],\"inLanguage\":\"fi\"}]}<\/script>\n<!-- \/ Yoast SEO plugin. -->","yoast_head_json":{"title":"16\u201317-v. SM-kilpailut 2025 - ruokailu - TuUL Yleisurheilu","description":"Yleisurheilun M\/N 16-17 SM-kilpailut 11.-13.7.2025 Turussa Paavo Nurmen stadionilla","robots":{"index":"index","follow":"follow","max-snippet":"max-snippet:-1","max-image-preview":"max-image-preview:large","max-video-preview":"max-video-preview:-1"},"canonical":"https:\/\/turunurheiluliitto.fi\/yleisurheilu\/sm-16-17-2025\/ruokailu","og_locale":"fi_FI","og_type":"article","og_title":"16\u201317-v. SM-kilpailut 2025 - ruokailu - TuUL Yleisurheilu","og_description":"Yleisurheilun M\/N 16-17 SM-kilpailut 11.-13.7.2025 Turussa Paavo Nurmen stadionilla","og_url":"https:\/\/turunurheiluliitto.fi\/yleisurheilu\/sm-16-17-2025\/ruokailu","og_site_name":"TuUL Yleisurheilu","article_modified_time":"2025-07-04T08:29:12+00:00","twitter_card":"summary_large_image","twitter_misc":{"Arvioitu lukuaika":"2 minuuttia"},"schema":{"@context":"https:\/\/schema.org","@graph":[{"@type":"WebPage","@id":"https:\/\/turunurheiluliitto.fi\/yleisurheilu\/sm-16-17-2025\/ruokailu","url":"https:\/\/turunurheiluliitto.fi\/yleisurheilu\/sm-16-17-2025\/ruokailu","name":"16\u201317-v. SM-kilpailut 2025 - ruokailu - TuUL Yleisurheilu","isPartOf":{"@id":"https:\/\/turunurheiluliitto.fi\/yleisurheilu\/#website"},"datePublished":"2025-03-14T13:12:00+00:00","dateModified":"2025-07-04T08:29:12+00:00","description":"Yleisurheilun M\/N 16-17 SM-kilpailut 11.-13.7.2025 Turussa Paavo Nurmen stadionilla","breadcrumb":{"@id":"https:\/\/turunurheiluliitto.fi\/yleisurheilu\/sm-16-17-2025\/ruokailu#breadcrumb"},"inLanguage":"fi","potentialAction":[{"@type":"ReadAction","target":["https:\/\/turunurheiluliitto.fi\/yleisurheilu\/sm-16-17-2025\/ruokailu"]}]},{"@type":"BreadcrumbList","@id":"https:\/\/turunurheiluliitto.fi\/yleisurheilu\/sm-16-17-2025\/ruokailu#breadcrumb","itemListElement":[{"@type":"ListItem","position":1,"name":"Etusivu","item":"https:\/\/turunurheiluliitto.fi\/yleisurheilu\/"},{"@type":"ListItem","position":2,"name":"16\u201317-v. SM-kilpailut 2025","item":"https:\/\/turunurheiluliitto.fi\/yleisurheilu\/sm-16-17-2025"},{"@type":"ListItem","position":3,"name":"16\u201317-v. SM-kilpailut 2025 &#8211; ruokailu"}]},{"@type":"WebSite","@id":"https:\/\/turunurheiluliitto.fi\/yleisurheilu\/#website","url":"https:\/\/turunurheiluliitto.fi\/yleisurheilu\/","name":"TuUL Yleisurheilu","description":"Turun Urheiluliitto Yleisurheilu","potentialAction":[{"@type":"SearchAction","target":{"@type":"EntryPoint","urlTemplate":"https:\/\/turunurheiluliitto.fi\/yleisurheilu\/?s={search_term_string}"},"query-input":{"@type":"PropertyValueSpecification","valueRequired":true,"valueName":"search_term_string"}}],"inLanguage":"fi"}]}},"_links":{"self":[{"href":"https:\/\/turunurheiluliitto.fi\/yleisurheilu\/wp-json\/wp\/v2\/pages\/2872","targetHints":{"allow":["GET"]}}],"collection":[{"href":"https:\/\/turunurheiluliitto.fi\/yleisurheilu\/wp-json\/wp\/v2\/pages"}],"about":[{"href":"https:\/\/turunurheiluliitto.fi\/yleisurheilu\/wp-json\/wp\/v2\/types\/page"}],"author":[{"embeddable":true,"href":"https:\/\/turunurheiluliitto.fi\/yleisurheilu\/wp-json\/wp\/v2\/users\/8"}],"replies":[{"embeddable":true,"href":"https:\/\/turunurheiluliitto.fi\/yleisurheilu\/wp-json\/wp\/v2\/comments?post=2872"}],"version-history":[{"count":18,"href":"https:\/\/turunurheiluliitto.fi\/yleisurheilu\/wp-json\/wp\/v2\/pages\/2872\/revisions"}],"predecessor-version":[{"id":3428,"href":"https:\/\/turunurheiluliitto.fi\/yleisurheilu\/wp-json\/wp\/v2\/pages\/2872\/revisions\/3428"}],"up":[{"embeddable":true,"href":"https:\/\/turunurheiluliitto.fi\/yleisurheilu\/wp-json\/wp\/v2\/pages\/2846"}],"wp:attachment":[{"href":"https:\/\/turunurheiluliitto.fi\/yleisurheilu\/wp-json\/wp\/v2\/media?parent=2872"}],"curies":[{"name":"wp","href":"https:\/\/api.w.org\/{rel}","templated":true}]}}