{"id":1072,"date":"2023-05-04T14:43:17","date_gmt":"2023-05-04T11:43:17","guid":{"rendered":"https:\/\/turunurheiluliitto.fi\/yleisurheilu\/?page_id=1072"},"modified":"2023-10-31T12:05:52","modified_gmt":"2023-10-31T10:05:52","slug":"valmennus-ja-toimintamaksut_vanha","status":"publish","type":"page","link":"https:\/\/turunurheiluliitto.fi\/yleisurheilu\/kilpa-ja-huippu-urheilu\/valmennus-ja-toimintamaksut_vanha","title":{"rendered":"Valmennus- ja toimintamaksut (vanha kokeilu)"},"content":{"rendered":"[vc_row type=&#8221;full_width_background&#8221; full_screen_row_position=&#8221;middle&#8221; column_margin=&#8221;default&#8221; column_direction=&#8221;default&#8221; column_direction_tablet=&#8221;default&#8221; column_direction_phone=&#8221;default&#8221; bg_image=&#8221;209&#8243; bg_position=&#8221;center center&#8221; background_image_loading=&#8221;default&#8221; bg_repeat=&#8221;no-repeat&#8221; scene_position=&#8221;center&#8221; top_padding=&#8221;14%&#8221; bottom_padding=&#8221;9%&#8221; text_color=&#8221;dark&#8221; text_align=&#8221;left&#8221; row_border_radius=&#8221;none&#8221; row_border_radius_applies=&#8221;bg&#8221; overflow=&#8221;visible&#8221; enable_gradient=&#8221;true&#8221; color_overlay=&#8221;#000000&#8243; overlay_strength=&#8221;0.95&#8243; gradient_direction=&#8221;left_to_right&#8221; shape_divider_position=&#8221;bottom&#8221; bg_image_animation=&#8221;none&#8221; gradient_type=&#8221;default&#8221; shape_type=&#8221;&#8221;][vc_column column_padding=&#8221;no-extra-padding&#8221; column_padding_tablet=&#8221;inherit&#8221; column_padding_phone=&#8221;inherit&#8221; column_padding_position=&#8221;all&#8221; column_element_direction_desktop=&#8221;default&#8221; column_element_spacing=&#8221;default&#8221; desktop_text_alignment=&#8221;default&#8221; tablet_text_alignment=&#8221;default&#8221; phone_text_alignment=&#8221;default&#8221; background_color_opacity=&#8221;1&#8243; background_hover_color_opacity=&#8221;1&#8243; column_backdrop_filter=&#8221;none&#8221; column_shadow=&#8221;none&#8221; column_border_radius=&#8221;none&#8221; column_link_target=&#8221;_self&#8221; column_position=&#8221;default&#8221; gradient_direction=&#8221;left_to_right&#8221; overlay_strength=&#8221;0.3&#8243; width=&#8221;1\/1&#8243; tablet_width_inherit=&#8221;default&#8221; animation_type=&#8221;default&#8221; bg_image_animation=&#8221;none&#8221; border_type=&#8221;simple&#8221; column_border_width=&#8221;none&#8221; column_border_style=&#8221;solid&#8221;][vc_custom_heading text=&#8221;Valmennus- ja toimintamaksut&#8221; font_container=&#8221;tag:h1|text_align:left|color:%23ffffff&#8221; use_theme_fonts=&#8221;yes&#8221;][\/vc_column][\/vc_row][vc_row type=&#8221;full_width_background&#8221; full_screen_row_position=&#8221;middle&#8221; column_margin=&#8221;default&#8221; equal_height=&#8221;yes&#8221; content_placement=&#8221;middle&#8221; column_direction=&#8221;default&#8221; column_direction_tablet=&#8221;default&#8221; column_direction_phone=&#8221;default&#8221; bg_color=&#8221;f2f2f2&#8243; scene_position=&#8221;center&#8221; top_padding=&#8221;6%&#8221; constrain_group_1=&#8221;yes&#8221; bottom_padding=&#8221;6%&#8221; text_color=&#8221;dark&#8221; text_align=&#8221;left&#8221; row_border_radius=&#8221;none&#8221; row_border_radius_applies=&#8221;bg&#8221; overflow=&#8221;visible&#8221; id=&#8221;meista&#8221; color_overlay=&#8221;#f2f2f2&#8243; overlay_strength=&#8221;0.8&#8243; gradient_direction=&#8221;left_to_right&#8221; shape_divider_position=&#8221;bottom&#8221; bg_image_animation=&#8221;none&#8221; gradient_type=&#8221;default&#8221; shape_type=&#8221;&#8221;][vc_column column_padding=&#8221;padding-5-percent&#8221; column_padding_tablet=&#8221;no-extra-padding&#8221; column_padding_phone=&#8221;no-extra-padding&#8221; column_padding_position=&#8221;right&#8221; column_element_direction_desktop=&#8221;default&#8221; column_element_spacing=&#8221;default&#8221; desktop_text_alignment=&#8221;default&#8221; tablet_text_alignment=&#8221;default&#8221; phone_text_alignment=&#8221;default&#8221; background_color_opacity=&#8221;1&#8243; background_hover_color_opacity=&#8221;1&#8243; column_backdrop_filter=&#8221;none&#8221; column_shadow=&#8221;none&#8221; column_border_radius=&#8221;none&#8221; column_link_target=&#8221;_self&#8221; column_position=&#8221;default&#8221; gradient_direction=&#8221;left_to_right&#8221; overlay_strength=&#8221;0.3&#8243; width=&#8221;1\/2&#8243; tablet_width_inherit=&#8221;default&#8221; animation_type=&#8221;default&#8221; enable_animation=&#8221;true&#8221; animation=&#8221;slight-fade-in-from-bottom&#8221; animation_easing=&#8221;default&#8221; bg_image_animation=&#8221;none&#8221; border_type=&#8221;simple&#8221; column_border_width=&#8221;none&#8221; column_border_style=&#8221;solid&#8221; column_padding_type=&#8221;default&#8221; gradient_type=&#8221;default&#8221;][vc_column_text]14-vuotiaat tai sit\u00e4 vanhemmat kilpa- ja huippu-urheilijat maksavat seuralle joko valmennus- tai toimintamaksua:<\/p>\n<ul>\n<li>Valmennusmaksua maksavat ne urheilijat, joiden valmennusmaksut kulkevat seuran kautta.<\/li>\n<li>Toimintamaksua maksavat ne urheilijat, jotka eiv\u00e4t maksa valmennusmaksua.<\/li>\n<\/ul>\n<p>Valmennusmaksut ja toimintamaksut eroavat toisistaan siin\u00e4, mit\u00e4 ne sis\u00e4lt\u00e4v\u00e4t. Maksujen tarkemmat sis\u00e4ll\u00f6t n\u00e4kyv\u00e4t kunkin maksuluokan kohdalla klikkaamalla alta auki joko <em>Valmennusmaksut<\/em> tai <em>Toimintamaksut<\/em>.[\/vc_column_text][\/vc_column][vc_column column_padding=&#8221;padding-6-percent&#8221; column_padding_tablet=&#8221;inherit&#8221; column_padding_phone=&#8221;inherit&#8221; column_padding_position=&#8221;all&#8221; column_element_direction_desktop=&#8221;default&#8221; column_element_spacing=&#8221;default&#8221; desktop_text_alignment=&#8221;default&#8221; tablet_text_alignment=&#8221;default&#8221; phone_text_alignment=&#8221;default&#8221; background_color=&#8221;#ffd723&#8243; background_color_opacity=&#8221;1&#8243; background_hover_color_opacity=&#8221;1&#8243; column_backdrop_filter=&#8221;none&#8221; column_shadow=&#8221;none&#8221; column_border_radius=&#8221;none&#8221; column_link_target=&#8221;_self&#8221; column_position=&#8221;default&#8221; gradient_direction=&#8221;left_to_right&#8221; overlay_strength=&#8221;0.3&#8243; width=&#8221;1\/2&#8243; tablet_width_inherit=&#8221;default&#8221; animation_type=&#8221;default&#8221; bg_image_animation=&#8221;none&#8221; border_type=&#8221;simple&#8221; column_border_width=&#8221;none&#8221; column_border_style=&#8221;solid&#8221; column_padding_type=&#8221;default&#8221; gradient_type=&#8221;default&#8221;][vc_column_text]<strong>Kaikki maksut sis\u00e4lt\u00e4v\u00e4t<\/strong><\/p>\n<ul>\n<li>seuran j\u00e4senedut (esim. alennukset seuran omiin juoksutapahtumiin)<\/li>\n<li>yleisurheilulisenssin (ei sis\u00e4ll\u00e4 en\u00e4\u00e4 lisenssivakuutusta)<\/li>\n<li>sis\u00e4\u00e4np\u00e4\u00e4syrannekkeen Kupittaan urheiluhalliin (alle 20-vuotiaat)<\/li>\n<li>20-vuotiailla ja vanhemmilla urheilijoilla mahdollisuuden ostaa seurahintaisia k\u00e4yntikertoja urheiluhalliin hintaan 2 \u20ac \/ kerta<\/li>\n<li>seuran harjoitusv\u00e4lineiden k\u00e4yt\u00f6n<\/li>\n<li>bussikyydit seuracupin finaaliin, Tampereen ja Helsingin seuraotteluihin sek\u00e4 SM-viesteihin joukkueisiin valituille urheilijoille<\/li>\n<li>SM-viestien majoitukset joukkueeseen nimetyille urheilijoille ja valmentajille<\/li>\n<li>toimistopalvelut<\/li>\n<\/ul>\n[\/vc_column_text][\/vc_column][\/vc_row][vc_row type=&#8221;full_width_background&#8221; full_screen_row_position=&#8221;middle&#8221; column_margin=&#8221;default&#8221; equal_height=&#8221;yes&#8221; content_placement=&#8221;middle&#8221; column_direction=&#8221;default&#8221; column_direction_tablet=&#8221;default&#8221; column_direction_phone=&#8221;default&#8221; bg_color=&#8221;#ffffff&#8221; scene_position=&#8221;center&#8221; top_padding=&#8221;6%&#8221; constrain_group_1=&#8221;yes&#8221; bottom_padding=&#8221;6%&#8221; constrain_group_2=&#8221;yes&#8221; left_padding_tablet=&#8221;1%&#8221; constrain_group_4=&#8221;yes&#8221; right_padding_tablet=&#8221;1%&#8221; constrain_group_6=&#8221;yes&#8221; text_color=&#8221;dark&#8221; text_align=&#8221;left&#8221; row_border_radius=&#8221;none&#8221; row_border_radius_applies=&#8221;bg&#8221; zindex=&#8221;10&#8243; overflow=&#8221;visible&#8221; id=&#8221;info&#8221; advanced_gradient_angle=&#8221;0&#8243; overlay_strength=&#8221;0.8&#8243; gradient_direction=&#8221;left_to_right&#8221; shape_divider_position=&#8221;bottom&#8221; bg_image_animation=&#8221;none&#8221; parallax_bg=&#8221;true&#8221; parallax_bg_speed=&#8221;fast&#8221; shape_type=&#8221;&#8221; gradient_type=&#8221;default&#8221;][vc_column column_padding=&#8221;no-extra-padding&#8221; column_padding_tablet=&#8221;inherit&#8221; column_padding_phone=&#8221;inherit&#8221; column_padding_position=&#8221;right&#8221; column_element_direction_desktop=&#8221;default&#8221; column_element_spacing=&#8221;default&#8221; desktop_text_alignment=&#8221;default&#8221; tablet_text_alignment=&#8221;default&#8221; phone_text_alignment=&#8221;default&#8221; background_color_opacity=&#8221;1&#8243; background_hover_color_opacity=&#8221;1&#8243; column_backdrop_filter=&#8221;none&#8221; column_shadow=&#8221;none&#8221; column_border_radius=&#8221;none&#8221; column_link_target=&#8221;_self&#8221; column_position=&#8221;default&#8221; advanced_gradient_angle=&#8221;0&#8243; gradient_direction=&#8221;left_to_right&#8221; overlay_strength=&#8221;0.3&#8243; width=&#8221;1\/1&#8243; tablet_width_inherit=&#8221;default&#8221; animation_type=&#8221;default&#8221; bg_image_animation=&#8221;none&#8221; border_type=&#8221;simple&#8221; column_border_width=&#8221;none&#8221; column_border_style=&#8221;solid&#8221; gradient_type=&#8221;default&#8221;][toggles style=&#8221;minimal_shadow&#8221; accordion=&#8221;true&#8221; accordion_starting_functionality=&#8221;closed&#8221; border_radius=&#8221;none&#8221;][toggle color=&#8221;Default&#8221; heading_tag=&#8221;h3&#8243; heading_tag_functionality=&#8221;default&#8221; title=&#8221;Valmennusmaksut&#8221;][vc_column_text]\n<h4>14\u201315-vuotiaat<\/h4>\n<ul>\n<li>harjoituskertaperusteinen valmennusmaksu (oman ik\u00e4luokan ryhm\u00e4ss\u00e4)\n<ul>\n<li>3 harjoitusta\/viikko: 57 \u20ac\/kk + j\u00e4senmaksu 20 \u20ac\/vuosi<\/li>\n<li>4 harjoitusta\/viikko: 66 \u20ac\/kk + j\u00e4senmaksu 20 \u20ac\/vuosi<\/li>\n<\/ul>\n<\/li>\n<li>valmennuksen kokonaisuuteen perustuva valmennusmaksu (esimerkiksi lajikohtaisessa ryhm\u00e4ss\u00e4) 80 \u20ac\/kk (tai r\u00e4\u00e4t\u00e4l\u00f6ity maksu*) + j\u00e4senmaksu 20 \u20ac\/vuosi<\/li>\n<li>valmennusmaksu sis\u00e4lt\u00e4\u00e4 kaikille yhteisten sis\u00e4lt\u00f6jen lis\u00e4ksi\n<ul>\n<li>valmennuksen<\/li>\n<li>ilmoittautumismaksut SM-, pm- ja seuran j\u00e4rjest\u00e4miin kisoihin (ennakkoilmoittautuminen)<\/li>\n<li>SM-kisamatkoilla urheilijan ja valmentajan majoituksen seuran j\u00e4rjest\u00e4m\u00e4ss\u00e4 majoituksessa ja matkakulut, jos seura ei j\u00e4rjest\u00e4 yhteiskuljetusta<\/li>\n<li>ANMJ-leiritykseen valituille urheilijoille kustannetaan 1 leiri, valmentajille korvataan kaikki ANMJ-leirit (vain 1 valmentaja \/ urheilija).<\/li>\n<\/ul>\n<\/li>\n<\/ul>\n<h4>16\u201317-vuotiaat<\/h4>\n<ul>\n<li>valmennuksen kokonaisuuteen perustuva valmennusmaksu 80 \u20ac\/kk (tai r\u00e4\u00e4t\u00e4l\u00f6ity maksu*) + j\u00e4senmaksu 30 \u20ac\/vuosi<\/li>\n<li>valmennusmaksu sis\u00e4lt\u00e4\u00e4 kaikille yhteisten sis\u00e4lt\u00f6jen lis\u00e4ksi\n<ul>\n<li>valmennuksen<\/li>\n<li>ilmoittautumismaksut SM-, pm- ja seuran j\u00e4rjest\u00e4miin kisoihin (ennakkoilmoittautuminen)<\/li>\n<li>SM-kisamatkoilla v\u00e4hint\u00e4\u00e4n 2 pisteen urheilijan ja valmentajan majoituksen seuran j\u00e4rjest\u00e4m\u00e4ss\u00e4 majoituksessa ja matkakulut, jos seura ei j\u00e4rjest\u00e4 yhteiskuljetusta<\/li>\n<li>mahdollisuuden valmennustukeen seuran valmennustukiperusteiden mukaisesti<\/li>\n<li>ANMJ-leiritykseen valituille urheilijoille kustannetaan 1 leiri, valmentajille korvataan kaikki ANMJ-leirit (vain 1 valmentaja \/ urheilija).<\/li>\n<\/ul>\n<\/li>\n<\/ul>\n<h4>18\u201319-vuotiaat<\/h4>\n<ul>\n<li>valmennuksen kokonaisuuteen perustuva valmennusmaksu 95 \u20ac\/kk (tai r\u00e4\u00e4t\u00e4l\u00f6ity maksu*) + j\u00e4senmaksu 30 \u20ac\/vuosi<\/li>\n<li>valmennusmaksu sis\u00e4lt\u00e4\u00e4 kaikille yhteisten sis\u00e4lt\u00f6jen lis\u00e4ksi\n<ul>\n<li>valmennuksen<\/li>\n<li>ilmoittautumismaksut SM-, pm- ja seuran j\u00e4rjest\u00e4miin kisoihin (ennakkoilmoittautuminen)<\/li>\n<li>SM-kisamatkoilla v\u00e4hint\u00e4\u00e4n 3 pisteen urheilijan ja valmentajan majoituksen seuran j\u00e4rjest\u00e4m\u00e4ss\u00e4 majoituksessa ja matkakulut, jos seura ei j\u00e4rjest\u00e4 yhteiskuljetusta<\/li>\n<li>mahdollisuuden valmennustukeen seuran valmennustukiperusteiden mukaisesti<\/li>\n<li>ANMJ-leiritykseen valituille urheilijoille kustannetaan 1 leiri, valmentajille korvataan kaikki ANMJ-leirit (vain 1 valmentaja \/ urheilija).<\/li>\n<li>Maajoukkueeseen valituille urheilijoille kustannetaan maajoukkueleirityksen omavastuuosuudesta 300 \u20ac.<\/li>\n<\/ul>\n<\/li>\n<\/ul>\n<h4>20\u201322-vuotiaat<\/h4>\n<ul>\n<li>valmennuksen kokonaisuuteen perustuva valmennusmaksu 102 \u20ac\/kk (tai r\u00e4\u00e4t\u00e4l\u00f6ity maksu*) + j\u00e4senmaksu 30 \u20ac\/vuosi<\/li>\n<li>valmennusmaksu sis\u00e4lt\u00e4\u00e4 kaikille yhteisten sis\u00e4lt\u00f6jen lis\u00e4ksi\n<ul>\n<li>valmennuksen<\/li>\n<li>ilmoittautumismaksut SM-, pm- ja seuran j\u00e4rjest\u00e4miin kisoihin (ennakkoilmoittautuminen)<\/li>\n<li>SM-kisamatkoilla v\u00e4hint\u00e4\u00e4n 3 pisteen urheilijan ja valmentajan majoituksen seuran j\u00e4rjest\u00e4m\u00e4ss\u00e4 majoituksessa ja matkakulut, jos seura ei j\u00e4rjest\u00e4 yhteiskuljetusta<\/li>\n<li>mahdollisuuden valmennustukeen seuran valmennustukiperusteiden mukaisesti<\/li>\n<li>Maajoukkueeseen valituille urheilijoille kustannetaan maajoukkueleirityksen omavastuuosuudesta 300 \u20ac.<\/li>\n<\/ul>\n<\/li>\n<\/ul>\n<h4>Yli 22-vuotiaat<\/h4>\n<ul>\n<li>valmennuksen kokonaisuuteen perustuva valmennusmaksu 102 \u20ac\/kk (tai r\u00e4\u00e4t\u00e4l\u00f6ity maksu*) + j\u00e4senmaksu 30 \u20ac\/vuosi<\/li>\n<li>valmennusmaksu sis\u00e4lt\u00e4\u00e4 kaikille yhteisten sis\u00e4lt\u00f6jen lis\u00e4ksi\n<ul>\n<li>valmennuksen<\/li>\n<li>ilmoittautumismaksut SM-, pm- ja seuran j\u00e4rjest\u00e4miin kisoihin (ennakkoilmoittautuminen)<\/li>\n<li>SM-kisamatkoilla urheilijan ja valmentajan majoituksen seuran j\u00e4rjest\u00e4m\u00e4ss\u00e4 majoituksessa ja matkakulut, jos seura ei j\u00e4rjest\u00e4 yhteiskuljetusta<\/li>\n<li>mahdollisuuden valmennustukeen seuran valmennustukiperusteiden mukaisesti<\/li>\n<\/ul>\n<\/li>\n<\/ul>\n<p>* R\u00e4\u00e4t\u00e4l\u00f6ity maksu tarkoittaa sit\u00e4, ett\u00e4 valmennuksen osuus kuukausimaksusta on sovittu valmentajan kanssa pienemm\u00e4ksi tai suuremmaksi kuin ns. listahinta. Seuran kuluihin j\u00e4\u00e4v\u00e4 osuus m\u00e4\u00e4r\u00e4ytyy urheilijan i\u00e4n ja valmennusryhm\u00e4n suuruuden perusteella aina samaksi, mutta valmentajan osuus voi olla eri valmentajilla erilainen.[\/vc_column_text][\/toggle][toggle color=&#8221;Default&#8221; heading_tag=&#8221;h3&#8243; heading_tag_functionality=&#8221;default&#8221; title=&#8221;Toimintamaksut&#8221;][vc_column_text]Toimintamaksuja on kahdenlaisia: seuramaksu ja perusmaksu. Seuramaksu on sis\u00e4ll\u00f6lt\u00e4\u00e4n laajempi ja sopii SM-kisoissa kilpailevalle urheilijalle. Perusmaksu on vaihtoehto niille urheilijoille, jotka eiv\u00e4t kilpaile SM-kisoissa. Lis\u00e4ksi perusmaksua maksavat yli 9 pisteen urheilijat, jotka eiv\u00e4t maksa valmennusmaksua, sek\u00e4 urheilijat, joiden p\u00e4\u00e4laji on selv\u00e4sti jokin muu kuin yleisurheilu.<\/p>\n<h4>14\u201315-vuotiaat<\/h4>\n<ul>\n<li>seuramaksu 225 \u20ac\/vuosi (eli 37,5 \u20ac\/kk) + j\u00e4senmaksu 30 \u20ac\/vuosi\n<ul>\n<li>sis\u00e4lt\u00e4\u00e4 ilmoittautumismaksut SM-, pm- ja seuran j\u00e4rjest\u00e4miin kisoihin<\/li>\n<li>sis\u00e4lt\u00e4\u00e4 SM-kisamatkoilla urheilijan ja valmentajan majoituksen seuran j\u00e4rjest\u00e4m\u00e4ss\u00e4 majoituksessa ja matkakulut, jos seura ei j\u00e4rjest\u00e4 yhteiskuljetusta<\/li>\n<li>ANMJ-leiritykseen valituille urheilijoille kustannetaan 1 leiri, valmentajille korvataan kaikki ANMJ-leirit (vain 1 valmentaja \/ urheilija).<\/li>\n<\/ul>\n<\/li>\n<\/ul>\n<h4>16\u201317-vuotiaat<\/h4>\n<ul>\n<li>alle 9 pistett\u00e4: seuramaksu 225 \u20ac\/vuosi (eli 37,5 \u20ac\/kk) + j\u00e4senmaksu 30 \u20ac\/vuosi\n<ul>\n<li>sis\u00e4lt\u00e4\u00e4 ilmoittautumismaksut SM-, pm- ja seuran j\u00e4rjest\u00e4miin kisoihin<\/li>\n<li>sis\u00e4lt\u00e4\u00e4 SM-kisamatkoilla v\u00e4hint\u00e4\u00e4n 2 pisteen urheilijan ja valmentajan majoituksen seuran j\u00e4rjest\u00e4m\u00e4ss\u00e4 majoituksessa ja matkakulut, jos seura ei j\u00e4rjest\u00e4 yhteiskuljetusta<\/li>\n<li>ANMJ-leiritykseen valituille urheilijoille kustannetaan 1 leiri, valmentajille korvataan kaikki ANMJ-leirit (vain 1 valmentaja \/ urheilija).<\/li>\n<li>mahdollisuus valmennustukeen seuran valmennustukiperusteiden mukaisesti<\/li>\n<\/ul>\n<\/li>\n<li>alle 2 pistett\u00e4: mahdollisuus valita perusmaksu 110 \u20ac\/vuosi\n<ul>\n<li>sis\u00e4lt\u00e4\u00e4 ilmoittautumismaksut SM-, pm- ja seuran j\u00e4rjest\u00e4miin kisoihin<\/li>\n<li>ei sis\u00e4ll\u00e4 SM-kisojen majoitus- ja matkakuluja eik\u00e4 ANMJ-leiritystukea<\/li>\n<li>ei mahdollisuutta valmennustukeen<\/li>\n<\/ul>\n<\/li>\n<\/ul>\n<h4>18\u201319-vuotiaat<\/h4>\n<ul>\n<li>alle 9 pistett\u00e4: seuramaksu 225 \u20ac\/vuosi (eli 37,5 \u20ac\/kk) + j\u00e4senmaksu 30 \u20ac\/vuosi\n<ul>\n<li>sis\u00e4lt\u00e4\u00e4 ilmoittautumismaksut SM-, pm- ja seuran j\u00e4rjest\u00e4miin kisoihin<\/li>\n<li>sis\u00e4lt\u00e4\u00e4 SM-kisamatkoilla v\u00e4hint\u00e4\u00e4n 3 pisteen urheilijan ja valmentajan majoituksen seuran j\u00e4rjest\u00e4m\u00e4ss\u00e4 majoituksessa ja matkakulut, jos seura ei j\u00e4rjest\u00e4 yhteiskuljetusta<\/li>\n<li>Maajoukkueeseen valituille urheilijoille kustannetaan maajoukkueleirityksen omavastuuosuudesta 300 \u20ac.<\/li>\n<li>mahdollisuus valmennustukeen seuran valmennustukiperusteiden mukaisesti<\/li>\n<\/ul>\n<\/li>\n<li>alle 3 pistett\u00e4: mahdollisuus valita perusmaksu 110 \u20ac\/vuosi\n<ul>\n<li>sis\u00e4lt\u00e4\u00e4 ilmoittautumismaksut SM-, pm- ja seuran j\u00e4rjest\u00e4miin kisoihin<\/li>\n<li>ei sis\u00e4ll\u00e4 SM-kisojen majoitus- ja matkakuluja eik\u00e4 ANMJ- tai maajoukkuetukea<\/li>\n<li>ei mahdollisuutta valmennustukeen<\/li>\n<\/ul>\n<\/li>\n<\/ul>\n<h4>20\u201322-vuotiaat<\/h4>\n<ul>\n<li>alle 9 pistett\u00e4: seuramaksu 225 \u20ac\/vuosi (eli 37,5 \u20ac\/kk) + j\u00e4senmaksu 30 \u20ac\/vuosi\n<ul>\n<li>sis\u00e4lt\u00e4\u00e4 ilmoittautumismaksut SM-, pm- ja seuran j\u00e4rjest\u00e4miin kisoihin<\/li>\n<li>sis\u00e4lt\u00e4\u00e4 SM-kisamatkoilla v\u00e4hint\u00e4\u00e4n 3 pisteen urheilijan ja valmentajan majoituksen seuran j\u00e4rjest\u00e4m\u00e4ss\u00e4 majoituksessa ja matkakulut, jos seura ei j\u00e4rjest\u00e4 yhteiskuljetusta<\/li>\n<li>mahdollisuus valmennustukeen seuran valmennustukiperusteiden mukaisesti<\/li>\n<\/ul>\n<\/li>\n<li>alle 3 pistett\u00e4: mahdollisuus valita perusmaksu 110 \u20ac\/vuosi\n<ul>\n<li>sis\u00e4lt\u00e4\u00e4 ilmoittautumismaksut SM-, pm- ja seuran j\u00e4rjest\u00e4miin kisoihin<\/li>\n<li>ei sis\u00e4ll\u00e4 SM-kisojen majoitus- ja matkakuluja eik\u00e4 maajoukkuetukea<\/li>\n<li>ei mahdollisuutta valmennustukeen<\/li>\n<\/ul>\n<\/li>\n<\/ul>\n<h4>Yli 22-vuotiaat<\/h4>\n<ul>\n<li>alle 9 pistett\u00e4: seuramaksu 225 \u20ac\/vuosi (eli 37,5 \u20ac\/kk) + j\u00e4senmaksu 30 \u20ac\/vuosi\n<ul>\n<li>sis\u00e4lt\u00e4\u00e4 ilmoittautumismaksut SM-, pm- ja seuran j\u00e4rjest\u00e4miin kisoihin<\/li>\n<li>sis\u00e4lt\u00e4\u00e4 SM-kisamatkoilla urheilijan ja valmentajan majoituksen seuran j\u00e4rjest\u00e4m\u00e4ss\u00e4 majoituksessa ja matkakulut, jos seura ei j\u00e4rjest\u00e4 yhteiskuljetusta<\/li>\n<li>mahdollisuus valmennustukeen seuran valmennustukiperusteiden mukaisesti<\/li>\n<\/ul>\n<\/li>\n<li>mahdollisuus valita perusmaksu 110 \u20ac\/vuosi\n<ul>\n<li>sis\u00e4lt\u00e4\u00e4 ilmoittautumismaksut SM-, pm- ja seuran j\u00e4rjest\u00e4miin kisoihin<\/li>\n<li>ei sis\u00e4ll\u00e4 SM-kisojen majoitus- ja matkakuluja eik\u00e4 maajoukkuetukea<\/li>\n<li>ei mahdollisuutta valmennustukeen<\/li>\n<\/ul>\n<\/li>\n<\/ul>\n<h4>Yli 9 pisteen edustusurheilijat<\/h4>\n<ul>\n<li>perusmaksu 110 \u20ac\/vuosi\n<ul>\n<li>sis\u00e4lt\u00e4\u00e4 ilmoittautumismaksut SM-, pm- ja seuran j\u00e4rjest\u00e4miin kisoihin (ennakkoilmoittautuminen)<\/li>\n<li>sis\u00e4lt\u00e4\u00e4 SM-kisamatkoilla urheilijan ja valmentajan majoituksen seuran j\u00e4rjest\u00e4m\u00e4ss\u00e4 majoituksessa ja matkakulut, jos seura ei j\u00e4rjest\u00e4 yhteiskuljetusta<\/li>\n<li>mahdollisuus valmennustukeen seuran valmennustukiperusteiden mukaisesti<\/li>\n<\/ul>\n<\/li>\n<\/ul>\n<h4>Urheilijat, joiden p\u00e4\u00e4laji on selv\u00e4sti jokin muu kuin yleisurheilu<\/h4>\n<ul>\n<li>perusmaksu 110 \u20ac\/vuosi\n<ul>\n<li>sis\u00e4lt\u00e4\u00e4 samat edut kuin seuramaksu, jos urheilija t\u00e4ytt\u00e4\u00e4 seuran SM-kisojen korvausperusteissa mainitut oman ik\u00e4luokan tulospistevaatimukset<\/li>\n<\/ul>\n<\/li>\n<\/ul>\n[\/vc_column_text][\/toggle][\/toggles][\/vc_column][\/vc_row][vc_row type=&#8221;in_container&#8221; full_screen_row_position=&#8221;middle&#8221; column_margin=&#8221;default&#8221; column_direction=&#8221;default&#8221; column_direction_tablet=&#8221;default&#8221; column_direction_phone=&#8221;default&#8221; scene_position=&#8221;center&#8221; top_padding=&#8221;6%&#8221; constrain_group_1=&#8221;yes&#8221; bottom_padding=&#8221;6%&#8221; text_color=&#8221;dark&#8221; text_align=&#8221;left&#8221; row_border_radius=&#8221;none&#8221; row_border_radius_applies=&#8221;bg&#8221; overflow=&#8221;visible&#8221; overlay_strength=&#8221;0.3&#8243; gradient_direction=&#8221;left_to_right&#8221; shape_divider_position=&#8221;bottom&#8221; bg_image_animation=&#8221;none&#8221; gradient_type=&#8221;default&#8221; shape_type=&#8221;&#8221;][vc_column column_padding=&#8221;no-extra-padding&#8221; column_padding_tablet=&#8221;inherit&#8221; column_padding_phone=&#8221;inherit&#8221; column_padding_position=&#8221;all&#8221; column_element_direction_desktop=&#8221;default&#8221; column_element_spacing=&#8221;default&#8221; desktop_text_alignment=&#8221;default&#8221; tablet_text_alignment=&#8221;default&#8221; phone_text_alignment=&#8221;default&#8221; background_color_opacity=&#8221;1&#8243; background_hover_color_opacity=&#8221;1&#8243; column_backdrop_filter=&#8221;none&#8221; column_shadow=&#8221;none&#8221; column_border_radius=&#8221;none&#8221; column_link_target=&#8221;_self&#8221; column_position=&#8221;default&#8221; gradient_direction=&#8221;left_to_right&#8221; overlay_strength=&#8221;0.3&#8243; width=&#8221;1\/1&#8243; tablet_width_inherit=&#8221;default&#8221; animation_type=&#8221;default&#8221; bg_image_animation=&#8221;none&#8221; border_type=&#8221;simple&#8221; column_border_width=&#8221;none&#8221; column_border_style=&#8221;solid&#8221;][nectar_global_section id=&#8221;47&#8243;][\/vc_column][\/vc_row]\n","protected":false},"excerpt":{"rendered":"<p>[vc_row type=&#8221;full_width_background&#8221; full_screen_row_position=&#8221;middle&#8221; column_margin=&#8221;default&#8221; column_direction=&#8221;default&#8221; column_direction_tablet=&#8221;default&#8221; column_direction_phone=&#8221;default&#8221; bg_image=&#8221;209&#8243; bg_position=&#8221;center center&#8221; background_image_loading=&#8221;default&#8221; bg_repeat=&#8221;no-repeat&#8221; scene_position=&#8221;center&#8221; top_padding=&#8221;14%&#8221; bottom_padding=&#8221;9%&#8221; text_color=&#8221;dark&#8221; text_align=&#8221;left&#8221; row_border_radius=&#8221;none&#8221; row_border_radius_applies=&#8221;bg&#8221; overflow=&#8221;visible&#8221; enable_gradient=&#8221;true&#8221; color_overlay=&#8221;#000000&#8243; overlay_strength=&#8221;0.95&#8243; gradient_direction=&#8221;left_to_right&#8221; shape_divider_position=&#8221;bottom&#8221; bg_image_animation=&#8221;none&#8221; gradient_type=&#8221;default&#8221; shape_type=&#8221;&#8221;][vc_column column_padding=&#8221;no-extra-padding&#8221; column_padding_tablet=&#8221;inherit&#8221;&#8230;<\/p>\n","protected":false},"author":1,"featured_media":0,"parent":178,"menu_order":0,"comment_status":"closed","ping_status":"closed","template":"","meta":{"footnotes":""},"class_list":["post-1072","page","type-page","status-publish"],"_links":{"self":[{"href":"https:\/\/turunurheiluliitto.fi\/yleisurheilu\/wp-json\/wp\/v2\/pages\/1072","targetHints":{"allow":["GET"]}}],"collection":[{"href":"https:\/\/turunurheiluliitto.fi\/yleisurheilu\/wp-json\/wp\/v2\/pages"}],"about":[{"href":"https:\/\/turunurheiluliitto.fi\/yleisurheilu\/wp-json\/wp\/v2\/types\/page"}],"author":[{"embeddable":true,"href":"https:\/\/turunurheiluliitto.fi\/yleisurheilu\/wp-json\/wp\/v2\/users\/1"}],"replies":[{"embeddable":true,"href":"https:\/\/turunurheiluliitto.fi\/yleisurheilu\/wp-json\/wp\/v2\/comments?post=1072"}],"version-history":[{"count":5,"href":"https:\/\/turunurheiluliitto.fi\/yleisurheilu\/wp-json\/wp\/v2\/pages\/1072\/revisions"}],"predecessor-version":[{"id":1896,"href":"https:\/\/turunurheiluliitto.fi\/yleisurheilu\/wp-json\/wp\/v2\/pages\/1072\/revisions\/1896"}],"up":[{"embeddable":true,"href":"https:\/\/turunurheiluliitto.fi\/yleisurheilu\/wp-json\/wp\/v2\/pages\/178"}],"wp:attachment":[{"href":"https:\/\/turunurheiluliitto.fi\/yleisurheilu\/wp-json\/wp\/v2\/media?parent=1072"}],"curies":[{"name":"wp","href":"https:\/\/api.w.org\/{rel}","templated":true}]}}