{"id":104,"date":"2023-01-18T15:56:52","date_gmt":"2023-01-18T13:56:52","guid":{"rendered":"https:\/\/turunurheiluliitto.fi\/yleisurheilu\/?page_id=104"},"modified":"2023-03-29T12:40:53","modified_gmt":"2023-03-29T09:40:53","slug":"kilpailut-ja-tapahtumat","status":"publish","type":"page","link":"https:\/\/turunurheiluliitto.fi\/yleisurheilu\/kilpailut-ja-tapahtumat","title":{"rendered":"Kilpailut ja tapahtumat"},"content":{"rendered":"[vc_row type=&#8221;full_width_background&#8221; full_screen_row_position=&#8221;middle&#8221; column_margin=&#8221;default&#8221; column_direction=&#8221;default&#8221; column_direction_tablet=&#8221;default&#8221; column_direction_phone=&#8221;default&#8221; bg_image=&#8221;82&#8243; bg_position=&#8221;center center&#8221; background_image_loading=&#8221;default&#8221; bg_repeat=&#8221;no-repeat&#8221; scene_position=&#8221;center&#8221; top_padding=&#8221;14%&#8221; bottom_padding=&#8221;9%&#8221; text_color=&#8221;dark&#8221; text_align=&#8221;left&#8221; row_border_radius=&#8221;none&#8221; row_border_radius_applies=&#8221;bg&#8221; overflow=&#8221;visible&#8221; enable_gradient=&#8221;true&#8221; color_overlay=&#8221;#000000&#8243; overlay_strength=&#8221;0.8&#8243; gradient_direction=&#8221;top_to_bottom&#8221; shape_divider_position=&#8221;bottom&#8221; bg_image_animation=&#8221;none&#8221; gradient_type=&#8221;default&#8221; shape_type=&#8221;&#8221;][vc_column column_padding=&#8221;no-extra-padding&#8221; column_padding_tablet=&#8221;inherit&#8221; column_padding_phone=&#8221;inherit&#8221; column_padding_position=&#8221;all&#8221; column_element_direction_desktop=&#8221;default&#8221; column_element_spacing=&#8221;default&#8221; desktop_text_alignment=&#8221;default&#8221; tablet_text_alignment=&#8221;default&#8221; phone_text_alignment=&#8221;default&#8221; background_color_opacity=&#8221;1&#8243; background_hover_color_opacity=&#8221;1&#8243; column_backdrop_filter=&#8221;none&#8221; column_shadow=&#8221;none&#8221; column_border_radius=&#8221;none&#8221; column_link_target=&#8221;_self&#8221; column_position=&#8221;default&#8221; gradient_direction=&#8221;left_to_right&#8221; overlay_strength=&#8221;0.3&#8243; width=&#8221;1\/1&#8243; tablet_width_inherit=&#8221;default&#8221; animation_type=&#8221;default&#8221; bg_image_animation=&#8221;none&#8221; border_type=&#8221;simple&#8221; column_border_width=&#8221;none&#8221; column_border_style=&#8221;solid&#8221;][vc_custom_heading text=&#8221;Kilpailut ja tapahtumat&#8221; font_container=&#8221;tag:h1|text_align:left|color:%23ffffff&#8221; use_theme_fonts=&#8221;yes&#8221;][\/vc_column][\/vc_row][vc_row type=&#8221;full_width_background&#8221; full_screen_row_position=&#8221;middle&#8221; column_margin=&#8221;default&#8221; equal_height=&#8221;yes&#8221; content_placement=&#8221;middle&#8221; column_direction=&#8221;default&#8221; column_direction_tablet=&#8221;default&#8221; column_direction_phone=&#8221;default&#8221; bg_color=&#8221;f2f2f2&#8243; scene_position=&#8221;center&#8221; top_padding=&#8221;6%&#8221; constrain_group_1=&#8221;yes&#8221; bottom_padding=&#8221;6%&#8221; text_color=&#8221;dark&#8221; text_align=&#8221;left&#8221; row_border_radius=&#8221;none&#8221; row_border_radius_applies=&#8221;bg&#8221; overflow=&#8221;visible&#8221; id=&#8221;meista&#8221; disable_element=&#8221;yes&#8221; color_overlay=&#8221;#f2f2f2&#8243; overlay_strength=&#8221;0.8&#8243; gradient_direction=&#8221;left_to_right&#8221; shape_divider_position=&#8221;bottom&#8221; bg_image_animation=&#8221;none&#8221; gradient_type=&#8221;default&#8221; shape_type=&#8221;&#8221;][vc_column column_padding=&#8221;padding-5-percent&#8221; column_padding_tablet=&#8221;no-extra-padding&#8221; column_padding_phone=&#8221;no-extra-padding&#8221; column_padding_position=&#8221;right&#8221; column_element_direction_desktop=&#8221;default&#8221; column_element_spacing=&#8221;default&#8221; desktop_text_alignment=&#8221;default&#8221; tablet_text_alignment=&#8221;default&#8221; phone_text_alignment=&#8221;default&#8221; background_color_opacity=&#8221;1&#8243; background_hover_color_opacity=&#8221;1&#8243; column_backdrop_filter=&#8221;none&#8221; column_shadow=&#8221;none&#8221; column_border_radius=&#8221;none&#8221; column_link_target=&#8221;_self&#8221; column_position=&#8221;default&#8221; gradient_direction=&#8221;left_to_right&#8221; overlay_strength=&#8221;0.3&#8243; width=&#8221;2\/3&#8243; tablet_width_inherit=&#8221;default&#8221; animation_type=&#8221;default&#8221; enable_animation=&#8221;true&#8221; animation=&#8221;slight-fade-in-from-bottom&#8221; animation_easing=&#8221;default&#8221; bg_image_animation=&#8221;none&#8221; border_type=&#8221;simple&#8221; column_border_width=&#8221;none&#8221; column_border_style=&#8221;solid&#8221; column_padding_type=&#8221;default&#8221; gradient_type=&#8221;default&#8221;][vc_custom_heading text=&#8221;Tapahtumat tarjoavat osallistujilleen liikunnallisia el\u00e4myksi\u00e4 ja itsens\u00e4 voittamisen kokemuksia&#8221; font_container=&#8221;tag:h3|text_align:left|color:%23000000&#8243; use_theme_fonts=&#8221;yes&#8221;][vc_column_text]Turun Urheiluliiton tapahtumat tarjoavat osallistujilleen urheilullisia ja liikunnallisia el\u00e4myksi\u00e4 ja itsens\u00e4 voittamisen kokemuksia joko itse urheillen ja liikkuen tai katselijana. Tapahtumat ovat laadukkaita ja niiden avulla tuetaan seuramme nuorisourheilua.<\/p>\n<p>Turun Urheiluliitto j\u00e4rjest\u00e4\u00e4 vuosittain monia urheilun suurtapahtumia ja lis\u00e4ksi jokainen jaosto j\u00e4rjest\u00e4\u00e4 omia tapahtumia ja kilpailuja. Vanhimmilla tapahtumilla on jo usean kymmenen vuoden jatkuvuus. Seuran suuret tapahtumat ovat SuperTreenit, Aurajoen Y\u00f6juoksu, TS-Kortteliajot, Paavo Nurmi Games, Paavo Nurmi Marathon, Turku Touring Py\u00f6r\u00e4ily ja Ruissalojuoksut.<\/p>\n<p>Turun Urheiluliitto j\u00e4rjest\u00e4\u00e4 vuosittain lukuisia omia suurtapahtumia ja tekee my\u00f6s yhteisty\u00f6t\u00e4 eri tapahtumien kanssa. Lis\u00e4ksi jokainen jaosto j\u00e4rjest\u00e4\u00e4 omia tapahtumia ja kilpailuja.[\/vc_column_text][nectar_cta btn_style=&#8221;underline&#8221; heading_tag=&#8221;h4&#8243; button_color=&#8221;default&#8221; text_color=&#8221;#000000&#8243; text_color_hover=&#8221;#ffd723&#8243; button_border_thickness=&#8221;0px&#8221; link_type=&#8221;regular&#8221; alignment=&#8221;left&#8221; alignment_tablet=&#8221;default&#8221; alignment_phone=&#8221;default&#8221; constrain_group_3=&#8221;yes&#8221; display=&#8221;block&#8221; display_tablet=&#8221;inherit&#8221; display_phone=&#8221;inherit&#8221; icon_family=&#8221;none&#8221; link_text=&#8221;Tapahtumat&#8221; margin_top=&#8221;30&#8243; padding_top=&#8221;18&#8243; padding_bottom=&#8221;18&#8243; margin_bottom=&#8221;20&#8243; url=&#8221;#tapahtumat&#8221; class=&#8221;keltaviivapainike&#8221;][\/vc_column][vc_column column_padding=&#8221;padding-6-percent&#8221; column_padding_tablet=&#8221;inherit&#8221; column_padding_phone=&#8221;inherit&#8221; column_padding_position=&#8221;all&#8221; column_element_direction_desktop=&#8221;default&#8221; column_element_spacing=&#8221;default&#8221; desktop_text_alignment=&#8221;default&#8221; tablet_text_alignment=&#8221;default&#8221; phone_text_alignment=&#8221;default&#8221; background_color=&#8221;#ffd723&#8243; background_color_opacity=&#8221;1&#8243; background_hover_color_opacity=&#8221;1&#8243; column_backdrop_filter=&#8221;none&#8221; column_shadow=&#8221;none&#8221; column_border_radius=&#8221;none&#8221; column_link_target=&#8221;_self&#8221; column_position=&#8221;default&#8221; gradient_direction=&#8221;left_to_right&#8221; overlay_strength=&#8221;0.3&#8243; width=&#8221;1\/3&#8243; tablet_width_inherit=&#8221;default&#8221; animation_type=&#8221;default&#8221; bg_image_animation=&#8221;none&#8221; border_type=&#8221;simple&#8221; column_border_width=&#8221;none&#8221; column_border_style=&#8221;solid&#8221; column_padding_type=&#8221;default&#8221; gradient_type=&#8221;default&#8221;][image_with_animation image_url=&#8221;309&#8243; image_size=&#8221;full&#8221; animation_type=&#8221;entrance&#8221; animation=&#8221;None&#8221; animation_movement_type=&#8221;transform_y&#8221; hover_animation=&#8221;none&#8221; alignment=&#8221;&#8221; border_radius=&#8221;none&#8221; box_shadow=&#8221;none&#8221; image_loading=&#8221;default&#8221; max_width=&#8221;100%&#8221; max_width_mobile=&#8221;default&#8221;][\/vc_column][\/vc_row][vc_row type=&#8221;in_container&#8221; full_screen_row_position=&#8221;middle&#8221; column_margin=&#8221;default&#8221; column_direction=&#8221;default&#8221; column_direction_tablet=&#8221;default&#8221; column_direction_phone=&#8221;default&#8221; scene_position=&#8221;center&#8221; top_padding=&#8221;5%&#8221; constrain_group_1=&#8221;yes&#8221; bottom_padding=&#8221;5%&#8221; text_color=&#8221;dark&#8221; text_align=&#8221;left&#8221; row_border_radius=&#8221;none&#8221; row_border_radius_applies=&#8221;bg&#8221; overflow=&#8221;visible&#8221; id=&#8221;tapahtumat&#8221; overlay_strength=&#8221;0.3&#8243; gradient_direction=&#8221;left_to_right&#8221; shape_divider_position=&#8221;bottom&#8221; bg_image_animation=&#8221;none&#8221; gradient_type=&#8221;default&#8221; shape_type=&#8221;&#8221;][vc_column column_padding=&#8221;no-extra-padding&#8221; column_padding_tablet=&#8221;inherit&#8221; column_padding_phone=&#8221;inherit&#8221; column_padding_position=&#8221;all&#8221; column_element_direction_desktop=&#8221;default&#8221; column_element_spacing=&#8221;default&#8221; desktop_text_alignment=&#8221;default&#8221; tablet_text_alignment=&#8221;default&#8221; phone_text_alignment=&#8221;default&#8221; background_color_opacity=&#8221;1&#8243; background_hover_color_opacity=&#8221;1&#8243; column_backdrop_filter=&#8221;none&#8221; column_shadow=&#8221;none&#8221; column_border_radius=&#8221;none&#8221; column_link_target=&#8221;_self&#8221; column_position=&#8221;default&#8221; gradient_direction=&#8221;left_to_right&#8221; overlay_strength=&#8221;0.3&#8243; width=&#8221;1\/1&#8243; tablet_width_inherit=&#8221;default&#8221; animation_type=&#8221;default&#8221; enable_animation=&#8221;true&#8221; animation=&#8221;slight-fade-in-from-bottom&#8221; animation_easing=&#8221;default&#8221; bg_image_animation=&#8221;none&#8221; border_type=&#8221;simple&#8221; column_border_width=&#8221;none&#8221; column_border_style=&#8221;solid&#8221; column_padding_type=&#8221;default&#8221; gradient_type=&#8221;default&#8221;][nectar_post_grid post_type=&#8221;portfolio&#8221; portfolio_category=&#8221;all&#8221; order=&#8221;DESC&#8221; orderby=&#8221;date&#8221; pagination=&#8221;none&#8221; columns=&#8221;3&#8243; grid_item_spacing=&#8221;10px&#8221; grid_item_height=&#8221;30vh&#8221; image_size=&#8221;large&#8221; aspect_ratio_image_size=&#8221;yes&#8221; custom_image_aspect_ratio=&#8221;16-9&#8243; image_loading=&#8221;default&#8221; animation=&#8221;none&#8221; heading_tag=&#8221;h4&#8243; category_position=&#8221;default&#8221; display_excerpt=&#8221;yes&#8221; grid_style=&#8221;content_under_image&#8221; card_design=&#8221;yes&#8221; card_bg_color=&#8221;#ffffff&#8221; content_under_image_text_align=&#8221;left&#8221; text_color=&#8221;dark&#8221; hover_effect=&#8221;zoom&#8221; border_radius=&#8221;none&#8221; shadow_on_hover=&#8221;yes&#8221;][\/vc_column][\/vc_row]\n","protected":false},"excerpt":{"rendered":"<p>[vc_row type=&#8221;full_width_background&#8221; full_screen_row_position=&#8221;middle&#8221; column_margin=&#8221;default&#8221; column_direction=&#8221;default&#8221; column_direction_tablet=&#8221;default&#8221; column_direction_phone=&#8221;default&#8221; bg_image=&#8221;82&#8243; bg_position=&#8221;center center&#8221; background_image_loading=&#8221;default&#8221; bg_repeat=&#8221;no-repeat&#8221; scene_position=&#8221;center&#8221; top_padding=&#8221;14%&#8221; bottom_padding=&#8221;9%&#8221; text_color=&#8221;dark&#8221; text_align=&#8221;left&#8221; row_border_radius=&#8221;none&#8221; row_border_radius_applies=&#8221;bg&#8221; overflow=&#8221;visible&#8221; enable_gradient=&#8221;true&#8221; color_overlay=&#8221;#000000&#8243; overlay_strength=&#8221;0.8&#8243; gradient_direction=&#8221;top_to_bottom&#8221; shape_divider_position=&#8221;bottom&#8221; bg_image_animation=&#8221;none&#8221; gradient_type=&#8221;default&#8221; shape_type=&#8221;&#8221;][vc_column column_padding=&#8221;no-extra-padding&#8221; column_padding_tablet=&#8221;inherit&#8221;&#8230;<\/p>\n","protected":false},"author":1,"featured_media":0,"parent":0,"menu_order":0,"comment_status":"closed","ping_status":"closed","template":"","meta":{"footnotes":""},"class_list":["post-104","page","type-page","status-publish"],"yoast_head":"<!-- This site is optimized with the Yoast SEO plugin v27.3 - https:\/\/yoast.com\/product\/yoast-seo-wordpress\/ -->\n<title>Kilpailut ja tapahtumat - TuUL Yleisurheilu<\/title>\n<meta name=\"description\" content=\"T\u00e4lt\u00e4 sivulta l\u00f6yd\u00e4t Turun Urheiluliiton yleisurheilujaoston ajankohtaiset kilpailut ja tapahtumat.\" \/>\n<meta name=\"robots\" content=\"index, follow, max-snippet:-1, max-image-preview:large, max-video-preview:-1\" \/>\n<link rel=\"canonical\" href=\"https:\/\/turunurheiluliitto.fi\/yleisurheilu\/kilpailut-ja-tapahtumat\" \/>\n<meta property=\"og:locale\" content=\"fi_FI\" \/>\n<meta property=\"og:type\" content=\"article\" \/>\n<meta property=\"og:title\" content=\"Kilpailut ja tapahtumat - TuUL Yleisurheilu\" \/>\n<meta property=\"og:description\" content=\"T\u00e4lt\u00e4 sivulta l\u00f6yd\u00e4t Turun Urheiluliiton yleisurheilujaoston ajankohtaiset kilpailut ja tapahtumat.\" \/>\n<meta property=\"og:url\" content=\"https:\/\/turunurheiluliitto.fi\/yleisurheilu\/kilpailut-ja-tapahtumat\" \/>\n<meta property=\"og:site_name\" content=\"TuUL Yleisurheilu\" \/>\n<meta property=\"article:modified_time\" content=\"2023-03-29T09:40:53+00:00\" \/>\n<meta name=\"twitter:card\" content=\"summary_large_image\" \/>\n<meta name=\"twitter:label1\" content=\"Arvioitu lukuaika\" \/>\n\t<meta name=\"twitter:data1\" content=\"1 minuutti\" \/>\n<script type=\"application\/ld+json\" class=\"yoast-schema-graph\">{\"@context\":\"https:\\\/\\\/schema.org\",\"@graph\":[{\"@type\":\"WebPage\",\"@id\":\"https:\\\/\\\/turunurheiluliitto.fi\\\/yleisurheilu\\\/kilpailut-ja-tapahtumat\",\"url\":\"https:\\\/\\\/turunurheiluliitto.fi\\\/yleisurheilu\\\/kilpailut-ja-tapahtumat\",\"name\":\"Kilpailut ja tapahtumat - TuUL Yleisurheilu\",\"isPartOf\":{\"@id\":\"https:\\\/\\\/turunurheiluliitto.fi\\\/yleisurheilu\\\/#website\"},\"datePublished\":\"2023-01-18T13:56:52+00:00\",\"dateModified\":\"2023-03-29T09:40:53+00:00\",\"description\":\"T\u00e4lt\u00e4 sivulta l\u00f6yd\u00e4t Turun Urheiluliiton yleisurheilujaoston ajankohtaiset kilpailut ja tapahtumat.\",\"breadcrumb\":{\"@id\":\"https:\\\/\\\/turunurheiluliitto.fi\\\/yleisurheilu\\\/kilpailut-ja-tapahtumat#breadcrumb\"},\"inLanguage\":\"fi\",\"potentialAction\":[{\"@type\":\"ReadAction\",\"target\":[\"https:\\\/\\\/turunurheiluliitto.fi\\\/yleisurheilu\\\/kilpailut-ja-tapahtumat\"]}]},{\"@type\":\"BreadcrumbList\",\"@id\":\"https:\\\/\\\/turunurheiluliitto.fi\\\/yleisurheilu\\\/kilpailut-ja-tapahtumat#breadcrumb\",\"itemListElement\":[{\"@type\":\"ListItem\",\"position\":1,\"name\":\"Etusivu\",\"item\":\"https:\\\/\\\/turunurheiluliitto.fi\\\/yleisurheilu\\\/\"},{\"@type\":\"ListItem\",\"position\":2,\"name\":\"Kilpailut ja tapahtumat\"}]},{\"@type\":\"WebSite\",\"@id\":\"https:\\\/\\\/turunurheiluliitto.fi\\\/yleisurheilu\\\/#website\",\"url\":\"https:\\\/\\\/turunurheiluliitto.fi\\\/yleisurheilu\\\/\",\"name\":\"TuUL Yleisurheilu\",\"description\":\"Turun Urheiluliitto Yleisurheilu\",\"potentialAction\":[{\"@type\":\"SearchAction\",\"target\":{\"@type\":\"EntryPoint\",\"urlTemplate\":\"https:\\\/\\\/turunurheiluliitto.fi\\\/yleisurheilu\\\/?s={search_term_string}\"},\"query-input\":{\"@type\":\"PropertyValueSpecification\",\"valueRequired\":true,\"valueName\":\"search_term_string\"}}],\"inLanguage\":\"fi\"}]}<\/script>\n<!-- \/ Yoast SEO plugin. -->","yoast_head_json":{"title":"Kilpailut ja tapahtumat - TuUL Yleisurheilu","description":"T\u00e4lt\u00e4 sivulta l\u00f6yd\u00e4t Turun Urheiluliiton yleisurheilujaoston ajankohtaiset kilpailut ja tapahtumat.","robots":{"index":"index","follow":"follow","max-snippet":"max-snippet:-1","max-image-preview":"max-image-preview:large","max-video-preview":"max-video-preview:-1"},"canonical":"https:\/\/turunurheiluliitto.fi\/yleisurheilu\/kilpailut-ja-tapahtumat","og_locale":"fi_FI","og_type":"article","og_title":"Kilpailut ja tapahtumat - TuUL Yleisurheilu","og_description":"T\u00e4lt\u00e4 sivulta l\u00f6yd\u00e4t Turun Urheiluliiton yleisurheilujaoston ajankohtaiset kilpailut ja tapahtumat.","og_url":"https:\/\/turunurheiluliitto.fi\/yleisurheilu\/kilpailut-ja-tapahtumat","og_site_name":"TuUL Yleisurheilu","article_modified_time":"2023-03-29T09:40:53+00:00","twitter_card":"summary_large_image","twitter_misc":{"Arvioitu lukuaika":"1 minuutti"},"schema":{"@context":"https:\/\/schema.org","@graph":[{"@type":"WebPage","@id":"https:\/\/turunurheiluliitto.fi\/yleisurheilu\/kilpailut-ja-tapahtumat","url":"https:\/\/turunurheiluliitto.fi\/yleisurheilu\/kilpailut-ja-tapahtumat","name":"Kilpailut ja tapahtumat - TuUL Yleisurheilu","isPartOf":{"@id":"https:\/\/turunurheiluliitto.fi\/yleisurheilu\/#website"},"datePublished":"2023-01-18T13:56:52+00:00","dateModified":"2023-03-29T09:40:53+00:00","description":"T\u00e4lt\u00e4 sivulta l\u00f6yd\u00e4t Turun Urheiluliiton yleisurheilujaoston ajankohtaiset kilpailut ja tapahtumat.","breadcrumb":{"@id":"https:\/\/turunurheiluliitto.fi\/yleisurheilu\/kilpailut-ja-tapahtumat#breadcrumb"},"inLanguage":"fi","potentialAction":[{"@type":"ReadAction","target":["https:\/\/turunurheiluliitto.fi\/yleisurheilu\/kilpailut-ja-tapahtumat"]}]},{"@type":"BreadcrumbList","@id":"https:\/\/turunurheiluliitto.fi\/yleisurheilu\/kilpailut-ja-tapahtumat#breadcrumb","itemListElement":[{"@type":"ListItem","position":1,"name":"Etusivu","item":"https:\/\/turunurheiluliitto.fi\/yleisurheilu\/"},{"@type":"ListItem","position":2,"name":"Kilpailut ja tapahtumat"}]},{"@type":"WebSite","@id":"https:\/\/turunurheiluliitto.fi\/yleisurheilu\/#website","url":"https:\/\/turunurheiluliitto.fi\/yleisurheilu\/","name":"TuUL Yleisurheilu","description":"Turun Urheiluliitto Yleisurheilu","potentialAction":[{"@type":"SearchAction","target":{"@type":"EntryPoint","urlTemplate":"https:\/\/turunurheiluliitto.fi\/yleisurheilu\/?s={search_term_string}"},"query-input":{"@type":"PropertyValueSpecification","valueRequired":true,"valueName":"search_term_string"}}],"inLanguage":"fi"}]}},"_links":{"self":[{"href":"https:\/\/turunurheiluliitto.fi\/yleisurheilu\/wp-json\/wp\/v2\/pages\/104","targetHints":{"allow":["GET"]}}],"collection":[{"href":"https:\/\/turunurheiluliitto.fi\/yleisurheilu\/wp-json\/wp\/v2\/pages"}],"about":[{"href":"https:\/\/turunurheiluliitto.fi\/yleisurheilu\/wp-json\/wp\/v2\/types\/page"}],"author":[{"embeddable":true,"href":"https:\/\/turunurheiluliitto.fi\/yleisurheilu\/wp-json\/wp\/v2\/users\/1"}],"replies":[{"embeddable":true,"href":"https:\/\/turunurheiluliitto.fi\/yleisurheilu\/wp-json\/wp\/v2\/comments?post=104"}],"version-history":[{"count":6,"href":"https:\/\/turunurheiluliitto.fi\/yleisurheilu\/wp-json\/wp\/v2\/pages\/104\/revisions"}],"predecessor-version":[{"id":3066,"href":"https:\/\/turunurheiluliitto.fi\/yleisurheilu\/wp-json\/wp\/v2\/pages\/104\/revisions\/3066"}],"wp:attachment":[{"href":"https:\/\/turunurheiluliitto.fi\/yleisurheilu\/wp-json\/wp\/v2\/media?parent=104"}],"curies":[{"name":"wp","href":"https:\/\/api.w.org\/{rel}","templated":true}]}}