{"id":678,"date":"2024-03-22T12:09:34","date_gmt":"2024-03-22T10:09:34","guid":{"rendered":"https:\/\/turunurheiluliitto.fi\/triathlon\/?page_id=678"},"modified":"2024-03-22T12:09:34","modified_gmt":"2024-03-22T10:09:34","slug":"laskutusohje","status":"publish","type":"page","link":"https:\/\/turunurheiluliitto.fi\/triathlon\/laskutusohje","title":{"rendered":"Laskutusohje"},"content":{"rendered":"[vc_row type=&#8221;full_width_background&#8221; full_screen_row_position=&#8221;middle&#8221; column_margin=&#8221;default&#8221; column_direction=&#8221;default&#8221; column_direction_tablet=&#8221;default&#8221; column_direction_phone=&#8221;default&#8221; bg_image=&#8221;511&#8243; bg_position=&#8221;custom&#8221; bg_position_x=&#8221;&#8221; bg_position_y=&#8221;15&#8243; background_image_loading=&#8221;default&#8221; bg_repeat=&#8221;no-repeat&#8221; scene_position=&#8221;center&#8221; top_padding=&#8221;14%&#8221; bottom_padding=&#8221;9%&#8221; text_color=&#8221;dark&#8221; text_align=&#8221;left&#8221; row_border_radius=&#8221;none&#8221; row_border_radius_applies=&#8221;bg&#8221; overflow=&#8221;visible&#8221; enable_gradient=&#8221;true&#8221; color_overlay=&#8221;#000000&#8243; overlay_strength=&#8221;0.8&#8243; gradient_direction=&#8221;left_to_right&#8221; shape_divider_position=&#8221;bottom&#8221; bg_image_animation=&#8221;none&#8221; gradient_type=&#8221;default&#8221; shape_type=&#8221;&#8221;][vc_column column_padding=&#8221;no-extra-padding&#8221; column_padding_tablet=&#8221;inherit&#8221; column_padding_phone=&#8221;inherit&#8221; column_padding_position=&#8221;all&#8221; column_element_direction_desktop=&#8221;default&#8221; column_element_spacing=&#8221;default&#8221; desktop_text_alignment=&#8221;default&#8221; tablet_text_alignment=&#8221;default&#8221; phone_text_alignment=&#8221;default&#8221; background_color_opacity=&#8221;1&#8243; background_hover_color_opacity=&#8221;1&#8243; column_backdrop_filter=&#8221;none&#8221; column_shadow=&#8221;none&#8221; column_border_radius=&#8221;none&#8221; column_link_target=&#8221;_self&#8221; column_position=&#8221;default&#8221; gradient_direction=&#8221;left_to_right&#8221; overlay_strength=&#8221;0.3&#8243; width=&#8221;1\/1&#8243; tablet_width_inherit=&#8221;default&#8221; animation_type=&#8221;default&#8221; bg_image_animation=&#8221;none&#8221; border_type=&#8221;simple&#8221; column_border_width=&#8221;none&#8221; column_border_style=&#8221;solid&#8221;][vc_custom_heading text=&#8221;Laskutusohje&#8221; font_container=&#8221;tag:h1|text_align:left|color:%23ffffff&#8221; use_theme_fonts=&#8221;yes&#8221;][\/vc_column][\/vc_row][vc_row type=&#8221;in_container&#8221; full_screen_row_position=&#8221;middle&#8221; column_margin=&#8221;default&#8221; column_direction=&#8221;default&#8221; column_direction_tablet=&#8221;default&#8221; column_direction_phone=&#8221;default&#8221; bg_color=&#8221;#ffffff&#8221; scene_position=&#8221;center&#8221; top_padding=&#8221;5%&#8221; text_color=&#8221;dark&#8221; text_align=&#8221;left&#8221; row_border_radius=&#8221;none&#8221; row_border_radius_applies=&#8221;bg&#8221; overflow=&#8221;visible&#8221; id=&#8221;info&#8221; overlay_strength=&#8221;0.3&#8243; gradient_direction=&#8221;left_to_right&#8221; shape_divider_position=&#8221;bottom&#8221; bg_image_animation=&#8221;none&#8221; gradient_type=&#8221;default&#8221; shape_type=&#8221;&#8221;][vc_column column_padding=&#8221;no-extra-padding&#8221; column_padding_tablet=&#8221;inherit&#8221; column_padding_phone=&#8221;inherit&#8221; column_padding_position=&#8221;all&#8221; column_element_direction_desktop=&#8221;default&#8221; column_element_spacing=&#8221;default&#8221; desktop_text_alignment=&#8221;default&#8221; tablet_text_alignment=&#8221;default&#8221; phone_text_alignment=&#8221;default&#8221; background_color_opacity=&#8221;1&#8243; background_hover_color_opacity=&#8221;1&#8243; column_backdrop_filter=&#8221;none&#8221; column_shadow=&#8221;none&#8221; column_border_radius=&#8221;none&#8221; column_link_target=&#8221;_self&#8221; column_position=&#8221;default&#8221; gradient_direction=&#8221;left_to_right&#8221; overlay_strength=&#8221;0.3&#8243; width=&#8221;1\/1&#8243; tablet_width_inherit=&#8221;default&#8221; animation_type=&#8221;default&#8221; bg_image_animation=&#8221;none&#8221; border_type=&#8221;simple&#8221; column_border_width=&#8221;none&#8221; column_border_style=&#8221;solid&#8221;][vc_custom_heading text=&#8221;Laskutusohje&#8221; font_container=&#8221;tag:h3|text_align:left|color:%23000000&#8243; use_theme_fonts=&#8221;yes&#8221;][vc_column_text text_direction=&#8221;default&#8221;]\n<h4>Turun Urheiluliitto ry ottaa ostolaskut vastaan s\u00e4hk\u00f6isess\u00e4 muodossa. Mik\u00e4li yrityksell\u00e4nne ei ole mahdollisuutta toimittaa verkkolaskuja tai l\u00e4hett\u00e4\u00e4 laskuja s\u00e4hk\u00f6postilla, voitte l\u00e4hett\u00e4\u00e4 paperilaskut skannauspalveluosoitteeseen. Emme vastaanota laskuja k\u00e4yntiosoitteeseemme.<\/h4>\n<p><span style=\"color: #ffdb12\"><em><strong>HUOM! Ostolaskulla tulee n\u00e4ky\u00e4 selkesti, ett\u00e4 lasku kuuluu triathlonjaostolle.<\/strong><\/em><\/span>[\/vc_column_text][divider line_type=&#8221;Small Line&#8221; line_alignment=&#8221;default&#8221; line_thickness=&#8221;4&#8243; divider_color=&#8221;accent-color&#8221; animate=&#8221;yes&#8221; custom_height=&#8221;60&#8243;][toggles style=&#8221;minimal_shadow&#8221; border_radius=&#8221;none&#8221;][toggle color=&#8221;Accent-Color&#8221; heading_tag=&#8221;h3&#8243; heading_tag_functionality=&#8221;default&#8221; title=&#8221;Verkkolaskut&#8221;][vc_column_text text_direction=&#8221;default&#8221;]Turun Urheiluliitto Ry\/ triathlonjaosto, y-tunnus: 0223181-4<br \/>\nVerkkolaskuosoite: 003702231814<br \/>\nOperaattori: Maventa (003721291126)<br \/>\nV\u00e4litt\u00e4j\u00e4tunnus pankkiverkosta l\u00e4hetett\u00e4ess\u00e4: DABAFIHH*<br \/>\n*K\u00e4ytt\u00e4k\u00e4\u00e4 t\u00e4t\u00e4 v\u00e4litt\u00e4j\u00e4tunnusta mik\u00e4li k\u00e4yt\u00f6ss\u00e4nne olevasta verkkolaskutusohjelmasta ei voi l\u00e4hett\u00e4\u00e4 laskuja suoraan Maventan v\u00e4litt\u00e4j\u00e4tunnukselle.[\/vc_column_text][\/toggle][toggle color=&#8221;Accent-Color&#8221; heading_tag=&#8221;h3&#8243; heading_tag_functionality=&#8221;default&#8221; title=&#8221;Laskujen vastaanotto s\u00e4hk\u00f6postitse skannauspalveluun&#8221;][vc_column_text text_direction=&#8221;default&#8221;]Toivomme, ett\u00e4 l\u00e4het\u00e4tte t\u00e4h\u00e4n osoitteeseen ainoastaan laskuja. Laskut l\u00e4hetet\u00e4\u00e4n palveluun s\u00e4hk\u00f6postin PDF-muotoisina liitetiedostoina ja laskun liitteiden tulee olla samassa tiedostossa itse laskun kanssa.<\/p>\n<p>S\u00e4hk\u00f6postilaskun osoite: 02231814@scan.netvisor.fi<\/p>\n<ul>\n<li>\u00a0Laskulla tulee selke\u00e4sti lukea vastaanottaja Turun Urheiluliitto ry\/ triathlonjaosto<\/li>\n<li>Voit l\u00e4hett\u00e4\u00e4 useita laskuja yhdess\u00e4 s\u00e4hk\u00f6postiviestiss\u00e4, kunhan jokainen lasku on erillisen\u00e4 liitetiedostona. Kaikilla tiedostoilla tulee olla eri nimi.<\/li>\n<li>Yhden s\u00e4hk\u00f6postin maksimikoko on 5Mb.<\/li>\n<li>PDF-tiedostojen tulee olla aitoja PDF-dokumentteja (PDF- versio 1.3 tai uudempi).<\/li>\n<li>PDF-tiedostot eiv\u00e4t saa olla lukittuja tai salasanalla suojattuja.<\/li>\n<li>Dokumentin ulkomitta voi olla maksimissaan 210 x 297 mm.<\/li>\n<li>Liitteen nimen sallitut merkit ovat tavallisia kirjoitusmerkkej\u00e4, a-z, A-Z, 0-9. Eth\u00e4n k\u00e4yt\u00e4 erikoismerkkej\u00e4 liitteiden nime\u00e4miseen.<\/li>\n<\/ul>\n[\/vc_column_text][\/toggle][toggle color=&#8221;Accent-Color&#8221; heading_tag=&#8221;h3&#8243; heading_tag_functionality=&#8221;default&#8221; title=&#8221;Laskujen vastaanotto postitse skannauspalveluun&#8221;][vc_column_text text_direction=&#8221;default&#8221;]Osoitetietojen tulee olla t\u00e4ydellisin\u00e4 sek\u00e4 laskussa ett\u00e4 kirjekuoressa, jotta lasku voidaan v\u00e4litt\u00e4\u00e4 nopeasti ja luotettavasti vastaanottajalleen.<\/p>\n<p>Turun Urheiluliitto Ry\/ triathlonjaosto<br \/>\n02231814<br \/>\nPL 100<br \/>\n80020 Kollektor Scan<\/p>\n<ul>\n<li>\u00a0L\u00e4het\u00e4th\u00e4n skannausosoitteeseen ainoastaan laskumateriaalia. N\u00e4m\u00e4 postit luetaan automaattisesti yrityksemme reskontraan, eik\u00e4 mik\u00e4\u00e4n muu materiaali (esimerkiksi kuitit, liikelahjat, luottokortit ja p\u00e4\u00e4syliput) saavuta vastaanottajaansa t\u00e4t\u00e4 kautta.<\/li>\n<li>K\u00e4yt\u00e4th\u00e4n mieluiten tekstiss\u00e4 vain mustaa v\u00e4ri\u00e4 valkoisella pohjalla: se antaa selkeimm\u00e4n lopputuloksen laskun tietojen tunnistusta varten.<\/li>\n<li>Eth\u00e4n k\u00e4yt\u00e4 niittej\u00e4 skannauspalveluun l\u00e4hetetyiss\u00e4 laskuissa.<\/li>\n<\/ul>\n[\/vc_column_text][\/toggle][\/toggles][\/vc_column][\/vc_row][vc_row type=&#8221;full_width_background&#8221; full_screen_row_position=&#8221;middle&#8221; column_margin=&#8221;default&#8221; equal_height=&#8221;yes&#8221; content_placement=&#8221;middle&#8221; column_direction=&#8221;default&#8221; column_direction_tablet=&#8221;default&#8221; column_direction_phone=&#8221;default&#8221; bg_color=&#8221;#ffffff&#8221; scene_position=&#8221;center&#8221; top_padding=&#8221;6%&#8221; constrain_group_1=&#8221;yes&#8221; bottom_padding=&#8221;6%&#8221; constrain_group_2=&#8221;yes&#8221; left_padding_tablet=&#8221;1%&#8221; constrain_group_4=&#8221;yes&#8221; right_padding_tablet=&#8221;1%&#8221; constrain_group_6=&#8221;yes&#8221; text_color=&#8221;dark&#8221; text_align=&#8221;left&#8221; row_border_radius=&#8221;none&#8221; row_border_radius_applies=&#8221;bg&#8221; zindex=&#8221;10&#8243; overflow=&#8221;visible&#8221; id=&#8221;info&#8221; advanced_gradient_angle=&#8221;0&#8243; overlay_strength=&#8221;0.8&#8243; gradient_direction=&#8221;left_to_right&#8221; shape_divider_position=&#8221;bottom&#8221; bg_image_animation=&#8221;none&#8221; parallax_bg=&#8221;true&#8221; parallax_bg_speed=&#8221;fast&#8221; shape_type=&#8221;&#8221; gradient_type=&#8221;default&#8221;][vc_column column_padding=&#8221;no-extra-padding&#8221; column_padding_tablet=&#8221;inherit&#8221; column_padding_phone=&#8221;inherit&#8221; column_padding_position=&#8221;right&#8221; column_element_direction_desktop=&#8221;default&#8221; column_element_spacing=&#8221;default&#8221; desktop_text_alignment=&#8221;default&#8221; tablet_text_alignment=&#8221;default&#8221; phone_text_alignment=&#8221;default&#8221; background_color_opacity=&#8221;1&#8243; background_hover_color_opacity=&#8221;1&#8243; column_backdrop_filter=&#8221;none&#8221; column_shadow=&#8221;none&#8221; column_border_radius=&#8221;none&#8221; column_link_target=&#8221;_self&#8221; column_position=&#8221;default&#8221; advanced_gradient_angle=&#8221;0&#8243; gradient_direction=&#8221;left_to_right&#8221; overlay_strength=&#8221;0.3&#8243; width=&#8221;1\/1&#8243; tablet_width_inherit=&#8221;default&#8221; animation_type=&#8221;default&#8221; bg_image_animation=&#8221;none&#8221; border_type=&#8221;simple&#8221; column_border_width=&#8221;none&#8221; column_border_style=&#8221;solid&#8221; gradient_type=&#8221;default&#8221;][nectar_global_section id=&#8221;29&#8243;][\/vc_column][\/vc_row]\n","protected":false},"excerpt":{"rendered":"<p>[vc_row type=&#8221;full_width_background&#8221; full_screen_row_position=&#8221;middle&#8221; column_margin=&#8221;default&#8221; column_direction=&#8221;default&#8221; column_direction_tablet=&#8221;default&#8221; column_direction_phone=&#8221;default&#8221; bg_image=&#8221;511&#8243; bg_position=&#8221;custom&#8221; bg_position_x=&#8221;&#8221; bg_position_y=&#8221;15&#8243; background_image_loading=&#8221;default&#8221; bg_repeat=&#8221;no-repeat&#8221; scene_position=&#8221;center&#8221; top_padding=&#8221;14%&#8221; bottom_padding=&#8221;9%&#8221; text_color=&#8221;dark&#8221; text_align=&#8221;left&#8221; row_border_radius=&#8221;none&#8221; row_border_radius_applies=&#8221;bg&#8221; overflow=&#8221;visible&#8221; enable_gradient=&#8221;true&#8221; color_overlay=&#8221;#000000&#8243; overlay_strength=&#8221;0.8&#8243; gradient_direction=&#8221;left_to_right&#8221; shape_divider_position=&#8221;bottom&#8221; bg_image_animation=&#8221;none&#8221; gradient_type=&#8221;default&#8221; shape_type=&#8221;&#8221;][vc_column column_padding=&#8221;no-extra-padding&#8221;&#8230;<\/p>\n","protected":false},"author":24,"featured_media":0,"parent":0,"menu_order":0,"comment_status":"closed","ping_status":"closed","template":"","meta":{"footnotes":""},"class_list":["post-678","page","type-page","status-publish"],"yoast_head":"<!-- This site is optimized with the Yoast SEO plugin v27.3 - https:\/\/yoast.com\/product\/yoast-seo-wordpress\/ -->\n<title>Laskutusohje - TuUL Triathlon<\/title>\n<meta name=\"description\" content=\"Kaikki uudet tulokkaat ovat tervetulleita mukaan yhteis\u00f6\u00f6mme. Voit tulla tutustumaan treeneihin, ennen lopullista p\u00e4\u00e4t\u00f6st\u00e4 seuraan osallistumisesta.\" \/>\n<meta name=\"robots\" content=\"index, follow, max-snippet:-1, max-image-preview:large, max-video-preview:-1\" \/>\n<link rel=\"canonical\" href=\"https:\/\/turunurheiluliitto.fi\/triathlon\/laskutusohje\" \/>\n<meta property=\"og:locale\" content=\"fi_FI\" \/>\n<meta property=\"og:type\" content=\"article\" \/>\n<meta property=\"og:title\" content=\"Laskutusohje - TuUL Triathlon\" \/>\n<meta property=\"og:description\" content=\"Kaikki uudet tulokkaat ovat tervetulleita mukaan yhteis\u00f6\u00f6mme. Voit tulla tutustumaan treeneihin, ennen lopullista p\u00e4\u00e4t\u00f6st\u00e4 seuraan osallistumisesta.\" \/>\n<meta property=\"og:url\" content=\"https:\/\/turunurheiluliitto.fi\/triathlon\/laskutusohje\" \/>\n<meta property=\"og:site_name\" content=\"TuUL Triathlon\" \/>\n<meta name=\"twitter:card\" content=\"summary_large_image\" \/>\n<meta name=\"twitter:label1\" content=\"Arvioitu lukuaika\" \/>\n\t<meta name=\"twitter:data1\" content=\"3 minuuttia\" \/>\n<script type=\"application\/ld+json\" class=\"yoast-schema-graph\">{\"@context\":\"https:\\\/\\\/schema.org\",\"@graph\":[{\"@type\":\"WebPage\",\"@id\":\"https:\\\/\\\/turunurheiluliitto.fi\\\/triathlon\\\/laskutusohje\",\"url\":\"https:\\\/\\\/turunurheiluliitto.fi\\\/triathlon\\\/laskutusohje\",\"name\":\"Laskutusohje - TuUL Triathlon\",\"isPartOf\":{\"@id\":\"https:\\\/\\\/turunurheiluliitto.fi\\\/triathlon\\\/#website\"},\"datePublished\":\"2024-03-22T10:09:34+00:00\",\"description\":\"Kaikki uudet tulokkaat ovat tervetulleita mukaan yhteis\u00f6\u00f6mme. Voit tulla tutustumaan treeneihin, ennen lopullista p\u00e4\u00e4t\u00f6st\u00e4 seuraan osallistumisesta.\",\"breadcrumb\":{\"@id\":\"https:\\\/\\\/turunurheiluliitto.fi\\\/triathlon\\\/laskutusohje#breadcrumb\"},\"inLanguage\":\"fi\",\"potentialAction\":[{\"@type\":\"ReadAction\",\"target\":[\"https:\\\/\\\/turunurheiluliitto.fi\\\/triathlon\\\/laskutusohje\"]}]},{\"@type\":\"BreadcrumbList\",\"@id\":\"https:\\\/\\\/turunurheiluliitto.fi\\\/triathlon\\\/laskutusohje#breadcrumb\",\"itemListElement\":[{\"@type\":\"ListItem\",\"position\":1,\"name\":\"Etusivu\",\"item\":\"https:\\\/\\\/turunurheiluliitto.fi\\\/triathlon\\\/\"},{\"@type\":\"ListItem\",\"position\":2,\"name\":\"Laskutusohje\"}]},{\"@type\":\"WebSite\",\"@id\":\"https:\\\/\\\/turunurheiluliitto.fi\\\/triathlon\\\/#website\",\"url\":\"https:\\\/\\\/turunurheiluliitto.fi\\\/triathlon\\\/\",\"name\":\"TuUL Triathlon\",\"description\":\"Turun Urheiluliitto Triathlon\",\"potentialAction\":[{\"@type\":\"SearchAction\",\"target\":{\"@type\":\"EntryPoint\",\"urlTemplate\":\"https:\\\/\\\/turunurheiluliitto.fi\\\/triathlon\\\/?s={search_term_string}\"},\"query-input\":{\"@type\":\"PropertyValueSpecification\",\"valueRequired\":true,\"valueName\":\"search_term_string\"}}],\"inLanguage\":\"fi\"}]}<\/script>\n<!-- \/ Yoast SEO plugin. -->","yoast_head_json":{"title":"Laskutusohje - TuUL Triathlon","description":"Kaikki uudet tulokkaat ovat tervetulleita mukaan yhteis\u00f6\u00f6mme. Voit tulla tutustumaan treeneihin, ennen lopullista p\u00e4\u00e4t\u00f6st\u00e4 seuraan osallistumisesta.","robots":{"index":"index","follow":"follow","max-snippet":"max-snippet:-1","max-image-preview":"max-image-preview:large","max-video-preview":"max-video-preview:-1"},"canonical":"https:\/\/turunurheiluliitto.fi\/triathlon\/laskutusohje","og_locale":"fi_FI","og_type":"article","og_title":"Laskutusohje - TuUL Triathlon","og_description":"Kaikki uudet tulokkaat ovat tervetulleita mukaan yhteis\u00f6\u00f6mme. Voit tulla tutustumaan treeneihin, ennen lopullista p\u00e4\u00e4t\u00f6st\u00e4 seuraan osallistumisesta.","og_url":"https:\/\/turunurheiluliitto.fi\/triathlon\/laskutusohje","og_site_name":"TuUL Triathlon","twitter_card":"summary_large_image","twitter_misc":{"Arvioitu lukuaika":"3 minuuttia"},"schema":{"@context":"https:\/\/schema.org","@graph":[{"@type":"WebPage","@id":"https:\/\/turunurheiluliitto.fi\/triathlon\/laskutusohje","url":"https:\/\/turunurheiluliitto.fi\/triathlon\/laskutusohje","name":"Laskutusohje - TuUL Triathlon","isPartOf":{"@id":"https:\/\/turunurheiluliitto.fi\/triathlon\/#website"},"datePublished":"2024-03-22T10:09:34+00:00","description":"Kaikki uudet tulokkaat ovat tervetulleita mukaan yhteis\u00f6\u00f6mme. Voit tulla tutustumaan treeneihin, ennen lopullista p\u00e4\u00e4t\u00f6st\u00e4 seuraan osallistumisesta.","breadcrumb":{"@id":"https:\/\/turunurheiluliitto.fi\/triathlon\/laskutusohje#breadcrumb"},"inLanguage":"fi","potentialAction":[{"@type":"ReadAction","target":["https:\/\/turunurheiluliitto.fi\/triathlon\/laskutusohje"]}]},{"@type":"BreadcrumbList","@id":"https:\/\/turunurheiluliitto.fi\/triathlon\/laskutusohje#breadcrumb","itemListElement":[{"@type":"ListItem","position":1,"name":"Etusivu","item":"https:\/\/turunurheiluliitto.fi\/triathlon\/"},{"@type":"ListItem","position":2,"name":"Laskutusohje"}]},{"@type":"WebSite","@id":"https:\/\/turunurheiluliitto.fi\/triathlon\/#website","url":"https:\/\/turunurheiluliitto.fi\/triathlon\/","name":"TuUL Triathlon","description":"Turun Urheiluliitto Triathlon","potentialAction":[{"@type":"SearchAction","target":{"@type":"EntryPoint","urlTemplate":"https:\/\/turunurheiluliitto.fi\/triathlon\/?s={search_term_string}"},"query-input":{"@type":"PropertyValueSpecification","valueRequired":true,"valueName":"search_term_string"}}],"inLanguage":"fi"}]}},"_links":{"self":[{"href":"https:\/\/turunurheiluliitto.fi\/triathlon\/wp-json\/wp\/v2\/pages\/678","targetHints":{"allow":["GET"]}}],"collection":[{"href":"https:\/\/turunurheiluliitto.fi\/triathlon\/wp-json\/wp\/v2\/pages"}],"about":[{"href":"https:\/\/turunurheiluliitto.fi\/triathlon\/wp-json\/wp\/v2\/types\/page"}],"author":[{"embeddable":true,"href":"https:\/\/turunurheiluliitto.fi\/triathlon\/wp-json\/wp\/v2\/users\/24"}],"replies":[{"embeddable":true,"href":"https:\/\/turunurheiluliitto.fi\/triathlon\/wp-json\/wp\/v2\/comments?post=678"}],"version-history":[{"count":5,"href":"https:\/\/turunurheiluliitto.fi\/triathlon\/wp-json\/wp\/v2\/pages\/678\/revisions"}],"predecessor-version":[{"id":683,"href":"https:\/\/turunurheiluliitto.fi\/triathlon\/wp-json\/wp\/v2\/pages\/678\/revisions\/683"}],"wp:attachment":[{"href":"https:\/\/turunurheiluliitto.fi\/triathlon\/wp-json\/wp\/v2\/media?parent=678"}],"curies":[{"name":"wp","href":"https:\/\/api.w.org\/{rel}","templated":true}]}}