{"id":118,"date":"2022-10-20T17:12:59","date_gmt":"2022-10-20T14:12:59","guid":{"rendered":"https:\/\/turunurheiluliitto.fi\/nyrkkeily\/?page_id=118"},"modified":"2024-12-16T11:15:02","modified_gmt":"2024-12-16T09:15:02","slug":"ilmoittautuminen","status":"publish","type":"page","link":"https:\/\/turunurheiluliitto.fi\/nyrkkeily\/ilmoittautuminen","title":{"rendered":"Ilmoittautuminen"},"content":{"rendered":"[vc_row type=&#8221;full_width_background&#8221; full_screen_row_position=&#8221;middle&#8221; column_margin=&#8221;default&#8221; column_direction=&#8221;default&#8221; column_direction_tablet=&#8221;default&#8221; column_direction_phone=&#8221;default&#8221; bg_image=&#8221;25&#8243; bg_position=&#8221;center center&#8221; background_image_loading=&#8221;default&#8221; bg_repeat=&#8221;no-repeat&#8221; scene_position=&#8221;center&#8221; top_padding=&#8221;14%&#8221; bottom_padding=&#8221;9%&#8221; top_padding_phone=&#8221;28%&#8221; bottom_padding_phone=&#8221;14%&#8221; text_color=&#8221;dark&#8221; text_align=&#8221;left&#8221; row_border_radius=&#8221;none&#8221; row_border_radius_applies=&#8221;bg&#8221; overflow=&#8221;visible&#8221; overlay_strength=&#8221;0.3&#8243; gradient_direction=&#8221;left_to_right&#8221; shape_divider_position=&#8221;bottom&#8221; bg_image_animation=&#8221;none&#8221; gradient_type=&#8221;default&#8221; shape_type=&#8221;&#8221;][vc_column column_padding=&#8221;no-extra-padding&#8221; column_padding_tablet=&#8221;inherit&#8221; column_padding_phone=&#8221;inherit&#8221; column_padding_position=&#8221;all&#8221; column_element_direction_desktop=&#8221;default&#8221; column_element_spacing=&#8221;default&#8221; desktop_text_alignment=&#8221;default&#8221; tablet_text_alignment=&#8221;default&#8221; phone_text_alignment=&#8221;default&#8221; background_color_opacity=&#8221;1&#8243; background_hover_color_opacity=&#8221;1&#8243; column_backdrop_filter=&#8221;none&#8221; column_shadow=&#8221;none&#8221; column_border_radius=&#8221;none&#8221; column_link_target=&#8221;_self&#8221; column_position=&#8221;default&#8221; gradient_direction=&#8221;left_to_right&#8221; overlay_strength=&#8221;0.3&#8243; width=&#8221;1\/1&#8243; tablet_width_inherit=&#8221;default&#8221; animation_type=&#8221;default&#8221; bg_image_animation=&#8221;none&#8221; border_type=&#8221;simple&#8221; column_border_width=&#8221;none&#8221; column_border_style=&#8221;solid&#8221;][vc_custom_heading text=&#8221;Ilmoittautuminen&#8221; font_container=&#8221;tag:h1|text_align:left|color:%23ffffff&#8221; use_theme_fonts=&#8221;yes&#8221;][\/vc_column][\/vc_row][vc_row type=&#8221;full_width_background&#8221; full_screen_row_position=&#8221;middle&#8221; column_margin=&#8221;default&#8221; equal_height=&#8221;yes&#8221; content_placement=&#8221;middle&#8221; column_direction=&#8221;default&#8221; column_direction_tablet=&#8221;default&#8221; column_direction_phone=&#8221;default&#8221; scene_position=&#8221;center&#8221; top_padding=&#8221;6%&#8221; constrain_group_1=&#8221;yes&#8221; bottom_padding=&#8221;6%&#8221; top_padding_phone=&#8221;10%&#8221; constrain_group_5=&#8221;yes&#8221; bottom_padding_phone=&#8221;10%&#8221; text_color=&#8221;dark&#8221; text_align=&#8221;left&#8221; row_border_radius=&#8221;none&#8221; row_border_radius_applies=&#8221;bg&#8221; overflow=&#8221;visible&#8221; id=&#8221;info&#8221; overlay_strength=&#8221;0.8&#8243; gradient_direction=&#8221;left_to_right&#8221; shape_divider_position=&#8221;bottom&#8221; bg_image_animation=&#8221;none&#8221; gradient_type=&#8221;default&#8221; shape_type=&#8221;&#8221;][vc_column column_padding=&#8221;padding-5-percent&#8221; column_padding_tablet=&#8221;no-extra-padding&#8221; column_padding_phone=&#8221;no-extra-padding&#8221; column_padding_position=&#8221;right&#8221; column_element_direction_desktop=&#8221;default&#8221; column_element_spacing=&#8221;default&#8221; desktop_text_alignment=&#8221;default&#8221; tablet_text_alignment=&#8221;default&#8221; phone_text_alignment=&#8221;default&#8221; background_color_opacity=&#8221;1&#8243; background_hover_color_opacity=&#8221;1&#8243; column_backdrop_filter=&#8221;none&#8221; column_shadow=&#8221;none&#8221; column_border_radius=&#8221;none&#8221; column_link_target=&#8221;_self&#8221; column_position=&#8221;default&#8221; gradient_direction=&#8221;left_to_right&#8221; overlay_strength=&#8221;0.3&#8243; width=&#8221;1\/2&#8243; tablet_width_inherit=&#8221;default&#8221; animation_type=&#8221;default&#8221; enable_animation=&#8221;true&#8221; animation=&#8221;slight-fade-in-from-bottom&#8221; animation_easing=&#8221;default&#8221; bg_image_animation=&#8221;none&#8221; border_type=&#8221;simple&#8221; column_border_width=&#8221;none&#8221; column_border_style=&#8221;solid&#8221; column_padding_type=&#8221;default&#8221; gradient_type=&#8221;default&#8221;][vc_custom_heading text=&#8221;Ilmoittaudu mukaan&#8221; font_container=&#8221;tag:h3|text_align:left|color:%23000000&#8243; use_theme_fonts=&#8221;yes&#8221;][divider line_type=&#8221;Small Line&#8221; line_alignment=&#8221;default&#8221; line_thickness=&#8221;4&#8243; divider_color=&#8221;accent-color&#8221; animate=&#8221;yes&#8221; custom_height=&#8221;60&#8243;][vc_column_text css=&#8221;&#8221; text_direction=&#8221;default&#8221;]Ilmoittaudu mukaan alla olevista linkeist\u00e4. Lis\u00e4ksi tarvitset kuntoilija- tai kilpailijalisenssin. Lisenssi ostetaan osoitteesta\u00a0<a href=\"http:\/\/www.suomisport.fi\/\" target=\"_blank\" rel=\"noopener noreferrer\">www.suomisport.fi<\/a>\u00a0Lisenssit l\u00f6ytyv\u00e4t hakusanalla Nyrkkeily \/ &#8221;Suomen Nyrkkeilyliitto ry&#8221;. Seuran nimi on &#8221;Turun Urheiluliitto ry Nyrkkeily&#8221;.<\/p>\n<p><strong>Tullessasi salille<\/strong><\/p>\n<ol>\n<li>Ota maksukuitit (harjoitusmaksu + lisenssi) mukaan ja esit\u00e4 ne ohjaajalle. Voit my\u00f6s n\u00e4ytt\u00e4\u00e4 kuitin k\u00e4nnyk\u00e4n nettipankista. <span data-olk-copy-source=\"MessageBody\">Jos maksat liikuntaseteleill\u00e4, ota lasku mukaan salille ja n\u00e4yt\u00e4 ohjaajalle kuitti liikuntaedulla suoritetusta maksusta.<\/span><\/li>\n<li>Liikuntakeskus Alfaan p\u00e4\u00e4sy\u00e4 varten t\u00e4ytyy ostaa Turun kaupungin kulkuranneke, jonka saa salilta. Salilta voi ostaa my\u00f6s varusteita esim. hanskat, k\u00e4sisiteet tai hammassuojat. Varusteostokset voi maksaa kortilla, laskulla tai k\u00e4teisell\u00e4.<\/li>\n<\/ol>\n<h4>Peruutusehdot<\/h4>\n<ul>\n<li>Kaikkia tunteja voi kokeilla kaksi kertaa (2), ennen sitoutumista kauteen (puoli vuotta).<\/li>\n<li>Jos ette jatka kokeilukertojen j\u00e4lkeen, peruuttakaa osallistuminen<strong> ennen ensimm\u00e4isen laskun er\u00e4p\u00e4iv\u00e4\u00e4 osoitteeseen nyrkkeily@turunurheiluliitto.fi.<\/strong><\/li>\n<li>Jos osallistumista ei peruuteta laskun er\u00e4p\u00e4iv\u00e4\u00e4n menness\u00e4, katsomme ett\u00e4 ilmoittautunut osallistuu ryhm\u00e4n toimintaan, ja ilmoittautumisen yhteydess\u00e4 l\u00e4hetetty lasku tulee maksaa kokonaisuudessaan.<\/li>\n<li>Mik\u00e4li harjoituksia ei voida j\u00e4rjest\u00e4\u00e4 seurasta riippumattomista syist\u00e4 (esim. kaupungin liikuntatoimen tekem\u00e4 salivuoron peruutus), seura ei palauta maksuja.<\/li>\n<li>Maksuja ei palauteta poissaolojen, sairastumisen, loukkaantumisen tai lopettamisen vuoksi.<\/li>\n<li>Mahdolliset seurasta johtuvat peruuntuneet harjoituskerrat korvataan ryhm\u00e4\u00e4 erikseen infotuilla tunneilla, mik\u00e4li korvaava tila saadaan j\u00e4rjestetty\u00e4. Emme palauta maksuja peruuntuneista kerroista.<\/li>\n<\/ul>\n[\/vc_column_text][clients columns=&#8221;3&#8243; hover_effect=&#8221;opacity&#8221; additional_padding=&#8221;2&#8243;][client image=&#8221;71&#8243; url_target=&#8221;_blank&#8221; title=&#8221;Client&#8221; id=&#8221;1734340378692-9&#8243; tab_id=&#8221;1734340378695-5&#8243;] Click the edit button to add your testimonial. [\/client][client image=&#8221;72&#8243; url_target=&#8221;_blank&#8221; title=&#8221;Client&#8221; id=&#8221;1734340378834-1&#8243; tab_id=&#8221;1734340378834-2&#8243;] Click the edit button to add your testimonial. [\/client][client image=&#8221;73&#8243; url_target=&#8221;_blank&#8221; title=&#8221;Client&#8221; id=&#8221;1734340378852-10&#8243; tab_id=&#8221;1734340378861-10&#8243;][\/client][\/clients][nectar_cta btn_style=&#8221;underline&#8221; heading_tag=&#8221;h4&#8243; button_color=&#8221;default&#8221; text_color=&#8221;#000000&#8243; text_color_hover=&#8221;#ffd723&#8243; button_border_thickness=&#8221;0px&#8221; link_type=&#8221;regular&#8221; alignment=&#8221;left&#8221; alignment_tablet=&#8221;default&#8221; alignment_phone=&#8221;default&#8221; constrain_group_3=&#8221;yes&#8221; display=&#8221;block&#8221; display_tablet=&#8221;inherit&#8221; display_phone=&#8221;inherit&#8221; icon_family=&#8221;none&#8221; link_text=&#8221;Ota yhteytt\u00e4&#8221; margin_top=&#8221;30&#8243; padding_top=&#8221;18&#8243; padding_bottom=&#8221;18&#8243; margin_bottom=&#8221;20&#8243; url=&#8221;\/nyrkkeily\/yhteystiedot&#8221; class=&#8221;keltaviivapainike&#8221;][\/vc_column][vc_column column_padding=&#8221;padding-3-percent&#8221; column_padding_tablet=&#8221;inherit&#8221; column_padding_phone=&#8221;inherit&#8221; column_padding_position=&#8221;all&#8221; column_element_direction_desktop=&#8221;default&#8221; column_element_spacing=&#8221;default&#8221; desktop_text_alignment=&#8221;default&#8221; tablet_text_alignment=&#8221;default&#8221; phone_text_alignment=&#8221;default&#8221; background_color=&#8221;#f2f2f2&#8243; background_color_opacity=&#8221;1&#8243; background_hover_color_opacity=&#8221;1&#8243; column_backdrop_filter=&#8221;none&#8221; column_shadow=&#8221;none&#8221; column_border_radius=&#8221;none&#8221; column_link_target=&#8221;_self&#8221; column_position=&#8221;default&#8221; gradient_direction=&#8221;left_to_right&#8221; overlay_strength=&#8221;0.3&#8243; width=&#8221;1\/2&#8243; tablet_width_inherit=&#8221;default&#8221; animation_type=&#8221;default&#8221; bg_image_animation=&#8221;none&#8221; border_type=&#8221;simple&#8221; column_border_width=&#8221;none&#8221; column_border_style=&#8221;solid&#8221; column_padding_type=&#8221;default&#8221; gradient_type=&#8221;default&#8221;][vc_raw_html]JTNDaWZyYW1lJTIwc3JjJTNEJTIyaHR0cHMlM0ElMkYlMkZ0dXJ1bnVyaGVpbHVsaWl0dG8ubXljbHViLmZpJTJGZ3JvdXBzJTJGMjQ1MDIlMkZldmVudF9lbWJlZHMlMkY3NTk1JTNGdG9rZW4lM0RlZGYwMTlhOGVkNWZjNjJhOWJkYjJhMWY0MjFmNDkyYjgzODExNGIzJTIyJTIwc2Nyb2xsaW5nJTNEJTIyeWVzJTIyJTIwaWQlM0QlMjJpRnJhbWVSZXNpemVyMCUyMiUyMHN0eWxlJTNEJTIyYm9yZGVyJTNBJTIwMHB4JTNCJTIwd2lkdGglM0ElMjAxcHglM0IlMjBtaW4td2lkdGglM0ElMjAxMDAlMjUlM0IlMjBvdmVyZmxvdyUzQSUyMGhpZGRlbiUzQiUyMGhlaWdodCUzQSUyMDc1NHB4JTNCJTIyJTNFJTNDJTJGaWZyYW1lJTNF[\/vc_raw_html][\/vc_column][\/vc_row]\n","protected":false},"excerpt":{"rendered":"<p>[vc_row type=&#8221;full_width_background&#8221; full_screen_row_position=&#8221;middle&#8221; column_margin=&#8221;default&#8221; column_direction=&#8221;default&#8221; column_direction_tablet=&#8221;default&#8221; column_direction_phone=&#8221;default&#8221; bg_image=&#8221;25&#8243; bg_position=&#8221;center center&#8221; background_image_loading=&#8221;default&#8221; bg_repeat=&#8221;no-repeat&#8221; scene_position=&#8221;center&#8221; top_padding=&#8221;14%&#8221; bottom_padding=&#8221;9%&#8221; top_padding_phone=&#8221;28%&#8221; bottom_padding_phone=&#8221;14%&#8221; text_color=&#8221;dark&#8221; text_align=&#8221;left&#8221; row_border_radius=&#8221;none&#8221; row_border_radius_applies=&#8221;bg&#8221; overflow=&#8221;visible&#8221; overlay_strength=&#8221;0.3&#8243; gradient_direction=&#8221;left_to_right&#8221; shape_divider_position=&#8221;bottom&#8221; bg_image_animation=&#8221;none&#8221; gradient_type=&#8221;default&#8221; shape_type=&#8221;&#8221;][vc_column column_padding=&#8221;no-extra-padding&#8221; column_padding_tablet=&#8221;inherit&#8221;&#8230;<\/p>\n","protected":false},"author":1,"featured_media":0,"parent":0,"menu_order":0,"comment_status":"closed","ping_status":"closed","template":"","meta":{"footnotes":""},"class_list":["post-118","page","type-page","status-publish"],"_links":{"self":[{"href":"https:\/\/turunurheiluliitto.fi\/nyrkkeily\/wp-json\/wp\/v2\/pages\/118","targetHints":{"allow":["GET"]}}],"collection":[{"href":"https:\/\/turunurheiluliitto.fi\/nyrkkeily\/wp-json\/wp\/v2\/pages"}],"about":[{"href":"https:\/\/turunurheiluliitto.fi\/nyrkkeily\/wp-json\/wp\/v2\/types\/page"}],"author":[{"embeddable":true,"href":"https:\/\/turunurheiluliitto.fi\/nyrkkeily\/wp-json\/wp\/v2\/users\/1"}],"replies":[{"embeddable":true,"href":"https:\/\/turunurheiluliitto.fi\/nyrkkeily\/wp-json\/wp\/v2\/comments?post=118"}],"version-history":[{"count":5,"href":"https:\/\/turunurheiluliitto.fi\/nyrkkeily\/wp-json\/wp\/v2\/pages\/118\/revisions"}],"predecessor-version":[{"id":384,"href":"https:\/\/turunurheiluliitto.fi\/nyrkkeily\/wp-json\/wp\/v2\/pages\/118\/revisions\/384"}],"wp:attachment":[{"href":"https:\/\/turunurheiluliitto.fi\/nyrkkeily\/wp-json\/wp\/v2\/media?parent=118"}],"curies":[{"name":"wp","href":"https:\/\/api.w.org\/{rel}","templated":true}]}}