{"id":411,"date":"2024-03-20T13:26:17","date_gmt":"2024-03-20T11:26:17","guid":{"rendered":"https:\/\/turunurheiluliitto.fi\/lentopallo\/?page_id=411"},"modified":"2025-06-16T10:52:11","modified_gmt":"2025-06-16T07:52:11","slug":"vapaaehtoiseksi","status":"publish","type":"page","link":"https:\/\/turunurheiluliitto.fi\/lentopallo\/vapaaehtoiseksi","title":{"rendered":"Vapaaehtoiseksi"},"content":{"rendered":"[vc_row type=&#8221;full_width_background&#8221; full_screen_row_position=&#8221;middle&#8221; column_margin=&#8221;default&#8221; column_direction=&#8221;default&#8221; column_direction_tablet=&#8221;default&#8221; column_direction_phone=&#8221;default&#8221; bg_image=&#8221;163&#8243; bg_position=&#8221;center center&#8221; background_image_loading=&#8221;default&#8221; bg_repeat=&#8221;no-repeat&#8221; scene_position=&#8221;center&#8221; top_padding=&#8221;14%&#8221; bottom_padding=&#8221;9%&#8221; text_color=&#8221;dark&#8221; text_align=&#8221;left&#8221; row_border_radius=&#8221;none&#8221; row_border_radius_applies=&#8221;bg&#8221; overflow=&#8221;visible&#8221; enable_gradient=&#8221;true&#8221; color_overlay=&#8221;#000000&#8243; overlay_strength=&#8221;0.8&#8243; gradient_direction=&#8221;left_to_right&#8221; shape_divider_position=&#8221;bottom&#8221; bg_image_animation=&#8221;none&#8221; gradient_type=&#8221;default&#8221; shape_type=&#8221;&#8221;][vc_column column_padding=&#8221;no-extra-padding&#8221; column_padding_tablet=&#8221;inherit&#8221; column_padding_phone=&#8221;inherit&#8221; column_padding_position=&#8221;all&#8221; column_element_direction_desktop=&#8221;default&#8221; column_element_spacing=&#8221;default&#8221; desktop_text_alignment=&#8221;default&#8221; tablet_text_alignment=&#8221;default&#8221; phone_text_alignment=&#8221;default&#8221; background_color_opacity=&#8221;1&#8243; background_hover_color_opacity=&#8221;1&#8243; column_backdrop_filter=&#8221;none&#8221; column_shadow=&#8221;none&#8221; column_border_radius=&#8221;none&#8221; column_link_target=&#8221;_self&#8221; column_position=&#8221;default&#8221; gradient_direction=&#8221;left_to_right&#8221; overlay_strength=&#8221;0.3&#8243; width=&#8221;1\/1&#8243; tablet_width_inherit=&#8221;default&#8221; animation_type=&#8221;default&#8221; bg_image_animation=&#8221;none&#8221; border_type=&#8221;simple&#8221; column_border_width=&#8221;none&#8221; column_border_style=&#8221;solid&#8221;][vc_custom_heading text=&#8221;Minustako valmentaja?&#8221; font_container=&#8221;tag:h1|text_align:left|color:%23ffffff&#8221; use_theme_fonts=&#8221;yes&#8221;][\/vc_column][\/vc_row][vc_row type=&#8221;full_width_background&#8221; full_screen_row_position=&#8221;middle&#8221; column_margin=&#8221;default&#8221; equal_height=&#8221;yes&#8221; content_placement=&#8221;middle&#8221; column_direction=&#8221;default&#8221; column_direction_tablet=&#8221;default&#8221; column_direction_phone=&#8221;default&#8221; scene_position=&#8221;center&#8221; top_padding=&#8221;6%&#8221; constrain_group_1=&#8221;yes&#8221; bottom_padding=&#8221;6%&#8221; text_color=&#8221;dark&#8221; text_align=&#8221;left&#8221; row_border_radius=&#8221;none&#8221; row_border_radius_applies=&#8221;bg&#8221; overflow=&#8221;visible&#8221; overlay_strength=&#8221;0.3&#8243; gradient_direction=&#8221;left_to_right&#8221; shape_divider_position=&#8221;bottom&#8221; bg_image_animation=&#8221;none&#8221; gradient_type=&#8221;default&#8221; shape_type=&#8221;&#8221;][vc_column column_padding=&#8221;no-extra-padding&#8221; column_padding_tablet=&#8221;inherit&#8221; column_padding_phone=&#8221;inherit&#8221; column_padding_position=&#8221;all&#8221; column_element_direction_desktop=&#8221;default&#8221; column_element_spacing=&#8221;default&#8221; desktop_text_alignment=&#8221;default&#8221; tablet_text_alignment=&#8221;default&#8221; phone_text_alignment=&#8221;default&#8221; background_color_opacity=&#8221;1&#8243; background_hover_color_opacity=&#8221;1&#8243; column_backdrop_filter=&#8221;none&#8221; column_shadow=&#8221;none&#8221; column_border_radius=&#8221;none&#8221; column_link_target=&#8221;_self&#8221; column_position=&#8221;default&#8221; gradient_direction=&#8221;left_to_right&#8221; overlay_strength=&#8221;0.3&#8243; width=&#8221;1\/1&#8243; tablet_width_inherit=&#8221;default&#8221; animation_type=&#8221;default&#8221; bg_image_animation=&#8221;none&#8221; border_type=&#8221;simple&#8221; column_border_width=&#8221;none&#8221; column_border_style=&#8221;solid&#8221;][vc_custom_heading text=&#8221;Toiminta Turun Urheiluliitossa&#8221;][divider line_type=&#8221;Small Line&#8221; line_alignment=&#8221;default&#8221; line_thickness=&#8221;4&#8243; divider_color=&#8221;accent-color&#8221; divider_opacity=&#8221;50&#8243; animate=&#8221;yes&#8221; custom_height=&#8221;60&#8243;][vc_column_text css=&#8221;&#8221; text_direction=&#8221;default&#8221;]Alle on koottu tietoa valmentamisesta Turun Urheiluliiton lentopallojaostossa. Mik\u00e4li valmentaminen kiinnostaa, ota rohkeasti yhteytt\u00e4 lentopallojaoston koordinaattoriin osoitteessa <a href=\"mailto:tuul.lentopallo@turunurheiluliitto.fi\" target=\"_blank\" rel=\"noopener\">tuul.lentopallo (at) turunurheiluliitto.fi<\/a>.<\/p>\n<ul>\n<li>Lentopallojaostossa kaikki valmentajamme toimivat vapaaehtoisina.<\/li>\n<li>Jaostossamme saat tueksesi laajan ringin kokeneita valmentajia, jotka auttavat mielell\u00e4\u00e4n.<\/li>\n<li>Kustannamme valmentajakoulutuksia innokkaille valmentajille, joten jos haluat laajentaa osaamistasi, ole yhteydess\u00e4 jaoston puheenjohtajaan.<\/li>\n<li>Valmentamisen voi aloittaa osana valmennusryhm\u00e4\u00e4 tai suoraan oman joukkueen kanssa.<\/li>\n<li>Kannustamme my\u00f6s oman seuran pelaajia valmentamaan ja pyrimme j\u00e4rjest\u00e4m\u00e4\u00e4n treenivuorot niin, ett\u00e4 oma pelaaminen ja valmennus sujuvat rinnakkain.<\/li>\n<li>Valmennuksessa ja muussa toiminnassamme noudatamme Turun Urheiluliiton <a href=\"https:\/\/turunurheiluliitto.fi\/seura#info\" target=\"_blank\" rel=\"noopener\">arvoja<\/a>.<\/li>\n<\/ul>\n<p>&nbsp;<\/p>\n<p>Valmennustiimeiss\u00e4 on paikkoja vastuu- ja apuvalmentajille. Valmennuksen lis\u00e4ksi junnujoukkueiden toimintaa voi avustaa ryhtym\u00e4ll\u00e4 joukkueenjohtajaksi tai huoltajaksi.<\/p>\n<p>&nbsp;<\/p>\n<p style=\"text-align: center\"><strong>Liity mukaan valmentajiemme joukkoon!<\/strong><\/p>\n<p style=\"text-align: center\"><img loading=\"lazy\" decoding=\"async\" class=\"alignnone wp-image-661 size-large\" src=\"https:\/\/turunurheiluliitto.fi\/lentopallo\/wp-content\/uploads\/sites\/4\/2024\/11\/Valmentajat-2024-1024x683.jpg\" alt=\"\" width=\"1024\" height=\"683\" srcset=\"https:\/\/turunurheiluliitto.fi\/lentopallo\/wp-content\/uploads\/sites\/4\/2024\/11\/Valmentajat-2024-1024x683.jpg 1024w, https:\/\/turunurheiluliitto.fi\/lentopallo\/wp-content\/uploads\/sites\/4\/2024\/11\/Valmentajat-2024-300x200.jpg 300w, https:\/\/turunurheiluliitto.fi\/lentopallo\/wp-content\/uploads\/sites\/4\/2024\/11\/Valmentajat-2024-768x512.jpg 768w, https:\/\/turunurheiluliitto.fi\/lentopallo\/wp-content\/uploads\/sites\/4\/2024\/11\/Valmentajat-2024-1536x1024.jpg 1536w, https:\/\/turunurheiluliitto.fi\/lentopallo\/wp-content\/uploads\/sites\/4\/2024\/11\/Valmentajat-2024-2048x1365.jpg 2048w, https:\/\/turunurheiluliitto.fi\/lentopallo\/wp-content\/uploads\/sites\/4\/2024\/11\/Valmentajat-2024-900x600.jpg 900w\" sizes=\"auto, (max-width: 1024px) 100vw, 1024px\" \/><\/p>\n<p style=\"text-align: center\"><span style=\"font-size: 8pt\">Kuva Miki<\/span><\/p>\n[\/vc_column_text][\/vc_column][\/vc_row]\n","protected":false},"excerpt":{"rendered":"<p>[vc_row type=&#8221;full_width_background&#8221; full_screen_row_position=&#8221;middle&#8221; column_margin=&#8221;default&#8221; column_direction=&#8221;default&#8221; column_direction_tablet=&#8221;default&#8221; column_direction_phone=&#8221;default&#8221; bg_image=&#8221;163&#8243; bg_position=&#8221;center center&#8221; background_image_loading=&#8221;default&#8221; bg_repeat=&#8221;no-repeat&#8221; scene_position=&#8221;center&#8221; top_padding=&#8221;14%&#8221; bottom_padding=&#8221;9%&#8221; text_color=&#8221;dark&#8221; text_align=&#8221;left&#8221; row_border_radius=&#8221;none&#8221; row_border_radius_applies=&#8221;bg&#8221; overflow=&#8221;visible&#8221; enable_gradient=&#8221;true&#8221; color_overlay=&#8221;#000000&#8243; overlay_strength=&#8221;0.8&#8243; gradient_direction=&#8221;left_to_right&#8221; shape_divider_position=&#8221;bottom&#8221; bg_image_animation=&#8221;none&#8221; gradient_type=&#8221;default&#8221; shape_type=&#8221;&#8221;][vc_column column_padding=&#8221;no-extra-padding&#8221; column_padding_tablet=&#8221;inherit&#8221;&#8230;<\/p>\n","protected":false},"author":9,"featured_media":0,"parent":0,"menu_order":0,"comment_status":"closed","ping_status":"closed","template":"","meta":{"footnotes":""},"class_list":["post-411","page","type-page","status-publish"],"_links":{"self":[{"href":"https:\/\/turunurheiluliitto.fi\/lentopallo\/wp-json\/wp\/v2\/pages\/411","targetHints":{"allow":["GET"]}}],"collection":[{"href":"https:\/\/turunurheiluliitto.fi\/lentopallo\/wp-json\/wp\/v2\/pages"}],"about":[{"href":"https:\/\/turunurheiluliitto.fi\/lentopallo\/wp-json\/wp\/v2\/types\/page"}],"author":[{"embeddable":true,"href":"https:\/\/turunurheiluliitto.fi\/lentopallo\/wp-json\/wp\/v2\/users\/9"}],"replies":[{"embeddable":true,"href":"https:\/\/turunurheiluliitto.fi\/lentopallo\/wp-json\/wp\/v2\/comments?post=411"}],"version-history":[{"count":6,"href":"https:\/\/turunurheiluliitto.fi\/lentopallo\/wp-json\/wp\/v2\/pages\/411\/revisions"}],"predecessor-version":[{"id":935,"href":"https:\/\/turunurheiluliitto.fi\/lentopallo\/wp-json\/wp\/v2\/pages\/411\/revisions\/935"}],"wp:attachment":[{"href":"https:\/\/turunurheiluliitto.fi\/lentopallo\/wp-json\/wp\/v2\/media?parent=411"}],"curies":[{"name":"wp","href":"https:\/\/api.w.org\/{rel}","templated":true}]}}