{"id":77,"date":"2022-12-21T17:03:10","date_gmt":"2022-12-21T15:03:10","guid":{"rendered":"https:\/\/turunurheiluliitto.fi\/keilailu\/?page_id=77"},"modified":"2023-03-29T13:51:02","modified_gmt":"2023-03-29T10:51:02","slug":"yhteystiedot","status":"publish","type":"page","link":"https:\/\/turunurheiluliitto.fi\/keilailu\/yhteystiedot","title":{"rendered":"Yhteystiedot"},"content":{"rendered":"[vc_row type=&#8221;full_width_background&#8221; full_screen_row_position=&#8221;middle&#8221; column_margin=&#8221;default&#8221; column_direction=&#8221;default&#8221; column_direction_tablet=&#8221;default&#8221; column_direction_phone=&#8221;default&#8221; bg_image=&#8221;22&#8243; bg_position=&#8221;center center&#8221; background_image_loading=&#8221;default&#8221; bg_repeat=&#8221;no-repeat&#8221; scene_position=&#8221;center&#8221; top_padding=&#8221;14%&#8221; bottom_padding=&#8221;9%&#8221; text_color=&#8221;dark&#8221; text_align=&#8221;left&#8221; row_border_radius=&#8221;none&#8221; row_border_radius_applies=&#8221;bg&#8221; overflow=&#8221;visible&#8221; enable_gradient=&#8221;true&#8221; color_overlay=&#8221;#000000&#8243; overlay_strength=&#8221;0.8&#8243; gradient_direction=&#8221;left_to_right&#8221; shape_divider_position=&#8221;bottom&#8221; bg_image_animation=&#8221;none&#8221; gradient_type=&#8221;default&#8221; shape_type=&#8221;&#8221;][vc_column column_padding=&#8221;no-extra-padding&#8221; column_padding_tablet=&#8221;inherit&#8221; column_padding_phone=&#8221;inherit&#8221; column_padding_position=&#8221;all&#8221; column_element_direction_desktop=&#8221;default&#8221; column_element_spacing=&#8221;default&#8221; desktop_text_alignment=&#8221;default&#8221; tablet_text_alignment=&#8221;default&#8221; phone_text_alignment=&#8221;default&#8221; background_color_opacity=&#8221;1&#8243; background_hover_color_opacity=&#8221;1&#8243; column_backdrop_filter=&#8221;none&#8221; column_shadow=&#8221;none&#8221; column_border_radius=&#8221;none&#8221; column_link_target=&#8221;_self&#8221; column_position=&#8221;default&#8221; gradient_direction=&#8221;left_to_right&#8221; overlay_strength=&#8221;0.3&#8243; width=&#8221;1\/1&#8243; tablet_width_inherit=&#8221;default&#8221; animation_type=&#8221;default&#8221; bg_image_animation=&#8221;none&#8221; border_type=&#8221;simple&#8221; column_border_width=&#8221;none&#8221; column_border_style=&#8221;solid&#8221;][vc_custom_heading text=&#8221;Yhteystiedot&#8221; font_container=&#8221;tag:h1|text_align:left|color:%23ffffff&#8221; use_theme_fonts=&#8221;yes&#8221;][\/vc_column][\/vc_row][vc_row type=&#8221;full_width_background&#8221; full_screen_row_position=&#8221;middle&#8221; column_margin=&#8221;default&#8221; equal_height=&#8221;yes&#8221; content_placement=&#8221;middle&#8221; column_direction=&#8221;default&#8221; column_direction_tablet=&#8221;default&#8221; column_direction_phone=&#8221;default&#8221; bg_color=&#8221;f2f2f2&#8243; scene_position=&#8221;center&#8221; top_padding=&#8221;6%&#8221; constrain_group_1=&#8221;yes&#8221; bottom_padding=&#8221;6%&#8221; top_padding_phone=&#8221;10%&#8221; constrain_group_5=&#8221;yes&#8221; bottom_padding_phone=&#8221;10%&#8221; text_color=&#8221;dark&#8221; text_align=&#8221;left&#8221; row_border_radius=&#8221;none&#8221; row_border_radius_applies=&#8221;bg&#8221; overflow=&#8221;visible&#8221; id=&#8221;meista&#8221; color_overlay=&#8221;#f2f2f2&#8243; overlay_strength=&#8221;0.8&#8243; gradient_direction=&#8221;left_to_right&#8221; shape_divider_position=&#8221;bottom&#8221; bg_image_animation=&#8221;none&#8221; gradient_type=&#8221;default&#8221; shape_type=&#8221;&#8221;][vc_column column_padding=&#8221;padding-5-percent&#8221; column_padding_tablet=&#8221;no-extra-padding&#8221; column_padding_phone=&#8221;no-extra-padding&#8221; column_padding_position=&#8221;right&#8221; column_element_direction_desktop=&#8221;default&#8221; column_element_spacing=&#8221;default&#8221; desktop_text_alignment=&#8221;default&#8221; tablet_text_alignment=&#8221;default&#8221; phone_text_alignment=&#8221;default&#8221; background_color_opacity=&#8221;1&#8243; background_hover_color_opacity=&#8221;1&#8243; column_backdrop_filter=&#8221;none&#8221; column_shadow=&#8221;none&#8221; column_border_radius=&#8221;none&#8221; column_link_target=&#8221;_self&#8221; column_position=&#8221;default&#8221; gradient_direction=&#8221;left_to_right&#8221; overlay_strength=&#8221;0.3&#8243; width=&#8221;1\/2&#8243; tablet_width_inherit=&#8221;default&#8221; animation_type=&#8221;default&#8221; enable_animation=&#8221;true&#8221; animation=&#8221;slight-fade-in-from-bottom&#8221; animation_easing=&#8221;default&#8221; bg_image_animation=&#8221;none&#8221; border_type=&#8221;simple&#8221; column_border_width=&#8221;none&#8221; column_border_style=&#8221;solid&#8221; column_padding_type=&#8221;default&#8221; gradient_type=&#8221;default&#8221;][vc_custom_heading text=&#8221;Ota yhteytt\u00e4&#8221; font_container=&#8221;tag:h3|text_align:left|color:%23000000&#8243; use_theme_fonts=&#8221;yes&#8221;][divider line_type=&#8221;Small Line&#8221; line_alignment=&#8221;default&#8221; line_thickness=&#8221;4&#8243; divider_color=&#8221;accent-color&#8221; animate=&#8221;yes&#8221; custom_height=&#8221;60&#8243;][vc_column_text]Ota suoraan yhteytt\u00e4 yhteyshenkil\u00f6ihin, niin kerromme mielell\u00e4\u00e4n lis\u00e4\u00e4 toiminnastamme.<\/p>\n<p>Jaoston puheenjohtaja:<\/p>\n<p><strong>Seija Pelkonen<br \/>\n<\/strong><a href=\"mailto:seija.pelkonen@gmail.com\">seija.pelkonen@gmail.com<\/a>[\/vc_column_text][clients columns=&#8221;4&#8243; hover_effect=&#8221;opacity&#8221; additional_padding=&#8221;2&#8243;][client image=&#8221;88&#8243; url_target=&#8221;_blank&#8221; title=&#8221;Client&#8221; id=&#8221;1680087040642-3&#8243; tab_id=&#8221;1680087040642-6&#8243; url=&#8221;https:\/\/www.keilailu.fi\/&#8221;] Click the edit button to add your testimonial. [\/client][client image=&#8221;90&#8243; url_target=&#8221;_blank&#8221; title=&#8221;Client&#8221; id=&#8221;1680087040656-5&#8243; tab_id=&#8221;1680087040656-9&#8243; url=&#8221;https:\/\/www.turunkeilailuliitto.fi\/turun_keilailuliitto&#8221;] Click the edit button to add your testimonial. [\/client][client image=&#8221;91&#8243; url_target=&#8221;_blank&#8221; title=&#8221;Client&#8221; id=&#8221;1680087040664-2&#8243; tab_id=&#8221;1680087040664-10&#8243; url=&#8221;https:\/\/www.kupittaankeilahalli.fi\/&#8221;][\/client][client image=&#8221;92&#8243; url_target=&#8221;_blank&#8221; title=&#8221;Client&#8221; id=&#8221;1680087040668-10&#8243; tab_id=&#8221;1680087040669-4&#8243; url=&#8221;http:\/\/www.turunrengaspalvelu.fi\/&#8221;][\/client][\/clients][\/vc_column][vc_column column_padding=&#8221;no-extra-padding&#8221; column_padding_tablet=&#8221;inherit&#8221; column_padding_phone=&#8221;inherit&#8221; column_padding_position=&#8221;all&#8221; column_element_direction_desktop=&#8221;default&#8221; column_element_spacing=&#8221;default&#8221; desktop_text_alignment=&#8221;default&#8221; tablet_text_alignment=&#8221;default&#8221; phone_text_alignment=&#8221;default&#8221; background_color_opacity=&#8221;1&#8243; background_hover_color_opacity=&#8221;1&#8243; column_backdrop_filter=&#8221;none&#8221; column_shadow=&#8221;none&#8221; column_border_radius=&#8221;none&#8221; column_link_target=&#8221;_self&#8221; column_position=&#8221;default&#8221; gradient_direction=&#8221;left_to_right&#8221; overlay_strength=&#8221;0.3&#8243; width=&#8221;1\/2&#8243; tablet_width_inherit=&#8221;default&#8221; animation_type=&#8221;default&#8221; bg_image_animation=&#8221;none&#8221; border_type=&#8221;simple&#8221; column_border_width=&#8221;none&#8221; column_border_style=&#8221;solid&#8221; column_padding_type=&#8221;default&#8221; gradient_type=&#8221;default&#8221;][vc_raw_html]JTNDaWZyYW1lJTIwc3JjJTNEJTIyaHR0cHMlM0ElMkYlMkZ3d3cuZ29vZ2xlLmNvbSUyRm1hcHMlMkZlbWJlZCUzRnBiJTNEJTIxMW0xNCUyMTFtOCUyMTFtMyUyMTFkMzkzNS43OTk4MDExNDI0NjIlMjEyZDIyLjI5MzAzMiUyMTNkNjAuNDQ2ODY4JTIxM20yJTIxMWkxMDI0JTIxMmk3NjglMjE0ZjEzLjElMjEzbTMlMjExbTIlMjExczB4MCUyNTNBMHhiZDhlNThlZmFkM2FiMmNiJTIxMnNLdXBpdHRhYW4lMjUyMEtlaWxhaGFsbGklMjE1ZTAlMjEzbTIlMjExc2ZpJTIxMnNmaSUyMTR2MTY3MTYzNDkwNjE2MSUyMTVtMiUyMTFzZmklMjEyc2ZpJTIyJTIwd2lkdGglM0QlMjI2MDAlMjIlMjBoZWlnaHQlM0QlMjI0NTAlMjIlMjBzdHlsZSUzRCUyMmJvcmRlciUzQTAlM0IlMjIlMjBhbGxvd2Z1bGxzY3JlZW4lM0QlMjIlMjIlMjBsb2FkaW5nJTNEJTIybGF6eSUyMiUyMHJlZmVycmVycG9saWN5JTNEJTIybm8tcmVmZXJyZXItd2hlbi1kb3duZ3JhZGUlMjIlM0UlM0MlMkZpZnJhbWUlM0U=[\/vc_raw_html][\/vc_column][\/vc_row][vc_row type=&#8221;in_container&#8221; full_screen_row_position=&#8221;middle&#8221; column_margin=&#8221;default&#8221; column_direction=&#8221;default&#8221; column_direction_tablet=&#8221;default&#8221; column_direction_phone=&#8221;default&#8221; scene_position=&#8221;center&#8221; text_color=&#8221;dark&#8221; text_align=&#8221;left&#8221; row_border_radius=&#8221;none&#8221; row_border_radius_applies=&#8221;bg&#8221; overflow=&#8221;visible&#8221; disable_element=&#8221;yes&#8221; overlay_strength=&#8221;0.3&#8243; gradient_direction=&#8221;left_to_right&#8221; shape_divider_position=&#8221;bottom&#8221; bg_image_animation=&#8221;none&#8221; gradient_type=&#8221;default&#8221; shape_type=&#8221;&#8221;][vc_column column_padding=&#8221;no-extra-padding&#8221; column_padding_tablet=&#8221;inherit&#8221; column_padding_phone=&#8221;inherit&#8221; column_padding_position=&#8221;all&#8221; column_element_direction_desktop=&#8221;default&#8221; column_element_spacing=&#8221;default&#8221; desktop_text_alignment=&#8221;default&#8221; tablet_text_alignment=&#8221;default&#8221; phone_text_alignment=&#8221;default&#8221; background_color_opacity=&#8221;1&#8243; background_hover_color_opacity=&#8221;1&#8243; column_backdrop_filter=&#8221;none&#8221; column_shadow=&#8221;none&#8221; column_border_radius=&#8221;none&#8221; column_link_target=&#8221;_self&#8221; column_position=&#8221;default&#8221; gradient_direction=&#8221;left_to_right&#8221; overlay_strength=&#8221;0.3&#8243; width=&#8221;1\/1&#8243; tablet_width_inherit=&#8221;default&#8221; animation_type=&#8221;default&#8221; bg_image_animation=&#8221;none&#8221; border_type=&#8221;simple&#8221; column_border_width=&#8221;none&#8221; column_border_style=&#8221;solid&#8221;][clients columns=&#8221;4&#8243; hover_effect=&#8221;opacity&#8221; additional_padding=&#8221;2&#8243;][client image=&#8221;88&#8243; url_target=&#8221;_blank&#8221; title=&#8221;Client&#8221; id=&#8221;1680087040754-6&#8243; tab_id=&#8221;1680087040755-2&#8243; url=&#8221;https:\/\/www.keilailu.fi\/&#8221;] Click the edit button to add your testimonial. [\/client][client image=&#8221;90&#8243; url_target=&#8221;_blank&#8221; title=&#8221;Client&#8221; id=&#8221;1680087040771-5&#8243; tab_id=&#8221;1680087040772-7&#8243; url=&#8221;https:\/\/www.turunkeilailuliitto.fi\/turun_keilailuliitto&#8221;] Click the edit button to add your testimonial. [\/client][client image=&#8221;91&#8243; url_target=&#8221;_blank&#8221; title=&#8221;Client&#8221; id=&#8221;1680087040780-10&#8243; tab_id=&#8221;1680087040781-0&#8243; url=&#8221;https:\/\/www.kupittaankeilahalli.fi\/&#8221;][\/client][client image=&#8221;92&#8243; url_target=&#8221;_blank&#8221; title=&#8221;Client&#8221; id=&#8221;1680087040790-1&#8243; tab_id=&#8221;1680087040790-1&#8243; url=&#8221;http:\/\/www.turunrengaspalvelu.fi\/&#8221;][\/client][\/clients][\/vc_column][\/vc_row]\n","protected":false},"excerpt":{"rendered":"<p>[vc_row type=&#8221;full_width_background&#8221; full_screen_row_position=&#8221;middle&#8221; column_margin=&#8221;default&#8221; column_direction=&#8221;default&#8221; column_direction_tablet=&#8221;default&#8221; column_direction_phone=&#8221;default&#8221; bg_image=&#8221;22&#8243; bg_position=&#8221;center center&#8221; background_image_loading=&#8221;default&#8221; bg_repeat=&#8221;no-repeat&#8221; scene_position=&#8221;center&#8221; top_padding=&#8221;14%&#8221; bottom_padding=&#8221;9%&#8221; text_color=&#8221;dark&#8221; text_align=&#8221;left&#8221; row_border_radius=&#8221;none&#8221; row_border_radius_applies=&#8221;bg&#8221; overflow=&#8221;visible&#8221; enable_gradient=&#8221;true&#8221; color_overlay=&#8221;#000000&#8243; overlay_strength=&#8221;0.8&#8243; gradient_direction=&#8221;left_to_right&#8221; shape_divider_position=&#8221;bottom&#8221; bg_image_animation=&#8221;none&#8221; gradient_type=&#8221;default&#8221; shape_type=&#8221;&#8221;][vc_column column_padding=&#8221;no-extra-padding&#8221; column_padding_tablet=&#8221;inherit&#8221;&#8230;<\/p>\n","protected":false},"author":1,"featured_media":0,"parent":0,"menu_order":0,"comment_status":"closed","ping_status":"closed","template":"","meta":{"footnotes":""},"class_list":["post-77","page","type-page","status-publish"],"yoast_head":"<!-- This site is optimized with the Yoast SEO plugin v27.3 - https:\/\/yoast.com\/product\/yoast-seo-wordpress\/ -->\n<title>Yhteystiedot - TuUL Keilailu<\/title>\n<meta name=\"description\" content=\"Ota suoraan yhteytt\u00e4 yhteyshenkil\u00f6ihin, niin kerromme mielell\u00e4\u00e4n lis\u00e4\u00e4 toiminnastamme.\" \/>\n<meta name=\"robots\" content=\"index, follow, max-snippet:-1, max-image-preview:large, max-video-preview:-1\" \/>\n<link rel=\"canonical\" href=\"https:\/\/turunurheiluliitto.fi\/keilailu\/yhteystiedot\" \/>\n<meta property=\"og:locale\" content=\"fi_FI\" \/>\n<meta property=\"og:type\" content=\"article\" \/>\n<meta property=\"og:title\" content=\"Yhteystiedot - TuUL Keilailu\" \/>\n<meta property=\"og:description\" content=\"Ota suoraan yhteytt\u00e4 yhteyshenkil\u00f6ihin, niin kerromme mielell\u00e4\u00e4n lis\u00e4\u00e4 toiminnastamme.\" \/>\n<meta property=\"og:url\" content=\"https:\/\/turunurheiluliitto.fi\/keilailu\/yhteystiedot\" \/>\n<meta property=\"og:site_name\" content=\"TuUL Keilailu\" \/>\n<meta property=\"article:modified_time\" content=\"2023-03-29T10:51:02+00:00\" \/>\n<meta name=\"twitter:card\" content=\"summary_large_image\" \/>\n<meta name=\"twitter:label1\" content=\"Arvioitu lukuaika\" \/>\n\t<meta name=\"twitter:data1\" content=\"2 minuuttia\" \/>\n<script type=\"application\/ld+json\" class=\"yoast-schema-graph\">{\"@context\":\"https:\\\/\\\/schema.org\",\"@graph\":[{\"@type\":\"WebPage\",\"@id\":\"https:\\\/\\\/turunurheiluliitto.fi\\\/keilailu\\\/yhteystiedot\",\"url\":\"https:\\\/\\\/turunurheiluliitto.fi\\\/keilailu\\\/yhteystiedot\",\"name\":\"Yhteystiedot - TuUL Keilailu\",\"isPartOf\":{\"@id\":\"https:\\\/\\\/turunurheiluliitto.fi\\\/keilailu\\\/#website\"},\"datePublished\":\"2022-12-21T15:03:10+00:00\",\"dateModified\":\"2023-03-29T10:51:02+00:00\",\"description\":\"Ota suoraan yhteytt\u00e4 yhteyshenkil\u00f6ihin, niin kerromme mielell\u00e4\u00e4n lis\u00e4\u00e4 toiminnastamme.\",\"breadcrumb\":{\"@id\":\"https:\\\/\\\/turunurheiluliitto.fi\\\/keilailu\\\/yhteystiedot#breadcrumb\"},\"inLanguage\":\"fi\",\"potentialAction\":[{\"@type\":\"ReadAction\",\"target\":[\"https:\\\/\\\/turunurheiluliitto.fi\\\/keilailu\\\/yhteystiedot\"]}]},{\"@type\":\"BreadcrumbList\",\"@id\":\"https:\\\/\\\/turunurheiluliitto.fi\\\/keilailu\\\/yhteystiedot#breadcrumb\",\"itemListElement\":[{\"@type\":\"ListItem\",\"position\":1,\"name\":\"Etusivu\",\"item\":\"https:\\\/\\\/turunurheiluliitto.fi\\\/keilailu\\\/\"},{\"@type\":\"ListItem\",\"position\":2,\"name\":\"Yhteystiedot\"}]},{\"@type\":\"WebSite\",\"@id\":\"https:\\\/\\\/turunurheiluliitto.fi\\\/keilailu\\\/#website\",\"url\":\"https:\\\/\\\/turunurheiluliitto.fi\\\/keilailu\\\/\",\"name\":\"TuUL Keilailu\",\"description\":\"Turun Urheiluliitto Keilailu\",\"potentialAction\":[{\"@type\":\"SearchAction\",\"target\":{\"@type\":\"EntryPoint\",\"urlTemplate\":\"https:\\\/\\\/turunurheiluliitto.fi\\\/keilailu\\\/?s={search_term_string}\"},\"query-input\":{\"@type\":\"PropertyValueSpecification\",\"valueRequired\":true,\"valueName\":\"search_term_string\"}}],\"inLanguage\":\"fi\"}]}<\/script>\n<!-- \/ Yoast SEO plugin. -->","yoast_head_json":{"title":"Yhteystiedot - TuUL Keilailu","description":"Ota suoraan yhteytt\u00e4 yhteyshenkil\u00f6ihin, niin kerromme mielell\u00e4\u00e4n lis\u00e4\u00e4 toiminnastamme.","robots":{"index":"index","follow":"follow","max-snippet":"max-snippet:-1","max-image-preview":"max-image-preview:large","max-video-preview":"max-video-preview:-1"},"canonical":"https:\/\/turunurheiluliitto.fi\/keilailu\/yhteystiedot","og_locale":"fi_FI","og_type":"article","og_title":"Yhteystiedot - TuUL Keilailu","og_description":"Ota suoraan yhteytt\u00e4 yhteyshenkil\u00f6ihin, niin kerromme mielell\u00e4\u00e4n lis\u00e4\u00e4 toiminnastamme.","og_url":"https:\/\/turunurheiluliitto.fi\/keilailu\/yhteystiedot","og_site_name":"TuUL Keilailu","article_modified_time":"2023-03-29T10:51:02+00:00","twitter_card":"summary_large_image","twitter_misc":{"Arvioitu lukuaika":"2 minuuttia"},"schema":{"@context":"https:\/\/schema.org","@graph":[{"@type":"WebPage","@id":"https:\/\/turunurheiluliitto.fi\/keilailu\/yhteystiedot","url":"https:\/\/turunurheiluliitto.fi\/keilailu\/yhteystiedot","name":"Yhteystiedot - TuUL Keilailu","isPartOf":{"@id":"https:\/\/turunurheiluliitto.fi\/keilailu\/#website"},"datePublished":"2022-12-21T15:03:10+00:00","dateModified":"2023-03-29T10:51:02+00:00","description":"Ota suoraan yhteytt\u00e4 yhteyshenkil\u00f6ihin, niin kerromme mielell\u00e4\u00e4n lis\u00e4\u00e4 toiminnastamme.","breadcrumb":{"@id":"https:\/\/turunurheiluliitto.fi\/keilailu\/yhteystiedot#breadcrumb"},"inLanguage":"fi","potentialAction":[{"@type":"ReadAction","target":["https:\/\/turunurheiluliitto.fi\/keilailu\/yhteystiedot"]}]},{"@type":"BreadcrumbList","@id":"https:\/\/turunurheiluliitto.fi\/keilailu\/yhteystiedot#breadcrumb","itemListElement":[{"@type":"ListItem","position":1,"name":"Etusivu","item":"https:\/\/turunurheiluliitto.fi\/keilailu\/"},{"@type":"ListItem","position":2,"name":"Yhteystiedot"}]},{"@type":"WebSite","@id":"https:\/\/turunurheiluliitto.fi\/keilailu\/#website","url":"https:\/\/turunurheiluliitto.fi\/keilailu\/","name":"TuUL Keilailu","description":"Turun Urheiluliitto Keilailu","potentialAction":[{"@type":"SearchAction","target":{"@type":"EntryPoint","urlTemplate":"https:\/\/turunurheiluliitto.fi\/keilailu\/?s={search_term_string}"},"query-input":{"@type":"PropertyValueSpecification","valueRequired":true,"valueName":"search_term_string"}}],"inLanguage":"fi"}]}},"_links":{"self":[{"href":"https:\/\/turunurheiluliitto.fi\/keilailu\/wp-json\/wp\/v2\/pages\/77","targetHints":{"allow":["GET"]}}],"collection":[{"href":"https:\/\/turunurheiluliitto.fi\/keilailu\/wp-json\/wp\/v2\/pages"}],"about":[{"href":"https:\/\/turunurheiluliitto.fi\/keilailu\/wp-json\/wp\/v2\/types\/page"}],"author":[{"embeddable":true,"href":"https:\/\/turunurheiluliitto.fi\/keilailu\/wp-json\/wp\/v2\/users\/1"}],"replies":[{"embeddable":true,"href":"https:\/\/turunurheiluliitto.fi\/keilailu\/wp-json\/wp\/v2\/comments?post=77"}],"version-history":[{"count":5,"href":"https:\/\/turunurheiluliitto.fi\/keilailu\/wp-json\/wp\/v2\/pages\/77\/revisions"}],"predecessor-version":[{"id":124,"href":"https:\/\/turunurheiluliitto.fi\/keilailu\/wp-json\/wp\/v2\/pages\/77\/revisions\/124"}],"wp:attachment":[{"href":"https:\/\/turunurheiluliitto.fi\/keilailu\/wp-json\/wp\/v2\/media?parent=77"}],"curies":[{"name":"wp","href":"https:\/\/api.w.org\/{rel}","templated":true}]}}